{"id":109,"date":"2025-01-27T14:52:16","date_gmt":"2025-01-27T14:52:16","guid":{"rendered":"https:\/\/motorcycle.funpunk.ch\/?page_id=109"},"modified":"2025-05-10T09:45:13","modified_gmt":"2025-05-10T09:45:13","slug":"parts","status":"publish","type":"page","link":"https:\/\/motorcycle.funpunk.ch\/en\/parts\/","title":{"rendered":"Parts"},"content":{"rendered":"<p>Wir verf\u00fcgen \u00fcber ein&nbsp;grosses Angebot&nbsp;an&nbsp;klassischen Motorr\u00e4der. Was Sie bei uns nicht finden k\u00f6nnen wir vielleicht f\u00fcr Sie suchen.<\/p><p>Die Firma L\u00fcchinger Classic Motors AG besteht seit 1966.&nbsp;Wir haben&nbsp;eine sehr grosse Kundschaft, vielleicht steht das Gesuchte&nbsp;in unserem Kundenkreis oder bei uns und ist zu verkaufen.<\/p><figure class=\"wp-block-gallery has-nested-images columns-default is-cropped wp-block-gallery-1 is-layout-flex wp-block-gallery-is-layout-flex\"><figure class=\"wp-block-image size-large\"><a href=\"https:\/\/motorcycle.funpunk.ch\/wp-content\/uploads\/2025\/05\/133-3361_IMG.jpg\"><img loading=\"lazy\" decoding=\"async\" width=\"1000\" height=\"750\" data-id=\"330\" src=\"https:\/\/motorcycle.funpunk.ch\/wp-content\/uploads\/2025\/05\/133-3361_IMG.jpg\" alt=\"\" class=\"wp-image-330\" srcset=\"https:\/\/motorcycle.funpunk.ch\/wp-content\/uploads\/2025\/05\/133-3361_IMG.jpg 1000w, https:\/\/motorcycle.funpunk.ch\/wp-content\/uploads\/2025\/05\/133-3361_IMG-300x225.jpg 300w, https:\/\/motorcycle.funpunk.ch\/wp-content\/uploads\/2025\/05\/133-3361_IMG-768x576.jpg 768w, https:\/\/motorcycle.funpunk.ch\/wp-content\/uploads\/2025\/05\/133-3361_IMG-16x12.jpg 16w, https:\/\/motorcycle.funpunk.ch\/wp-content\/uploads\/2025\/05\/133-3361_IMG-600x450.jpg 600w\" sizes=\"auto, (max-width: 1000px) 100vw, 1000px\" \/><\/a><\/figure>\n\n<figure class=\"wp-block-image size-large\"><a href=\"https:\/\/motorcycle.funpunk.ch\/wp-content\/uploads\/2025\/05\/DSC_0448.jpg\"><img loading=\"lazy\" decoding=\"async\" width=\"1000\" height=\"664\" data-id=\"333\" src=\"https:\/\/motorcycle.funpunk.ch\/wp-content\/uploads\/2025\/05\/DSC_0448.jpg\" alt=\"\" class=\"wp-image-333\" srcset=\"https:\/\/motorcycle.funpunk.ch\/wp-content\/uploads\/2025\/05\/DSC_0448.jpg 1000w, https:\/\/motorcycle.funpunk.ch\/wp-content\/uploads\/2025\/05\/DSC_0448-300x199.jpg 300w, https:\/\/motorcycle.funpunk.ch\/wp-content\/uploads\/2025\/05\/DSC_0448-768x510.jpg 768w, https:\/\/motorcycle.funpunk.ch\/wp-content\/uploads\/2025\/05\/DSC_0448-18x12.jpg 18w, https:\/\/motorcycle.funpunk.ch\/wp-content\/uploads\/2025\/05\/DSC_0448-600x398.jpg 600w\" sizes=\"auto, (max-width: 1000px) 100vw, 1000px\" \/><\/a><\/figure>\n\n<figure class=\"wp-block-image size-large\"><a href=\"https:\/\/motorcycle.funpunk.ch\/wp-content\/uploads\/2025\/05\/DSC_0456.jpg\"><img loading=\"lazy\" decoding=\"async\" width=\"1000\" height=\"664\" data-id=\"341\" src=\"https:\/\/motorcycle.funpunk.ch\/wp-content\/uploads\/2025\/05\/DSC_0456.jpg\" alt=\"\" class=\"wp-image-341\" srcset=\"https:\/\/motorcycle.funpunk.ch\/wp-content\/uploads\/2025\/05\/DSC_0456.jpg 1000w, https:\/\/motorcycle.funpunk.ch\/wp-content\/uploads\/2025\/05\/DSC_0456-300x199.jpg 300w, https:\/\/motorcycle.funpunk.ch\/wp-content\/uploads\/2025\/05\/DSC_0456-768x510.jpg 768w, https:\/\/motorcycle.funpunk.ch\/wp-content\/uploads\/2025\/05\/DSC_0456-18x12.jpg 18w, https:\/\/motorcycle.funpunk.ch\/wp-content\/uploads\/2025\/05\/DSC_0456-600x398.jpg 600w\" sizes=\"auto, (max-width: 1000px) 100vw, 1000px\" \/><\/a><\/figure>\n\n<figure class=\"wp-block-image size-large\"><a href=\"https:\/\/motorcycle.funpunk.ch\/wp-content\/uploads\/2025\/05\/DSC_0461.jpg\"><img loading=\"lazy\" decoding=\"async\" width=\"1000\" height=\"664\" data-id=\"338\" src=\"https:\/\/motorcycle.funpunk.ch\/wp-content\/uploads\/2025\/05\/DSC_0461.jpg\" alt=\"\" class=\"wp-image-338\" srcset=\"https:\/\/motorcycle.funpunk.ch\/wp-content\/uploads\/2025\/05\/DSC_0461.jpg 1000w, https:\/\/motorcycle.funpunk.ch\/wp-content\/uploads\/2025\/05\/DSC_0461-300x199.jpg 300w, https:\/\/motorcycle.funpunk.ch\/wp-content\/uploads\/2025\/05\/DSC_0461-768x510.jpg 768w, https:\/\/motorcycle.funpunk.ch\/wp-content\/uploads\/2025\/05\/DSC_0461-18x12.jpg 18w, https:\/\/motorcycle.funpunk.ch\/wp-content\/uploads\/2025\/05\/DSC_0461-600x398.jpg 600w\" sizes=\"auto, (max-width: 1000px) 100vw, 1000px\" \/><\/a><\/figure>\n\n<figure class=\"wp-block-image size-large\"><a href=\"https:\/\/motorcycle.funpunk.ch\/wp-content\/uploads\/2025\/05\/DSC_0463.jpg\"><img loading=\"lazy\" decoding=\"async\" width=\"1000\" height=\"664\" data-id=\"332\" src=\"https:\/\/motorcycle.funpunk.ch\/wp-content\/uploads\/2025\/05\/DSC_0463.jpg\" alt=\"\" class=\"wp-image-332\" srcset=\"https:\/\/motorcycle.funpunk.ch\/wp-content\/uploads\/2025\/05\/DSC_0463.jpg 1000w, https:\/\/motorcycle.funpunk.ch\/wp-content\/uploads\/2025\/05\/DSC_0463-300x199.jpg 300w, https:\/\/motorcycle.funpunk.ch\/wp-content\/uploads\/2025\/05\/DSC_0463-768x510.jpg 768w, https:\/\/motorcycle.funpunk.ch\/wp-content\/uploads\/2025\/05\/DSC_0463-18x12.jpg 18w, https:\/\/motorcycle.funpunk.ch\/wp-content\/uploads\/2025\/05\/DSC_0463-600x398.jpg 600w\" sizes=\"auto, (max-width: 1000px) 100vw, 1000px\" \/><\/a><\/figure>\n\n<figure class=\"wp-block-image size-large\"><a href=\"https:\/\/motorcycle.funpunk.ch\/wp-content\/uploads\/2025\/05\/DSC_0484.jpg\"><img loading=\"lazy\" decoding=\"async\" width=\"1000\" height=\"664\" data-id=\"340\" src=\"https:\/\/motorcycle.funpunk.ch\/wp-content\/uploads\/2025\/05\/DSC_0484.jpg\" alt=\"\" class=\"wp-image-340\" srcset=\"https:\/\/motorcycle.funpunk.ch\/wp-content\/uploads\/2025\/05\/DSC_0484.jpg 1000w, https:\/\/motorcycle.funpunk.ch\/wp-content\/uploads\/2025\/05\/DSC_0484-300x199.jpg 300w, https:\/\/motorcycle.funpunk.ch\/wp-content\/uploads\/2025\/05\/DSC_0484-768x510.jpg 768w, https:\/\/motorcycle.funpunk.ch\/wp-content\/uploads\/2025\/05\/DSC_0484-18x12.jpg 18w, https:\/\/motorcycle.funpunk.ch\/wp-content\/uploads\/2025\/05\/DSC_0484-600x398.jpg 600w\" sizes=\"auto, (max-width: 1000px) 100vw, 1000px\" \/><\/a><\/figure>\n\n<figure class=\"wp-block-image size-large\"><a href=\"https:\/\/motorcycle.funpunk.ch\/wp-content\/uploads\/2025\/05\/DSC_0499.jpg\"><img loading=\"lazy\" decoding=\"async\" width=\"1000\" height=\"664\" data-id=\"343\" src=\"https:\/\/motorcycle.funpunk.ch\/wp-content\/uploads\/2025\/05\/DSC_0499.jpg\" alt=\"\" class=\"wp-image-343\" srcset=\"https:\/\/motorcycle.funpunk.ch\/wp-content\/uploads\/2025\/05\/DSC_0499.jpg 1000w, https:\/\/motorcycle.funpunk.ch\/wp-content\/uploads\/2025\/05\/DSC_0499-300x199.jpg 300w, https:\/\/motorcycle.funpunk.ch\/wp-content\/uploads\/2025\/05\/DSC_0499-768x510.jpg 768w, https:\/\/motorcycle.funpunk.ch\/wp-content\/uploads\/2025\/05\/DSC_0499-18x12.jpg 18w, https:\/\/motorcycle.funpunk.ch\/wp-content\/uploads\/2025\/05\/DSC_0499-600x398.jpg 600w\" sizes=\"auto, (max-width: 1000px) 100vw, 1000px\" \/><\/a><\/figure>\n\n<figure class=\"wp-block-image size-large\"><a href=\"https:\/\/motorcycle.funpunk.ch\/wp-content\/uploads\/2025\/05\/DSC_0648.jpg\"><img loading=\"lazy\" decoding=\"async\" width=\"1000\" height=\"664\" data-id=\"342\" src=\"https:\/\/motorcycle.funpunk.ch\/wp-content\/uploads\/2025\/05\/DSC_0648.jpg\" alt=\"\" class=\"wp-image-342\" srcset=\"https:\/\/motorcycle.funpunk.ch\/wp-content\/uploads\/2025\/05\/DSC_0648.jpg 1000w, https:\/\/motorcycle.funpunk.ch\/wp-content\/uploads\/2025\/05\/DSC_0648-300x199.jpg 300w, https:\/\/motorcycle.funpunk.ch\/wp-content\/uploads\/2025\/05\/DSC_0648-768x510.jpg 768w, https:\/\/motorcycle.funpunk.ch\/wp-content\/uploads\/2025\/05\/DSC_0648-18x12.jpg 18w, https:\/\/motorcycle.funpunk.ch\/wp-content\/uploads\/2025\/05\/DSC_0648-600x398.jpg 600w\" sizes=\"auto, (max-width: 1000px) 100vw, 1000px\" \/><\/a><\/figure>\n\n<figure class=\"wp-block-image size-large\"><a href=\"https:\/\/motorcycle.funpunk.ch\/wp-content\/uploads\/2025\/05\/DSC_0651.jpg\"><img loading=\"lazy\" decoding=\"async\" width=\"1000\" height=\"664\" data-id=\"336\" src=\"https:\/\/motorcycle.funpunk.ch\/wp-content\/uploads\/2025\/05\/DSC_0651.jpg\" alt=\"\" class=\"wp-image-336\" srcset=\"https:\/\/motorcycle.funpunk.ch\/wp-content\/uploads\/2025\/05\/DSC_0651.jpg 1000w, https:\/\/motorcycle.funpunk.ch\/wp-content\/uploads\/2025\/05\/DSC_0651-300x199.jpg 300w, https:\/\/motorcycle.funpunk.ch\/wp-content\/uploads\/2025\/05\/DSC_0651-768x510.jpg 768w, https:\/\/motorcycle.funpunk.ch\/wp-content\/uploads\/2025\/05\/DSC_0651-18x12.jpg 18w, https:\/\/motorcycle.funpunk.ch\/wp-content\/uploads\/2025\/05\/DSC_0651-600x398.jpg 600w\" sizes=\"auto, (max-width: 1000px) 100vw, 1000px\" \/><\/a><\/figure>\n\n<figure class=\"wp-block-image size-large\"><a href=\"https:\/\/motorcycle.funpunk.ch\/wp-content\/uploads\/2025\/05\/DSC_4237.jpg\"><img loading=\"lazy\" decoding=\"async\" width=\"1000\" height=\"664\" data-id=\"337\" src=\"https:\/\/motorcycle.funpunk.ch\/wp-content\/uploads\/2025\/05\/DSC_4237.jpg\" alt=\"\" class=\"wp-image-337\" srcset=\"https:\/\/motorcycle.funpunk.ch\/wp-content\/uploads\/2025\/05\/DSC_4237.jpg 1000w, https:\/\/motorcycle.funpunk.ch\/wp-content\/uploads\/2025\/05\/DSC_4237-300x199.jpg 300w, https:\/\/motorcycle.funpunk.ch\/wp-content\/uploads\/2025\/05\/DSC_4237-768x510.jpg 768w, https:\/\/motorcycle.funpunk.ch\/wp-content\/uploads\/2025\/05\/DSC_4237-18x12.jpg 18w, https:\/\/motorcycle.funpunk.ch\/wp-content\/uploads\/2025\/05\/DSC_4237-600x398.jpg 600w\" sizes=\"auto, (max-width: 1000px) 100vw, 1000px\" \/><\/a><\/figure>\n\n<figure class=\"wp-block-image size-large\"><a href=\"https:\/\/motorcycle.funpunk.ch\/wp-content\/uploads\/2025\/05\/DSC_4245.jpg\"><img loading=\"lazy\" decoding=\"async\" width=\"1000\" height=\"664\" data-id=\"344\" src=\"https:\/\/motorcycle.funpunk.ch\/wp-content\/uploads\/2025\/05\/DSC_4245.jpg\" alt=\"\" class=\"wp-image-344\" srcset=\"https:\/\/motorcycle.funpunk.ch\/wp-content\/uploads\/2025\/05\/DSC_4245.jpg 1000w, https:\/\/motorcycle.funpunk.ch\/wp-content\/uploads\/2025\/05\/DSC_4245-300x199.jpg 300w, https:\/\/motorcycle.funpunk.ch\/wp-content\/uploads\/2025\/05\/DSC_4245-768x510.jpg 768w, https:\/\/motorcycle.funpunk.ch\/wp-content\/uploads\/2025\/05\/DSC_4245-18x12.jpg 18w, https:\/\/motorcycle.funpunk.ch\/wp-content\/uploads\/2025\/05\/DSC_4245-600x398.jpg 600w\" sizes=\"auto, (max-width: 1000px) 100vw, 1000px\" \/><\/a><\/figure>\n\n<figure class=\"wp-block-image size-large\"><a href=\"https:\/\/motorcycle.funpunk.ch\/wp-content\/uploads\/2025\/05\/DSC_4255.jpg\"><img loading=\"lazy\" decoding=\"async\" width=\"1000\" height=\"664\" data-id=\"339\" src=\"https:\/\/motorcycle.funpunk.ch\/wp-content\/uploads\/2025\/05\/DSC_4255.jpg\" alt=\"\" class=\"wp-image-339\" srcset=\"https:\/\/motorcycle.funpunk.ch\/wp-content\/uploads\/2025\/05\/DSC_4255.jpg 1000w, https:\/\/motorcycle.funpunk.ch\/wp-content\/uploads\/2025\/05\/DSC_4255-300x199.jpg 300w, https:\/\/motorcycle.funpunk.ch\/wp-content\/uploads\/2025\/05\/DSC_4255-768x510.jpg 768w, https:\/\/motorcycle.funpunk.ch\/wp-content\/uploads\/2025\/05\/DSC_4255-18x12.jpg 18w, https:\/\/motorcycle.funpunk.ch\/wp-content\/uploads\/2025\/05\/DSC_4255-600x398.jpg 600w\" sizes=\"auto, (max-width: 1000px) 100vw, 1000px\" \/><\/a><\/figure>\n\n<figure class=\"wp-block-image size-large\"><a href=\"https:\/\/motorcycle.funpunk.ch\/wp-content\/uploads\/2025\/05\/DSC_4270.jpg\"><img loading=\"lazy\" decoding=\"async\" width=\"1000\" height=\"664\" data-id=\"346\" src=\"https:\/\/motorcycle.funpunk.ch\/wp-content\/uploads\/2025\/05\/DSC_4270.jpg\" alt=\"\" class=\"wp-image-346\" srcset=\"https:\/\/motorcycle.funpunk.ch\/wp-content\/uploads\/2025\/05\/DSC_4270.jpg 1000w, https:\/\/motorcycle.funpunk.ch\/wp-content\/uploads\/2025\/05\/DSC_4270-300x199.jpg 300w, https:\/\/motorcycle.funpunk.ch\/wp-content\/uploads\/2025\/05\/DSC_4270-768x510.jpg 768w, https:\/\/motorcycle.funpunk.ch\/wp-content\/uploads\/2025\/05\/DSC_4270-18x12.jpg 18w, https:\/\/motorcycle.funpunk.ch\/wp-content\/uploads\/2025\/05\/DSC_4270-600x398.jpg 600w\" sizes=\"auto, (max-width: 1000px) 100vw, 1000px\" \/><\/a><\/figure>\n\n<figure class=\"wp-block-image size-large\"><a href=\"https:\/\/motorcycle.funpunk.ch\/wp-content\/uploads\/2025\/05\/DSC_4280.jpg\"><img loading=\"lazy\" decoding=\"async\" width=\"1000\" height=\"664\" data-id=\"345\" src=\"https:\/\/motorcycle.funpunk.ch\/wp-content\/uploads\/2025\/05\/DSC_4280.jpg\" alt=\"\" class=\"wp-image-345\" srcset=\"https:\/\/motorcycle.funpunk.ch\/wp-content\/uploads\/2025\/05\/DSC_4280.jpg 1000w, https:\/\/motorcycle.funpunk.ch\/wp-content\/uploads\/2025\/05\/DSC_4280-300x199.jpg 300w, https:\/\/motorcycle.funpunk.ch\/wp-content\/uploads\/2025\/05\/DSC_4280-768x510.jpg 768w, https:\/\/motorcycle.funpunk.ch\/wp-content\/uploads\/2025\/05\/DSC_4280-18x12.jpg 18w, https:\/\/motorcycle.funpunk.ch\/wp-content\/uploads\/2025\/05\/DSC_4280-600x398.jpg 600w\" sizes=\"auto, (max-width: 1000px) 100vw, 1000px\" \/><\/a><\/figure>\n\n<figure class=\"wp-block-image size-large\"><a href=\"https:\/\/motorcycle.funpunk.ch\/wp-content\/uploads\/2025\/05\/IMG_0007.jpg\"><img loading=\"lazy\" decoding=\"async\" width=\"1000\" height=\"750\" data-id=\"347\" src=\"https:\/\/motorcycle.funpunk.ch\/wp-content\/uploads\/2025\/05\/IMG_0007.jpg\" alt=\"\" class=\"wp-image-347\" srcset=\"https:\/\/motorcycle.funpunk.ch\/wp-content\/uploads\/2025\/05\/IMG_0007.jpg 1000w, https:\/\/motorcycle.funpunk.ch\/wp-content\/uploads\/2025\/05\/IMG_0007-300x225.jpg 300w, https:\/\/motorcycle.funpunk.ch\/wp-content\/uploads\/2025\/05\/IMG_0007-768x576.jpg 768w, https:\/\/motorcycle.funpunk.ch\/wp-content\/uploads\/2025\/05\/IMG_0007-16x12.jpg 16w, https:\/\/motorcycle.funpunk.ch\/wp-content\/uploads\/2025\/05\/IMG_0007-600x450.jpg 600w\" sizes=\"auto, (max-width: 1000px) 100vw, 1000px\" \/><\/a><\/figure>\n\n<figure class=\"wp-block-image size-large\"><a href=\"https:\/\/motorcycle.funpunk.ch\/wp-content\/uploads\/2025\/05\/IMG_4960.jpg\"><img loading=\"lazy\" decoding=\"async\" width=\"1000\" height=\"750\" data-id=\"335\" src=\"https:\/\/motorcycle.funpunk.ch\/wp-content\/uploads\/2025\/05\/IMG_4960.jpg\" alt=\"\" class=\"wp-image-335\" srcset=\"https:\/\/motorcycle.funpunk.ch\/wp-content\/uploads\/2025\/05\/IMG_4960.jpg 1000w, https:\/\/motorcycle.funpunk.ch\/wp-content\/uploads\/2025\/05\/IMG_4960-300x225.jpg 300w, https:\/\/motorcycle.funpunk.ch\/wp-content\/uploads\/2025\/05\/IMG_4960-768x576.jpg 768w, https:\/\/motorcycle.funpunk.ch\/wp-content\/uploads\/2025\/05\/IMG_4960-16x12.jpg 16w, https:\/\/motorcycle.funpunk.ch\/wp-content\/uploads\/2025\/05\/IMG_4960-600x450.jpg 600w\" sizes=\"auto, (max-width: 1000px) 100vw, 1000px\" \/><\/a><\/figure>\n\n<figure class=\"wp-block-image size-large\"><a href=\"https:\/\/motorcycle.funpunk.ch\/wp-content\/uploads\/2025\/05\/IMG_7159_2.jpg\"><img loading=\"lazy\" decoding=\"async\" width=\"1000\" height=\"750\" data-id=\"334\" src=\"https:\/\/motorcycle.funpunk.ch\/wp-content\/uploads\/2025\/05\/IMG_7159_2.jpg\" alt=\"\" class=\"wp-image-334\" srcset=\"https:\/\/motorcycle.funpunk.ch\/wp-content\/uploads\/2025\/05\/IMG_7159_2.jpg 1000w, https:\/\/motorcycle.funpunk.ch\/wp-content\/uploads\/2025\/05\/IMG_7159_2-300x225.jpg 300w, https:\/\/motorcycle.funpunk.ch\/wp-content\/uploads\/2025\/05\/IMG_7159_2-768x576.jpg 768w, https:\/\/motorcycle.funpunk.ch\/wp-content\/uploads\/2025\/05\/IMG_7159_2-16x12.jpg 16w, https:\/\/motorcycle.funpunk.ch\/wp-content\/uploads\/2025\/05\/IMG_7159_2-600x450.jpg 600w\" sizes=\"auto, (max-width: 1000px) 100vw, 1000px\" \/><\/a><\/figure><\/figure>","protected":false},"excerpt":{"rendered":"<p>Wir verf\u00fcgen \u00fcber ein&nbsp;grosses Angebot&nbsp;an&nbsp;klassischen Motorr\u00e4der. Was Sie bei uns nicht finden k\u00f6nnen wir vielleicht f\u00fcr Sie suchen. Die Firma [&hellip;]<\/p>","protected":false},"author":1,"featured_media":0,"parent":0,"menu_order":0,"comment_status":"closed","ping_status":"closed","template":"","meta":{"_monsterinsights_skip_tracking":false,"_monsterinsights_sitenote_active":false,"_monsterinsights_sitenote_note":"","_monsterinsights_sitenote_category":0,"site-sidebar-layout":"default","site-content-layout":"","ast-site-content-layout":"","site-content-style":"default","site-sidebar-style":"default","ast-global-header-display":"","ast-banner-title-visibility":"","ast-main-header-display":"","ast-hfb-above-header-display":"","ast-hfb-below-header-display":"","ast-hfb-mobile-header-display":"","site-post-title":"","ast-breadcrumbs-content":"","ast-featured-img":"","footer-sml-layout":"","theme-transparent-header-meta":"","adv-header-id-meta":"","stick-header-meta":"","header-above-stick-meta":"","header-main-stick-meta":"","header-below-stick-meta":"","astra-migrate-meta-layouts":"default","ast-page-background-enabled":"default","ast-page-background-meta":{"desktop":{"background-color":"var(--ast-global-color-5)","background-image":"","background-repeat":"repeat","background-position":"center center","background-size":"auto","background-attachment":"scroll","background-type":"","background-media":"","overlay-type":"","overlay-color":"","overlay-opacity":"","overlay-gradient":""},"tablet":{"background-color":"","background-image":"","background-repeat":"repeat","background-position":"center center","background-size":"auto","background-attachment":"scroll","background-type":"","background-media":"","overlay-type":"","overlay-color":"","overlay-opacity":"","overlay-gradient":""},"mobile":{"background-color":"","background-image":"","background-repeat":"repeat","background-position":"center center","background-size":"auto","background-attachment":"scroll","background-type":"","background-media":"","overlay-type":"","overlay-color":"","overlay-opacity":"","overlay-gradient":""}},"ast-content-background-meta":{"desktop":{"background-color":"var(--ast-global-color-4)","background-image":"","background-repeat":"repeat","background-position":"center center","background-size":"auto","background-attachment":"scroll","background-type":"","background-media":"","overlay-type":"","overlay-color":"","overlay-opacity":"","overlay-gradient":""},"tablet":{"background-color":"var(--ast-global-color-4)","background-image":"","background-repeat":"repeat","background-position":"center center","background-size":"auto","background-attachment":"scroll","background-type":"","background-media":"","overlay-type":"","overlay-color":"","overlay-opacity":"","overlay-gradient":""},"mobile":{"background-color":"var(--ast-global-color-4)","background-image":"","background-repeat":"repeat","background-position":"center center","background-size":"auto","background-attachment":"scroll","background-type":"","background-media":"","overlay-type":"","overlay-color":"","overlay-opacity":"","overlay-gradient":""}},"ngg_post_thumbnail":0,"footnotes":""},"class_list":["post-109","page","type-page","status-publish","hentry"],"_links":{"self":[{"href":"https:\/\/motorcycle.funpunk.ch\/en\/wp-json\/wp\/v2\/pages\/109","targetHints":{"allow":["GET"]}}],"collection":[{"href":"https:\/\/motorcycle.funpunk.ch\/en\/wp-json\/wp\/v2\/pages"}],"about":[{"href":"https:\/\/motorcycle.funpunk.ch\/en\/wp-json\/wp\/v2\/types\/page"}],"author":[{"embeddable":true,"href":"https:\/\/motorcycle.funpunk.ch\/en\/wp-json\/wp\/v2\/users\/1"}],"replies":[{"embeddable":true,"href":"https:\/\/motorcycle.funpunk.ch\/en\/wp-json\/wp\/v2\/comments?post=109"}],"version-history":[{"count":3,"href":"https:\/\/motorcycle.funpunk.ch\/en\/wp-json\/wp\/v2\/pages\/109\/revisions"}],"predecessor-version":[{"id":351,"href":"https:\/\/motorcycle.funpunk.ch\/en\/wp-json\/wp\/v2\/pages\/109\/revisions\/351"}],"wp:attachment":[{"href":"https:\/\/motorcycle.funpunk.ch\/en\/wp-json\/wp\/v2\/media?parent=109"}],"curies":[{"name":"wp","href":"https:\/\/api.w.org\/{rel}","templated":true}]}}