{"id":1112,"date":"2025-06-23T10:16:52","date_gmt":"2025-06-23T10:16:52","guid":{"rendered":"https:\/\/motorcycle.funpunk.ch\/?page_id=1112"},"modified":"2025-06-24T09:09:40","modified_gmt":"2025-06-24T09:09:40","slug":"ueber-uns","status":"publish","type":"page","link":"https:\/\/motorcycle.funpunk.ch\/en\/ueber-uns\/","title":{"rendered":"\u00dcber uns"},"content":{"rendered":"<h4 class=\"wp-block-heading\">One of the largest Classic Indian Dealer in Europe doing business since 1966<\/h4><div class=\"wp-block-envira-envira-gallery\"><div id=\"envira-gallery-wrap-1133\" class=\"envira-gallery-wrap envira-gallery-theme-base envira-lightbox-theme-base\" itemscope itemtype=\"https:\/\/schema.org\/ImageGallery\"><div data-row-height=\"\" data-gallery-theme=\"\" id=\"envira-gallery-1133\" class=\"envira-gallery-public  envira-gallery-3-columns envira-clear enviratope envira-gallery-css-animations\" data-envira-columns=\"3\"><div id=\"envira-gallery-item-1116\" class=\"envira-gallery-item enviratope-item envira-gallery-item-1 envira-lazy-load\" style=\"padding-left: 1px; padding-bottom: 1px; padding-right: 1px;\"  itemscope itemtype=\"https:\/\/schema.org\/ImageObject\"><div class=\"envira-gallery-item-inner\"><div class=\"envira-gallery-position-overlay  envira-gallery-top-left\"><\/div><div class=\"envira-gallery-position-overlay  envira-gallery-top-right\"><\/div><div class=\"envira-gallery-position-overlay  envira-gallery-bottom-left\"><\/div><div class=\"envira-gallery-position-overlay  envira-gallery-bottom-right\"><\/div><a href=\"https:\/\/motorcycle.funpunk.ch\/wp-content\/uploads\/2025\/06\/Alex-1.jpg\" class=\"envira-gallery-1133 envira-gallery-link\" rel=\"enviragallery1133\" title=\"Alex L&uuml;chinger Owner\" data-envira-caption=\"Alex L&uuml;chinger Owner\" data-envira-retina=\"\" data-thumbnail=\"\"  itemprop=\"contentUrl\"><div class=\"envira-lazy\" data-test-width=\"640\" data-test-height=\"480\" style=\"padding-bottom:75%;\"><img decoding=\"async\" id=\"envira-gallery-image-1116\" class=\"envira-gallery-image envira-gallery-image-1\" data-envira-index=\"1\" src=\"https:\/\/motorcycle.funpunk.ch\/wp-content\/uploads\/2025\/06\/Alex-1.jpg\" data-envira-src=\"https:\/\/motorcycle.funpunk.ch\/wp-content\/uploads\/2025\/06\/Alex-1.jpg\" data-envira-gallery-id=\"1133\" data-envira-item-id=\"1116\" data-envira-caption=\"Alex L&uuml;chinger Owner\" alt=\"Alex L\u00fcchinger Owner\" title=\"Alex L&amp;uuml;chinger Owner\"  itemprop=\"thumbnailUrl\" data-envira-srcset=\"https:\/\/motorcycle.funpunk.ch\/wp-content\/uploads\/2025\/06\/Alex-1.jpg 400w,https:\/\/motorcycle.funpunk.ch\/wp-content\/uploads\/2025\/06\/Alex-1.jpg 2x\" srcset=\"data:image\/gif;base64,R0lGODlhAQABAIAAAP\/\/\/\/\/\/\/yH5BAEKAAEALAAAAAABAAEAAAICTAEAOw==\" \/><\/div><\/a><\/div><\/div><div id=\"envira-gallery-item-1117\" class=\"envira-gallery-item enviratope-item envira-gallery-item-2 envira-lazy-load\" style=\"padding-left: 1px; padding-bottom: 1px; padding-right: 1px;\"  itemscope itemtype=\"https:\/\/schema.org\/ImageObject\"><div class=\"envira-gallery-item-inner\"><div class=\"envira-gallery-position-overlay  envira-gallery-top-left\"><\/div><div class=\"envira-gallery-position-overlay  envira-gallery-top-right\"><\/div><div class=\"envira-gallery-position-overlay  envira-gallery-bottom-left\"><\/div><div class=\"envira-gallery-position-overlay  envira-gallery-bottom-right\"><\/div><a href=\"https:\/\/motorcycle.funpunk.ch\/wp-content\/uploads\/2025\/06\/marlene-luechinger.jpg\" class=\"envira-gallery-1133 envira-gallery-link\" rel=\"enviragallery1133\" title=\"Marlene L&uuml;chinger Office\" data-envira-caption=\"Marlene L&uuml;chinger Office\" data-envira-retina=\"\" data-thumbnail=\"\"  itemprop=\"contentUrl\"><div class=\"envira-lazy\" data-test-width=\"640\" data-test-height=\"480\" style=\"padding-bottom:75%;\"><img decoding=\"async\" id=\"envira-gallery-image-1117\" class=\"envira-gallery-image envira-gallery-image-2\" data-envira-index=\"2\" src=\"https:\/\/motorcycle.funpunk.ch\/wp-content\/uploads\/2025\/06\/marlene-luechinger.jpg\" data-envira-src=\"https:\/\/motorcycle.funpunk.ch\/wp-content\/uploads\/2025\/06\/marlene-luechinger.jpg\" data-envira-gallery-id=\"1133\" data-envira-item-id=\"1117\" data-envira-caption=\"Marlene L&uuml;chinger Office\" alt=\"Marlene L\u00fcchinger Office\" title=\"Marlene L&amp;uuml;chinger Office\"  itemprop=\"thumbnailUrl\" data-envira-srcset=\"https:\/\/motorcycle.funpunk.ch\/wp-content\/uploads\/2025\/06\/marlene-luechinger.jpg 400w,https:\/\/motorcycle.funpunk.ch\/wp-content\/uploads\/2025\/06\/marlene-luechinger.jpg 2x\" srcset=\"data:image\/gif;base64,R0lGODlhAQABAIAAAP\/\/\/\/\/\/\/yH5BAEKAAEALAAAAAABAAEAAAICTAEAOw==\" \/><\/div><\/a><\/div><\/div><div id=\"envira-gallery-item-1118\" class=\"envira-gallery-item enviratope-item envira-gallery-item-3 envira-lazy-load\" style=\"padding-left: 1px; padding-bottom: 1px; padding-right: 1px;\"  itemscope itemtype=\"https:\/\/schema.org\/ImageObject\"><div class=\"envira-gallery-item-inner\"><div class=\"envira-gallery-position-overlay  envira-gallery-top-left\"><\/div><div class=\"envira-gallery-position-overlay  envira-gallery-top-right\"><\/div><div class=\"envira-gallery-position-overlay  envira-gallery-bottom-left\"><\/div><div class=\"envira-gallery-position-overlay  envira-gallery-bottom-right\"><\/div><a href=\"https:\/\/motorcycle.funpunk.ch\/wp-content\/uploads\/2025\/06\/hanspeter-schafroth.jpg\" class=\"envira-gallery-1133 envira-gallery-link\" rel=\"enviragallery1133\" title=\"Hanspeter Schafroth Head Mechanic\" data-envira-caption=\"Hanspeter Schafroth Head Mechanic\" data-envira-retina=\"\" data-thumbnail=\"\"  itemprop=\"contentUrl\"><div class=\"envira-lazy\" data-test-width=\"640\" data-test-height=\"480\" style=\"padding-bottom:75%;\"><img decoding=\"async\" id=\"envira-gallery-image-1118\" class=\"envira-gallery-image envira-gallery-image-3\" data-envira-index=\"3\" src=\"https:\/\/motorcycle.funpunk.ch\/wp-content\/uploads\/2025\/06\/hanspeter-schafroth.jpg\" data-envira-src=\"https:\/\/motorcycle.funpunk.ch\/wp-content\/uploads\/2025\/06\/hanspeter-schafroth.jpg\" data-envira-gallery-id=\"1133\" data-envira-item-id=\"1118\" data-envira-caption=\"Hanspeter Schafroth Head Mechanic\" alt=\"Hanspeter Schafroth Head Mechanic\" title=\"Hanspeter Schafroth Head Mechanic\"  itemprop=\"thumbnailUrl\" data-envira-srcset=\"https:\/\/motorcycle.funpunk.ch\/wp-content\/uploads\/2025\/06\/hanspeter-schafroth.jpg 400w,https:\/\/motorcycle.funpunk.ch\/wp-content\/uploads\/2025\/06\/hanspeter-schafroth.jpg 2x\" srcset=\"data:image\/gif;base64,R0lGODlhAQABAIAAAP\/\/\/\/\/\/\/yH5BAEKAAEALAAAAAABAAEAAAICTAEAOw==\" \/><\/div><\/a><\/div><\/div><\/div><\/div><noscript><img decoding=\"async\" src=\"https:\/\/motorcycle.funpunk.ch\/wp-content\/uploads\/2025\/06\/Alex-1.jpg\" alt=\"Alex L\u00fcchinger Owner\" \/><img decoding=\"async\" src=\"https:\/\/motorcycle.funpunk.ch\/wp-content\/uploads\/2025\/06\/marlene-luechinger.jpg\" alt=\"Marlene L\u00fcchinger Office\" \/><img decoding=\"async\" src=\"https:\/\/motorcycle.funpunk.ch\/wp-content\/uploads\/2025\/06\/hanspeter-schafroth.jpg\" alt=\"Hanspeter Schafroth Head Mechanic\" \/><\/noscript><\/div><p><\/p><p><strong>L\u00fcchinger Classic Motors \u2013 Leidenschaft, die bleibt<\/strong><\/p><p>L\u00fcchinger Classic Motors wurde von\u00a0<strong>Alex L\u00fcchinger<\/strong>\u00a01966 gegr\u00fcndet \u2013 einem Mann, dessen Herz seit jeher f\u00fcr klassische Motorr\u00e4der schl\u00e4gt. Was als pers\u00f6nliche Passion begann, entwickelte sich mit viel Engagement, Know-how und Fingerspitzengef\u00fchl zu einer renommierten Adresse f\u00fcr Liebhaber von Old- und Youngtimern auf zwei- und vier R\u00e4dern.<\/p><p><strong>Unser Standort in Nieder\u00f6nz, Schweiz<\/strong>, bildet seit der Gr\u00fcndung das Zentrum unserer T\u00e4tigkeit. Hier verbinden sich Tradition und Technik, Erfahrung und Begeisterung \u2013 mit dem Ziel, Motorr\u00e4der nicht nur zu erhalten, sondern ihnen neues Leben einzuhauchen.<\/p><p>Unsere Spezialit\u00e4t liegt in der Revision,\u00a0<strong>Restauration, Wartung und Veredelung klassischer Motorr\u00e4der<\/strong>\u00a0\u2013 mit besonderem Fokus auf Originalit\u00e4t, technischer Pr\u00e4zision und nachhaltigem Werterhalt. Dabei profitieren unsere Kunden von\u00a0<strong>jahrzehntelanger Erfahrung<\/strong>\u00a0und echter Leidenschaft f\u00fcr jedes Detail.<\/p><p>Die Philosophie von L\u00fcchinger Classic Motors AG ist klar:<\/p><p><strong>Ehrliche Arbeit, fundiertes Wissen, faire Beratung.<\/strong><\/p><p>Wir nehmen uns Zeit f\u00fcr jedes Projekt und jeden Kunden \u2013 denn individuelle L\u00f6sungen brauchen mehr als nur Standardantworten.<\/p><p><strong>Qualit\u00e4t steht bei uns an erster Stelle<\/strong>&nbsp;\u2013 und das darf man sehen, h\u00f6ren und sp\u00fcren. Unsere Arbeit ist kein Massenprodukt, sondern Handwerk mit Seele. Wir streben nicht nach dem niedrigsten Preis, sondern nach dem h\u00f6chsten Anspruch \u2013 und das macht uns aus.<\/p><p>L\u00fcchinger Classic Motors AG \u2013\u00a0<strong>f\u00fcr alle, die nicht nur fahren wollen, sondern f\u00fchlen.<\/strong><\/p>","protected":false},"excerpt":{"rendered":"<p>One of the largest Classic Indian Dealer in Europe doing business since 1966 L\u00fcchinger Classic Motors \u2013 Leidenschaft, die bleibt [&hellip;]<\/p>","protected":false},"author":1,"featured_media":0,"parent":0,"menu_order":0,"comment_status":"closed","ping_status":"closed","template":"","meta":{"_monsterinsights_skip_tracking":false,"_monsterinsights_sitenote_active":false,"_monsterinsights_sitenote_note":"","_monsterinsights_sitenote_category":0,"site-sidebar-layout":"default","site-content-layout":"","ast-site-content-layout":"","site-content-style":"default","site-sidebar-style":"default","ast-global-header-display":"","ast-banner-title-visibility":"","ast-main-header-display":"","ast-hfb-above-header-display":"","ast-hfb-below-header-display":"","ast-hfb-mobile-header-display":"","site-post-title":"","ast-breadcrumbs-content":"","ast-featured-img":"","footer-sml-layout":"","theme-transparent-header-meta":"","adv-header-id-meta":"","stick-header-meta":"","header-above-stick-meta":"","header-main-stick-meta":"","header-below-stick-meta":"","astra-migrate-meta-layouts":"default","ast-page-background-enabled":"default","ast-page-background-meta":{"desktop":{"background-color":"var(--ast-global-color-5)","background-image":"","background-repeat":"repeat","background-position":"center center","background-size":"auto","background-attachment":"scroll","background-type":"","background-media":"","overlay-type":"","overlay-color":"","overlay-opacity":"","overlay-gradient":""},"tablet":{"background-color":"","background-image":"","background-repeat":"repeat","background-position":"center center","background-size":"auto","background-attachment":"scroll","background-type":"","background-media":"","overlay-type":"","overlay-color":"","overlay-opacity":"","overlay-gradient":""},"mobile":{"background-color":"","background-image":"","background-repeat":"repeat","background-position":"center center","background-size":"auto","background-attachment":"scroll","background-type":"","background-media":"","overlay-type":"","overlay-color":"","overlay-opacity":"","overlay-gradient":""}},"ast-content-background-meta":{"desktop":{"background-color":"var(--ast-global-color-4)","background-image":"","background-repeat":"repeat","background-position":"center center","background-size":"auto","background-attachment":"scroll","background-type":"","background-media":"","overlay-type":"","overlay-color":"","overlay-opacity":"","overlay-gradient":""},"tablet":{"background-color":"var(--ast-global-color-4)","background-image":"","background-repeat":"repeat","background-position":"center center","background-size":"auto","background-attachment":"scroll","background-type":"","background-media":"","overlay-type":"","overlay-color":"","overlay-opacity":"","overlay-gradient":""},"mobile":{"background-color":"var(--ast-global-color-4)","background-image":"","background-repeat":"repeat","background-position":"center center","background-size":"auto","background-attachment":"scroll","background-type":"","background-media":"","overlay-type":"","overlay-color":"","overlay-opacity":"","overlay-gradient":""}},"ngg_post_thumbnail":0,"footnotes":""},"class_list":["post-1112","page","type-page","status-publish","hentry"],"_links":{"self":[{"href":"https:\/\/motorcycle.funpunk.ch\/en\/wp-json\/wp\/v2\/pages\/1112","targetHints":{"allow":["GET"]}}],"collection":[{"href":"https:\/\/motorcycle.funpunk.ch\/en\/wp-json\/wp\/v2\/pages"}],"about":[{"href":"https:\/\/motorcycle.funpunk.ch\/en\/wp-json\/wp\/v2\/types\/page"}],"author":[{"embeddable":true,"href":"https:\/\/motorcycle.funpunk.ch\/en\/wp-json\/wp\/v2\/users\/1"}],"replies":[{"embeddable":true,"href":"https:\/\/motorcycle.funpunk.ch\/en\/wp-json\/wp\/v2\/comments?post=1112"}],"version-history":[{"count":14,"href":"https:\/\/motorcycle.funpunk.ch\/en\/wp-json\/wp\/v2\/pages\/1112\/revisions"}],"predecessor-version":[{"id":1171,"href":"https:\/\/motorcycle.funpunk.ch\/en\/wp-json\/wp\/v2\/pages\/1112\/revisions\/1171"}],"wp:attachment":[{"href":"https:\/\/motorcycle.funpunk.ch\/en\/wp-json\/wp\/v2\/media?parent=1112"}],"curies":[{"name":"wp","href":"https:\/\/api.w.org\/{rel}","templated":true}]}}