{"id":1031,"date":"2025-06-12T09:28:54","date_gmt":"2025-06-12T09:28:54","guid":{"rendered":"https:\/\/motorcycle.funpunk.ch\/?post_type=product&#038;p=1031"},"modified":"2025-06-12T09:35:30","modified_gmt":"2025-06-12T09:35:30","slug":"harley-davidson-flathead-u-1937","status":"publish","type":"product","link":"https:\/\/motorcycle.funpunk.ch\/en\/product\/harley-davidson-flathead-u-1937\/","title":{"rendered":"Harley Davidson Flathead U 1937"},"content":{"rendered":"<div class=\"inventar-texte\">\n<div class=\"inventar-texte\">\n<div class=\"inventar-texte\">\n<div class=\"inventar-texte\">\n<div class=\"inventar-texte\">\n<div class=\"inventar-texte\">\n<div class=\"inventar-texte\">\n<div class=\"inventar-texte\">\n<p>Dieses&nbsp;1200 ccm&nbsp;U Modell mit der 1. Inverkehrsetzung in der Schweiz 1937&nbsp;hatte bis jetzt nur gerade eine Besitzerfamilie vor uns.<\/p>\n<p>Die U-Serie l\u00f6ste 1937 die 74 und 80 Kubikinch grossen V-Serienmodelle ab. Die \u00fcberarbeitete Maschine, die ein \u00d6lr\u00fcckf\u00fchrungssystem hatte, wurde in das gleiche Fahrwerk (Doppelrohr Rahmen und neue Federgabel) wie es im Jahr zuvor f\u00fcr die 61 Kubikinch Knucklehead entwickelt und hergestellt wurde, eingebaut. Das Aussehen der anderen Teile, einschliesslich des Tanks und des Fahrwerks, basieren ebenfalls auf der edlen Knucklehead. Die Fans der Seitensteuerung erhielten eine verbesserte Maschine mit 4-Gang Getriebe in einer modern aussehenden Zusammenstellung. Diese grossvolumigen, seitengesteuerten Motoren zeigten sich als besonders geeignet f\u00fcr den Gespanneinsatz, weil sie sehr robust und zuverl\u00e4ssig sind. W\u00e4hrend die 80 Kubikinch Version 1941 langsam auslief, wurde das 74 Kubikinch Modell bis 1948 hergestellt.<\/p>\n<p>Dieser Soziussitz wurde vor allem auf dem europ\u00e4ischen Markt verkauft, da es hier als unanst\u00e4ndig angesehen wurde, die weibliche Begleitperson zu nah, wie auf dem Buddyseat (amerikanischer Doppelsitz) oder auch Elefantenohr genannt, zu bef\u00f6rdern.<\/p>\n<p>Ausgestellt und jederzeit zu besichtigen in unserem Glas Pavillon in 3362 Nieder\u00f6nz. Kaufangebote nehmen wir gerne entgegen. Telefon +41 62 961 0505<\/p>\n<\/div>\n<\/div>\n<\/div>\n<\/div>\n<\/div>\n<\/div>\n<\/div>\n<\/div>","protected":false},"excerpt":{"rendered":"<p>Machen sie ein Angebot \/ Make offer<\/p>\n<p>HARLEY-DAVIDSON Flathead U, 1937, 1200 ccm<\/p>","protected":false},"featured_media":1065,"template":"","meta":{"_monsterinsights_skip_tracking":false,"_monsterinsights_sitenote_active":false,"_monsterinsights_sitenote_note":"","_monsterinsights_sitenote_category":0,"site-sidebar-layout":"default","site-content-layout":"","ast-site-content-layout":"default","site-content-style":"default","site-sidebar-style":"default","ast-global-header-display":"","ast-banner-title-visibility":"","ast-main-header-display":"","ast-hfb-above-header-display":"","ast-hfb-below-header-display":"","ast-hfb-mobile-header-display":"","site-post-title":"","ast-breadcrumbs-content":"","ast-featured-img":"","footer-sml-layout":"","theme-transparent-header-meta":"default","adv-header-id-meta":"","stick-header-meta":"default","header-above-stick-meta":"","header-main-stick-meta":"","header-below-stick-meta":"","astra-migrate-meta-layouts":"set","ast-page-background-enabled":"default","ast-page-background-meta":{"desktop":{"background-color":"var(--ast-global-color-5)","background-image":"","background-repeat":"repeat","background-position":"center center","background-size":"auto","background-attachment":"scroll","background-type":"","background-media":"","overlay-type":"","overlay-color":"","overlay-opacity":"","overlay-gradient":""},"tablet":{"background-color":"","background-image":"","background-repeat":"repeat","background-position":"center center","background-size":"auto","background-attachment":"scroll","background-type":"","background-media":"","overlay-type":"","overlay-color":"","overlay-opacity":"","overlay-gradient":""},"mobile":{"background-color":"","background-image":"","background-repeat":"repeat","background-position":"center center","background-size":"auto","background-attachment":"scroll","background-type":"","background-media":"","overlay-type":"","overlay-color":"","overlay-opacity":"","overlay-gradient":""}},"ast-content-background-meta":{"desktop":{"background-color":"var(--ast-global-color-4)","background-image":"","background-repeat":"repeat","background-position":"center center","background-size":"auto","background-attachment":"scroll","background-type":"","background-media":"","overlay-type":"","overlay-color":"","overlay-opacity":"","overlay-gradient":""},"tablet":{"background-color":"var(--ast-global-color-4)","background-image":"","background-repeat":"repeat","background-position":"center center","background-size":"auto","background-attachment":"scroll","background-type":"","background-media":"","overlay-type":"","overlay-color":"","overlay-opacity":"","overlay-gradient":""},"mobile":{"background-color":"var(--ast-global-color-4)","background-image":"","background-repeat":"repeat","background-position":"center center","background-size":"auto","background-attachment":"scroll","background-type":"","background-media":"","overlay-type":"","overlay-color":"","overlay-opacity":"","overlay-gradient":""}},"ngg_post_thumbnail":0},"pwb-brand":[77],"product_brand":[21],"product_cat":[35,37],"product_tag":[79,45],"class_list":{"0":"post-1031","1":"product","2":"type-product","3":"status-publish","4":"has-post-thumbnail","6":"pwb-brand-harley-davidson","7":"product_brand-harley-davidson","8":"product_cat-angebot","9":"product_cat-harley-davidson","10":"product_tag-flathead","11":"product_tag-harley-davidson","12":"desktop-align-left","13":"tablet-align-left","14":"mobile-align-left","15":"ast-product-gallery-layout-horizontal-slider","16":"ast-product-tabs-layout-distributed","17":"ast-qv-on-image","19":"first","20":"instock","21":"virtual","22":"product-type-simple"},"brands":[{"id":77,"name":"Harley Davidson","slug":"harley-davidson"}],"_links":{"self":[{"href":"https:\/\/motorcycle.funpunk.ch\/en\/wp-json\/wp\/v2\/product\/1031","targetHints":{"allow":["GET"]}}],"collection":[{"href":"https:\/\/motorcycle.funpunk.ch\/en\/wp-json\/wp\/v2\/product"}],"about":[{"href":"https:\/\/motorcycle.funpunk.ch\/en\/wp-json\/wp\/v2\/types\/product"}],"wp:featuredmedia":[{"embeddable":true,"href":"https:\/\/motorcycle.funpunk.ch\/en\/wp-json\/wp\/v2\/media\/1065"}],"wp:attachment":[{"href":"https:\/\/motorcycle.funpunk.ch\/en\/wp-json\/wp\/v2\/media?parent=1031"}],"wp:term":[{"taxonomy":"pwb-brand","embeddable":true,"href":"https:\/\/motorcycle.funpunk.ch\/en\/wp-json\/wp\/v2\/pwb-brand?post=1031"},{"taxonomy":"product_brand","embeddable":true,"href":"https:\/\/motorcycle.funpunk.ch\/en\/wp-json\/wp\/v2\/product_brand?post=1031"},{"taxonomy":"product_cat","embeddable":true,"href":"https:\/\/motorcycle.funpunk.ch\/en\/wp-json\/wp\/v2\/product_cat?post=1031"},{"taxonomy":"product_tag","embeddable":true,"href":"https:\/\/motorcycle.funpunk.ch\/en\/wp-json\/wp\/v2\/product_tag?post=1031"}],"curies":[{"name":"wp","href":"https:\/\/api.w.org\/{rel}","templated":true}]}}