{"id":1077,"date":"2025-06-12T09:53:32","date_gmt":"2025-06-12T09:53:32","guid":{"rendered":"https:\/\/motorcycle.funpunk.ch\/?post_type=product&#038;p=1077"},"modified":"2025-06-19T13:04:19","modified_gmt":"2025-06-19T13:04:19","slug":"harley-davidson-ohv-knucklehead-modell-e-gespann-1947","status":"publish","type":"product","link":"https:\/\/motorcycle.funpunk.ch\/en\/product\/harley-davidson-ohv-knucklehead-modell-e-gespann-1947\/","title":{"rendered":"Harley Davidson OHV Knucklehead Modell E Gespann 1947"},"content":{"rendered":"<div class=\"inventar-texte\">\n<div class=\"inventar-texte\">\n<div class=\"inventar-texte\">\n<div class=\"inventar-texte\">\n<div class=\"inventar-texte\">\n<div class=\"inventar-texte\">\n<div class=\"inventar-texte\">\n<div class=\"inventar-texte\">\n<div class=\"inventar-texte\">\n<div class=\"inventar-texte\">\n<p>Der Seitenwagen kann mit wenigen Handgriffen und innert kurzer Zeit demontiert werden. Sitz im Seitenwagen wurde mit&nbsp;zwei&nbsp;Sicherheitsgurten nachger\u00fcstet f\u00fcr Erachsene und Kinder.<\/p>\n<p>Die 47er Knucklehead, das letzte Produktionsjahr f\u00fcr diese Modellserie,&nbsp;wurde in der Schweiz total revidiert und restauriert, inkl. Motor und Getriebe, Elektrik, Fahrwerk und Lackierung.<\/p>\n<p>Ab 1942 wurde die Herstellung der Knucklehead durch den Krieg empfindlich gest\u00f6rt, da Harley alle Anstrengungen auf die Produktion von Milit\u00e4rmaschinen richtete. Die F und E Modelle&nbsp;waren erst 1946 wieder mit nennenswerten Produktionszahlen von je ca. 5000 St\u00fcck, vertreten. Bis dann 1948 die erste Panhead die Knucklehead Serie abl\u00f6ste, blieb sie weitgehend unver\u00e4ndert.<\/p>\n<p>Verkauft \/ sold<\/p>\n<\/div>\n<\/div>\n<\/div>\n<\/div>\n<\/div>\n<\/div>\n<\/div>\n<\/div>\n<\/div>\n<\/div>","protected":false},"excerpt":{"rendered":"<p>verkauft\/sold<\/p>\n<p>Harley-Davidson Modell OHV E Knucklehead, Hubraum 988 ccm, Baujahr 1947 (letztes Produktionsjahr), Getriebe 4-Gang, Handschaltung, Starrahmen mit Federgabel und&nbsp;Seitenwagen rechtslaufend mit Reserverad, Abdeckung und Windschutzscheibe.<\/p>","protected":false},"featured_media":1097,"template":"","meta":{"_monsterinsights_skip_tracking":false,"_monsterinsights_sitenote_active":false,"_monsterinsights_sitenote_note":"","_monsterinsights_sitenote_category":0,"site-sidebar-layout":"default","site-content-layout":"","ast-site-content-layout":"default","site-content-style":"default","site-sidebar-style":"default","ast-global-header-display":"","ast-banner-title-visibility":"","ast-main-header-display":"","ast-hfb-above-header-display":"","ast-hfb-below-header-display":"","ast-hfb-mobile-header-display":"","site-post-title":"","ast-breadcrumbs-content":"","ast-featured-img":"","footer-sml-layout":"","theme-transparent-header-meta":"default","adv-header-id-meta":"","stick-header-meta":"default","header-above-stick-meta":"","header-main-stick-meta":"","header-below-stick-meta":"","astra-migrate-meta-layouts":"set","ast-page-background-enabled":"default","ast-page-background-meta":{"desktop":{"background-color":"var(--ast-global-color-5)","background-image":"","background-repeat":"repeat","background-position":"center center","background-size":"auto","background-attachment":"scroll","background-type":"","background-media":"","overlay-type":"","overlay-color":"","overlay-opacity":"","overlay-gradient":""},"tablet":{"background-color":"","background-image":"","background-repeat":"repeat","background-position":"center center","background-size":"auto","background-attachment":"scroll","background-type":"","background-media":"","overlay-type":"","overlay-color":"","overlay-opacity":"","overlay-gradient":""},"mobile":{"background-color":"","background-image":"","background-repeat":"repeat","background-position":"center center","background-size":"auto","background-attachment":"scroll","background-type":"","background-media":"","overlay-type":"","overlay-color":"","overlay-opacity":"","overlay-gradient":""}},"ast-content-background-meta":{"desktop":{"background-color":"var(--ast-global-color-4)","background-image":"","background-repeat":"repeat","background-position":"center center","background-size":"auto","background-attachment":"scroll","background-type":"","background-media":"","overlay-type":"","overlay-color":"","overlay-opacity":"","overlay-gradient":""},"tablet":{"background-color":"var(--ast-global-color-4)","background-image":"","background-repeat":"repeat","background-position":"center center","background-size":"auto","background-attachment":"scroll","background-type":"","background-media":"","overlay-type":"","overlay-color":"","overlay-opacity":"","overlay-gradient":""},"mobile":{"background-color":"var(--ast-global-color-4)","background-image":"","background-repeat":"repeat","background-position":"center center","background-size":"auto","background-attachment":"scroll","background-type":"","background-media":"","overlay-type":"","overlay-color":"","overlay-opacity":"","overlay-gradient":""}},"ngg_post_thumbnail":0},"pwb-brand":[77],"product_brand":[21],"product_cat":[40,41],"product_tag":[49,45,81,50],"class_list":{"0":"post-1077","1":"product","2":"type-product","3":"status-publish","4":"has-post-thumbnail","6":"pwb-brand-harley-davidson","7":"product_brand-harley-davidson","8":"product_cat-archiv","9":"product_cat-harley-davidson-archiv","10":"product_tag-gespann","11":"product_tag-harley-davidson","12":"product_tag-knucklehead","13":"product_tag-sidecar","14":"desktop-align-left","15":"tablet-align-left","16":"mobile-align-left","17":"ast-product-gallery-layout-horizontal-slider","18":"ast-product-tabs-layout-distributed","19":"ast-qv-on-image","21":"first","22":"instock","23":"virtual","24":"product-type-simple"},"brands":[{"id":77,"name":"Harley Davidson","slug":"harley-davidson"}],"_links":{"self":[{"href":"https:\/\/motorcycle.funpunk.ch\/en\/wp-json\/wp\/v2\/product\/1077","targetHints":{"allow":["GET"]}}],"collection":[{"href":"https:\/\/motorcycle.funpunk.ch\/en\/wp-json\/wp\/v2\/product"}],"about":[{"href":"https:\/\/motorcycle.funpunk.ch\/en\/wp-json\/wp\/v2\/types\/product"}],"wp:featuredmedia":[{"embeddable":true,"href":"https:\/\/motorcycle.funpunk.ch\/en\/wp-json\/wp\/v2\/media\/1097"}],"wp:attachment":[{"href":"https:\/\/motorcycle.funpunk.ch\/en\/wp-json\/wp\/v2\/media?parent=1077"}],"wp:term":[{"taxonomy":"pwb-brand","embeddable":true,"href":"https:\/\/motorcycle.funpunk.ch\/en\/wp-json\/wp\/v2\/pwb-brand?post=1077"},{"taxonomy":"product_brand","embeddable":true,"href":"https:\/\/motorcycle.funpunk.ch\/en\/wp-json\/wp\/v2\/product_brand?post=1077"},{"taxonomy":"product_cat","embeddable":true,"href":"https:\/\/motorcycle.funpunk.ch\/en\/wp-json\/wp\/v2\/product_cat?post=1077"},{"taxonomy":"product_tag","embeddable":true,"href":"https:\/\/motorcycle.funpunk.ch\/en\/wp-json\/wp\/v2\/product_tag?post=1077"}],"curies":[{"name":"wp","href":"https:\/\/api.w.org\/{rel}","templated":true}]}}