{"id":1163,"date":"2025-06-23T11:16:52","date_gmt":"2025-06-23T11:16:52","guid":{"rendered":"https:\/\/motorcycle.funpunk.ch\/?post_type=product&#038;p=1163"},"modified":"2025-06-23T11:20:27","modified_gmt":"2025-06-23T11:20:27","slug":"harley-davidson-wla-sidecar-1942-2","status":"publish","type":"product","link":"https:\/\/motorcycle.funpunk.ch\/en\/product\/harley-davidson-wla-sidecar-1942-2\/","title":{"rendered":"Harley Davidson WLA Sidecar 1942"},"content":{"rendered":"<div class=\"inventar-texte\">\n<div class=\"inventar-texte\">\n<div class=\"inventar-texte\">\n<div class=\"inventar-texte\">\n<div class=\"inventar-texte\">\n<div class=\"inventar-texte\">\n<div class=\"inventar-texte\">\n<div class=\"inventar-texte\">\n<div class=\"inventar-texte\">\n<div class=\"inventar-texte\">\n<p>Der Ausbruch des 2. Weltkrieges brachte eine grosse Nachfrage nach zweir\u00e4drigen Fahrzeugen, die nicht nur schlechte Behandlung und raues Gel\u00e4nde \u00fcberleben, sondern auch noch einfach zu fahren und zu reparieren sein sollten. Die WLA, basierend auf dem Zivilmodell WL, erf\u00fcllte diese Anforderungen perfekt. Zusammen mit dem WLC-Modell, das f\u00fcr die Kanadische Armee gebaut wurde und sich nur in Kleinigkeiten von der WLA unterschied, baute Harley-Davidson \u00fcber 80\u2018000 dieser Modelle f\u00fcr den Alliierten Kriegseinsatz davon gingen&nbsp;26670 nach Russland und einige wurden mit Seitenwagen wie diesen hier ausger\u00fcstet.<\/p>\n<p>Das robuste seitengesteuerte WLA Motorrad war das erfolgreichste jemals gebaute Motorrad. Sie wird bei uns in Europa auch liebevoll \u201eThe Liberator\u201c genannt.<\/p>\n<p>Da Harley die WLA in riesiger St\u00fcckzahl f\u00fcr\u2018s Milit\u00e4r produzierte, sind diese Motorr\u00e4der relativ h\u00e4ufig in Oldtimer Kreisen zu finden. Obwohl Einige noch im Originalzustand sind wie diese hier, haben viele Besitzer ihr Motorrad \u201ezivilisiert\u201c, indem sie es anders lackiert und auf die Milit\u00e4rzutaten verzichtet haben.<\/p>\n<p>Siehe Lend Lease nach Russland: http:\/\/www.theliberator.be\/liberator8.htm<\/p>\n<p>Verkauft \/ sold<\/p>\n<\/div>\n<\/div>\n<\/div>\n<\/div>\n<\/div>\n<\/div>\n<\/div>\n<\/div>\n<\/div>\n<\/div>","protected":false},"excerpt":{"rendered":"<p><strong>Preis: verkauft\/sold<\/strong><\/p>\n<p>Harley Davidson WLA Sidecar 1942<\/p>","protected":false},"featured_media":1012,"template":"","meta":{"_monsterinsights_skip_tracking":false,"_monsterinsights_sitenote_active":false,"_monsterinsights_sitenote_note":"","_monsterinsights_sitenote_category":0,"site-sidebar-layout":"default","site-content-layout":"","ast-site-content-layout":"default","site-content-style":"default","site-sidebar-style":"default","ast-global-header-display":"","ast-banner-title-visibility":"","ast-main-header-display":"","ast-hfb-above-header-display":"","ast-hfb-below-header-display":"","ast-hfb-mobile-header-display":"","site-post-title":"","ast-breadcrumbs-content":"","ast-featured-img":"","footer-sml-layout":"","theme-transparent-header-meta":"default","adv-header-id-meta":"","stick-header-meta":"default","header-above-stick-meta":"","header-main-stick-meta":"","header-below-stick-meta":"","astra-migrate-meta-layouts":"set","ast-page-background-enabled":"default","ast-page-background-meta":{"desktop":{"background-color":"var(--ast-global-color-5)","background-image":"","background-repeat":"repeat","background-position":"center center","background-size":"auto","background-attachment":"scroll","background-type":"","background-media":"","overlay-type":"","overlay-color":"","overlay-opacity":"","overlay-gradient":""},"tablet":{"background-color":"","background-image":"","background-repeat":"repeat","background-position":"center center","background-size":"auto","background-attachment":"scroll","background-type":"","background-media":"","overlay-type":"","overlay-color":"","overlay-opacity":"","overlay-gradient":""},"mobile":{"background-color":"","background-image":"","background-repeat":"repeat","background-position":"center center","background-size":"auto","background-attachment":"scroll","background-type":"","background-media":"","overlay-type":"","overlay-color":"","overlay-opacity":"","overlay-gradient":""}},"ast-content-background-meta":{"desktop":{"background-color":"var(--ast-global-color-4)","background-image":"","background-repeat":"repeat","background-position":"center center","background-size":"auto","background-attachment":"scroll","background-type":"","background-media":"","overlay-type":"","overlay-color":"","overlay-opacity":"","overlay-gradient":""},"tablet":{"background-color":"var(--ast-global-color-4)","background-image":"","background-repeat":"repeat","background-position":"center center","background-size":"auto","background-attachment":"scroll","background-type":"","background-media":"","overlay-type":"","overlay-color":"","overlay-opacity":"","overlay-gradient":""},"mobile":{"background-color":"var(--ast-global-color-4)","background-image":"","background-repeat":"repeat","background-position":"center center","background-size":"auto","background-attachment":"scroll","background-type":"","background-media":"","overlay-type":"","overlay-color":"","overlay-opacity":"","overlay-gradient":""}},"ngg_post_thumbnail":0},"pwb-brand":[],"product_brand":[21],"product_cat":[40,41],"product_tag":[49,45,81,50],"class_list":{"0":"post-1163","1":"product","2":"type-product","3":"status-publish","4":"has-post-thumbnail","6":"product_brand-harley-davidson","7":"product_cat-archiv","8":"product_cat-harley-davidson-archiv","9":"product_tag-gespann","10":"product_tag-harley-davidson","11":"product_tag-knucklehead","12":"product_tag-sidecar","13":"desktop-align-left","14":"tablet-align-left","15":"mobile-align-left","16":"ast-product-gallery-layout-horizontal-slider","17":"ast-product-tabs-layout-distributed","18":"ast-qv-on-image","20":"first","21":"instock","22":"virtual","23":"product-type-simple"},"brands":[],"_links":{"self":[{"href":"https:\/\/motorcycle.funpunk.ch\/en\/wp-json\/wp\/v2\/product\/1163","targetHints":{"allow":["GET"]}}],"collection":[{"href":"https:\/\/motorcycle.funpunk.ch\/en\/wp-json\/wp\/v2\/product"}],"about":[{"href":"https:\/\/motorcycle.funpunk.ch\/en\/wp-json\/wp\/v2\/types\/product"}],"wp:featuredmedia":[{"embeddable":true,"href":"https:\/\/motorcycle.funpunk.ch\/en\/wp-json\/wp\/v2\/media\/1012"}],"wp:attachment":[{"href":"https:\/\/motorcycle.funpunk.ch\/en\/wp-json\/wp\/v2\/media?parent=1163"}],"wp:term":[{"taxonomy":"pwb-brand","embeddable":true,"href":"https:\/\/motorcycle.funpunk.ch\/en\/wp-json\/wp\/v2\/pwb-brand?post=1163"},{"taxonomy":"product_brand","embeddable":true,"href":"https:\/\/motorcycle.funpunk.ch\/en\/wp-json\/wp\/v2\/product_brand?post=1163"},{"taxonomy":"product_cat","embeddable":true,"href":"https:\/\/motorcycle.funpunk.ch\/en\/wp-json\/wp\/v2\/product_cat?post=1163"},{"taxonomy":"product_tag","embeddable":true,"href":"https:\/\/motorcycle.funpunk.ch\/en\/wp-json\/wp\/v2\/product_tag?post=1163"}],"curies":[{"name":"wp","href":"https:\/\/api.w.org\/{rel}","templated":true}]}}