{"id":148,"date":"2025-01-28T17:11:47","date_gmt":"2025-01-28T17:11:47","guid":{"rendered":"https:\/\/motorcycle.funpunk.ch\/?post_type=product&#038;p=148"},"modified":"2025-06-23T10:08:24","modified_gmt":"2025-06-23T10:08:24","slug":"indian-chief-74-1947","status":"publish","type":"product","link":"https:\/\/motorcycle.funpunk.ch\/en\/product\/indian-chief-74-1947\/","title":{"rendered":"Indian Chief 74&#8243; 1947"},"content":{"rendered":"<p>Zweifellos haben Designtrends im Automobilbau bei Indian Modellen ab 1940 Pate gestanden. Stromlinienformen waren angesagt, und die Motorr\u00e4der bekamen teilabgedeckte R\u00e4der verpasst. Den Motorradfahrern gefiel es, oder eben auch nicht. Sie hatten keine Wahl. Indian lieferte nur noch Schutzbleche mit riesigen Seitenteilen. Heute sagt man dieser Form: Indian Schutzbleche.<\/p>\n<p>Bei der Chief und der Vier-Zylinder standen aber nicht nur die neuen Schutzbleche im Blickpunkt \u2013 sie warteten nun auch mit einem gefederten Hinterrad auf. Der Federweg war eng begrenzt, doch die Konkurrenz hatte in dieser Beziehung gar nichts zu bieten. Harley-Davidson zum Beispiel kam erst 18 Jahre sp\u00e4ter (1958) mit Hinterradfederung auf den Markt.<\/p>\n<p>Diese Matching Number 1200 ccm Chief Baujahr 1947 ist in der Schweiz zugelassen und wurde professionell restauriert, revidiert und unterhalten. Diese Original schwarze Farbtonlackierung von Dupont ist selten und steht dieser klassischen Indian sehr gut.<\/p>\n<p>Eine sch\u00f6ne historische Indian Chief f\u00fcr den t\u00e4glichen Gebrauch die viel Fahrspass bereitet und sehr zuverl\u00e4ssig ist. Sie ist ab Service und MFK gepr\u00fcft mit Veteraneneintrag.<\/p>\n<p>Zudem hat sie sehr bekannte Vorbesitzer aus Rennsport, Fotografie und Film.<\/p>\n<p>Ausgestellt in unserem Glaspavillon an der Solothurnstrasse 1, 3362 Nieder\u00f6nz. Tel. 062 961 0505<\/p>","protected":false},"excerpt":{"rendered":"<p><strong>Preis: CHF 39500.-<\/strong><\/p>\n<p>Eine sch\u00f6ne historische Indian Chief f\u00fcr den t\u00e4glichen Gebrauch die viel Fahrspass bereitet und sehr zuverl\u00e4ssig ist. Sie ist ab Service und MFK gepr\u00fcft mit Veteraneneintrag.<\/p>","protected":false},"featured_media":149,"template":"","meta":{"_monsterinsights_skip_tracking":false,"_monsterinsights_sitenote_active":false,"_monsterinsights_sitenote_note":"","_monsterinsights_sitenote_category":0,"site-sidebar-layout":"default","site-content-layout":"","ast-site-content-layout":"default","site-content-style":"default","site-sidebar-style":"default","ast-global-header-display":"","ast-banner-title-visibility":"","ast-main-header-display":"","ast-hfb-above-header-display":"","ast-hfb-below-header-display":"","ast-hfb-mobile-header-display":"","site-post-title":"","ast-breadcrumbs-content":"","ast-featured-img":"","footer-sml-layout":"","theme-transparent-header-meta":"default","adv-header-id-meta":"","stick-header-meta":"default","header-above-stick-meta":"","header-main-stick-meta":"","header-below-stick-meta":"","astra-migrate-meta-layouts":"set","ast-page-background-enabled":"default","ast-page-background-meta":{"desktop":{"background-color":"var(--ast-global-color-5)","background-image":"","background-repeat":"repeat","background-position":"center center","background-size":"auto","background-attachment":"scroll","background-type":"","background-media":"","overlay-type":"","overlay-color":"","overlay-opacity":"","overlay-gradient":""},"tablet":{"background-color":"","background-image":"","background-repeat":"repeat","background-position":"center center","background-size":"auto","background-attachment":"scroll","background-type":"","background-media":"","overlay-type":"","overlay-color":"","overlay-opacity":"","overlay-gradient":""},"mobile":{"background-color":"","background-image":"","background-repeat":"repeat","background-position":"center center","background-size":"auto","background-attachment":"scroll","background-type":"","background-media":"","overlay-type":"","overlay-color":"","overlay-opacity":"","overlay-gradient":""}},"ast-content-background-meta":{"desktop":{"background-color":"var(--ast-global-color-4)","background-image":"","background-repeat":"repeat","background-position":"center center","background-size":"auto","background-attachment":"scroll","background-type":"","background-media":"","overlay-type":"","overlay-color":"","overlay-opacity":"","overlay-gradient":""},"tablet":{"background-color":"var(--ast-global-color-4)","background-image":"","background-repeat":"repeat","background-position":"center center","background-size":"auto","background-attachment":"scroll","background-type":"","background-media":"","overlay-type":"","overlay-color":"","overlay-opacity":"","overlay-gradient":""},"mobile":{"background-color":"var(--ast-global-color-4)","background-image":"","background-repeat":"repeat","background-position":"center center","background-size":"auto","background-attachment":"scroll","background-type":"","background-media":"","overlay-type":"","overlay-color":"","overlay-opacity":"","overlay-gradient":""}},"ngg_post_thumbnail":0},"pwb-brand":[],"product_brand":[27],"product_cat":[35,38],"product_tag":[28],"class_list":{"0":"post-148","1":"product","2":"type-product","3":"status-publish","4":"has-post-thumbnail","6":"product_brand-indian","7":"product_cat-angebot","8":"product_cat-indian","9":"product_tag-indian-chief-1947","10":"desktop-align-left","11":"tablet-align-left","12":"mobile-align-left","13":"ast-product-gallery-layout-horizontal-slider","14":"ast-product-tabs-layout-distributed","15":"ast-qv-on-image","17":"first","18":"instock","19":"shipping-taxable","20":"product-type-simple"},"brands":[],"_links":{"self":[{"href":"https:\/\/motorcycle.funpunk.ch\/en\/wp-json\/wp\/v2\/product\/148","targetHints":{"allow":["GET"]}}],"collection":[{"href":"https:\/\/motorcycle.funpunk.ch\/en\/wp-json\/wp\/v2\/product"}],"about":[{"href":"https:\/\/motorcycle.funpunk.ch\/en\/wp-json\/wp\/v2\/types\/product"}],"wp:featuredmedia":[{"embeddable":true,"href":"https:\/\/motorcycle.funpunk.ch\/en\/wp-json\/wp\/v2\/media\/149"}],"wp:attachment":[{"href":"https:\/\/motorcycle.funpunk.ch\/en\/wp-json\/wp\/v2\/media?parent=148"}],"wp:term":[{"taxonomy":"pwb-brand","embeddable":true,"href":"https:\/\/motorcycle.funpunk.ch\/en\/wp-json\/wp\/v2\/pwb-brand?post=148"},{"taxonomy":"product_brand","embeddable":true,"href":"https:\/\/motorcycle.funpunk.ch\/en\/wp-json\/wp\/v2\/product_brand?post=148"},{"taxonomy":"product_cat","embeddable":true,"href":"https:\/\/motorcycle.funpunk.ch\/en\/wp-json\/wp\/v2\/product_cat?post=148"},{"taxonomy":"product_tag","embeddable":true,"href":"https:\/\/motorcycle.funpunk.ch\/en\/wp-json\/wp\/v2\/product_tag?post=148"}],"curies":[{"name":"wp","href":"https:\/\/api.w.org\/{rel}","templated":true}]}}