{"id":199,"date":"2025-05-07T09:03:37","date_gmt":"2025-05-07T09:03:37","guid":{"rendered":"https:\/\/motorcycle.funpunk.ch\/?post_type=product&#038;p=199"},"modified":"2025-05-07T13:30:27","modified_gmt":"2025-05-07T13:30:27","slug":"ford-a-roadster-1930","status":"publish","type":"product","link":"https:\/\/motorcycle.funpunk.ch\/en\/product\/ford-a-roadster-1930\/","title":{"rendered":"Ford A Roadster 1930"},"content":{"rendered":"<p>Originalkarosserie, Motor und Chassis. Alles matching Number und Original.&nbsp;<\/p>\n<p>Die Bremsen, Aufh\u00e4ngung, Lenkung, Vorderachse, Vergaser, Lichtmaschine, die ganze Elektik, Wasserpumpe, Scheibenwischer, sind total revidiert. Auspuffanlage und Bereifung neu. Absolut Rostfrei. Mit FIVA Pass.&nbsp;<\/p>\n<p>Alle Revisionsarbeiten in der Schweiz ausgef\u00fchrt, belegt und dokumentiert mit Rechnungen und Bildern. Verdeck kann ge\u00f6ffnet oder auch ganz entfernt werden.&nbsp;Seitliche Steckfenster sind auch vorhanden.&nbsp;<\/p>\n<p>Rechtsgesteuert da dieses Fahrzeug 1. Inverkehrsetzung in Salto, Uruguay hat.&nbsp;(mit vorhandenen Dokumenten belegt) In Uruguay war Linksverkehr bis September 1945, erst ab Oktober 1945 wurde auf Rechtsverkehr umgestellt.<\/p>\n<p>Bereit f\u00fcr eine Besichtigung bei uns und bei Interesse auch mit einer coolen Probefahrt.&nbsp;<\/p>\n<p>Weitere Informationen bei uns vor Ort oder Telefon 062 961 0505 oder info@motorcycle.ch&nbsp;<\/p>","protected":false},"excerpt":{"rendered":"<p>Ford Modell A Roadster 3300 ccm, Baujahr 1930. Mit &#8222;Rumble Seat&#8220; Schwiegermuttersitz wie man es auch nennt.E<br \/>\nEin cooles 4-Pl\u00e4tziges Fahmilienfahrzeug auch f\u00fcr den t\u00e4glichen Gebrauch! Das Auto ist bereit f\u00fcr die MFK, l\u00e4uft perfekt und ist zu verkaufen. Absolut Alltagstauglich.&nbsp;<\/p>","protected":false},"featured_media":200,"template":"","meta":{"_monsterinsights_skip_tracking":false,"_monsterinsights_sitenote_active":false,"_monsterinsights_sitenote_note":"","_monsterinsights_sitenote_category":0,"site-sidebar-layout":"default","site-content-layout":"","ast-site-content-layout":"default","site-content-style":"default","site-sidebar-style":"default","ast-global-header-display":"","ast-banner-title-visibility":"","ast-main-header-display":"","ast-hfb-above-header-display":"","ast-hfb-below-header-display":"","ast-hfb-mobile-header-display":"","site-post-title":"","ast-breadcrumbs-content":"","ast-featured-img":"","footer-sml-layout":"","theme-transparent-header-meta":"default","adv-header-id-meta":"","stick-header-meta":"","header-above-stick-meta":"","header-main-stick-meta":"","header-below-stick-meta":"","astra-migrate-meta-layouts":"set","ast-page-background-enabled":"default","ast-page-background-meta":{"desktop":{"background-color":"var(--ast-global-color-5)","background-image":"","background-repeat":"repeat","background-position":"center center","background-size":"auto","background-attachment":"scroll","background-type":"","background-media":"","overlay-type":"","overlay-color":"","overlay-opacity":"","overlay-gradient":""},"tablet":{"background-color":"","background-image":"","background-repeat":"repeat","background-position":"center center","background-size":"auto","background-attachment":"scroll","background-type":"","background-media":"","overlay-type":"","overlay-color":"","overlay-opacity":"","overlay-gradient":""},"mobile":{"background-color":"","background-image":"","background-repeat":"repeat","background-position":"center center","background-size":"auto","background-attachment":"scroll","background-type":"","background-media":"","overlay-type":"","overlay-color":"","overlay-opacity":"","overlay-gradient":""}},"ast-content-background-meta":{"desktop":{"background-color":"var(--ast-global-color-4)","background-image":"","background-repeat":"repeat","background-position":"center center","background-size":"auto","background-attachment":"scroll","background-type":"","background-media":"","overlay-type":"","overlay-color":"","overlay-opacity":"","overlay-gradient":""},"tablet":{"background-color":"var(--ast-global-color-4)","background-image":"","background-repeat":"repeat","background-position":"center center","background-size":"auto","background-attachment":"scroll","background-type":"","background-media":"","overlay-type":"","overlay-color":"","overlay-opacity":"","overlay-gradient":""},"mobile":{"background-color":"var(--ast-global-color-4)","background-image":"","background-repeat":"repeat","background-position":"center center","background-size":"auto","background-attachment":"scroll","background-type":"","background-media":"","overlay-type":"","overlay-color":"","overlay-opacity":"","overlay-gradient":""}},"ngg_post_thumbnail":0},"pwb-brand":[],"product_brand":[34],"product_cat":[33],"product_tag":[32],"class_list":{"0":"post-199","1":"product","2":"type-product","3":"status-publish","4":"has-post-thumbnail","6":"product_brand-ford","7":"product_cat-cars","8":"product_tag-triumph-bonneville-t-120-r","9":"desktop-align-left","10":"tablet-align-left","11":"mobile-align-left","12":"ast-product-gallery-layout-horizontal-slider","13":"ast-product-tabs-layout-distributed","14":"ast-qv-on-image","16":"first","17":"instock","18":"virtual","19":"product-type-simple"},"brands":[],"_links":{"self":[{"href":"https:\/\/motorcycle.funpunk.ch\/en\/wp-json\/wp\/v2\/product\/199","targetHints":{"allow":["GET"]}}],"collection":[{"href":"https:\/\/motorcycle.funpunk.ch\/en\/wp-json\/wp\/v2\/product"}],"about":[{"href":"https:\/\/motorcycle.funpunk.ch\/en\/wp-json\/wp\/v2\/types\/product"}],"wp:featuredmedia":[{"embeddable":true,"href":"https:\/\/motorcycle.funpunk.ch\/en\/wp-json\/wp\/v2\/media\/200"}],"wp:attachment":[{"href":"https:\/\/motorcycle.funpunk.ch\/en\/wp-json\/wp\/v2\/media?parent=199"}],"wp:term":[{"taxonomy":"pwb-brand","embeddable":true,"href":"https:\/\/motorcycle.funpunk.ch\/en\/wp-json\/wp\/v2\/pwb-brand?post=199"},{"taxonomy":"product_brand","embeddable":true,"href":"https:\/\/motorcycle.funpunk.ch\/en\/wp-json\/wp\/v2\/product_brand?post=199"},{"taxonomy":"product_cat","embeddable":true,"href":"https:\/\/motorcycle.funpunk.ch\/en\/wp-json\/wp\/v2\/product_cat?post=199"},{"taxonomy":"product_tag","embeddable":true,"href":"https:\/\/motorcycle.funpunk.ch\/en\/wp-json\/wp\/v2\/product_tag?post=199"}],"curies":[{"name":"wp","href":"https:\/\/api.w.org\/{rel}","templated":true}]}}