{"id":245,"date":"2025-05-07T14:02:32","date_gmt":"2025-05-07T14:02:32","guid":{"rendered":"https:\/\/motorcycle.funpunk.ch\/?post_type=product&#038;p=245"},"modified":"2025-05-08T12:24:52","modified_gmt":"2025-05-08T12:24:52","slug":"harley-davidson-flathead-wl-bobber-1942","status":"publish","type":"product","link":"https:\/\/motorcycle.funpunk.ch\/en\/product\/harley-davidson-flathead-wl-bobber-1942\/","title":{"rendered":"Harley Davidson Flathead WL Bobber 1942"},"content":{"rendered":"<div class=\"inventar-texte\">\n<div>\n<p>Der Begriff Bobber bezieht sich auf den &#8222;Bob&#8220;, also den kleinen Aussenschwung am unteren Ende des Schutzblechs an alten Harley-Modellen. Neben dem Motortuning war eine der ersten Modifizierungen, die ein Harley-Enthusiast in den 40er und 50er Jahren vornahm, wenn er sein Fahrzeug leichter und damit schneller machen wollte, die Schutzbleche abzu\u00e4ndern oder ganz entfernen. Siehe Bilder, ob mit oder ohne Blech vorne, sieht beides gut aus! Bei diesem Bobber wurde das Hinterradschutzblech beim Scharnier gek\u00fcrzt und mit einem Crocker R\u00fccklicht der 40er Jahre versehen. Der echt Ledersitz stammt von einem KR Racer. Auch das original Vorderradschutzblech wurde gek\u00fcrzt.&nbsp;<br \/>\nF\u00fcr die Lackierung wurden Orignal Harley-Davidson Farbt\u00f6ne der 40er Jahre verwendet. Das Farbdesign ist so wie Rennmaschinen der 40 Jahre lackiert wurden. Die Handlinierung am Tank ist in Harley Racing Orange . Diese Modifizierungen erfolgten urspr\u00fcnglich, um einerseits das Gewicht zu reduzieren und so die Fahrleistung zu verbessern. Andererseits sollte das oft als schwerf\u00e4llig oder schw\u00fclstig empfundene Aussehen verbessert werden. Es war die erste Anlehnung von Strassenmotorr\u00e4dern an typisch amerikanische Rennmaschinen &#8211; in diesem Fall Track Racer und Hillclimber.<br \/>\nDiese Motorr\u00e4der wurden zun\u00e4chst als Bobber oder Bobchops bezeichnet. Der Vorgang, aus einem Motorrad einen solchen Bobber zu machen, hiessen umgangssprachlich bald &#8222;Bob Job&#8220;.<br \/>\nDieser Harley Bobber ist ausgestellt in unserm Pavillon an der Solothurnstrasse in Nieder\u00f6nz.<\/p>\n<p>Die Maschine ist ab MFK gepr\u00fcft, ist absolut alltagstauglich und bereitet viel Fahrspass.<\/p>\n<\/div>\n<\/div>","protected":false},"excerpt":{"rendered":"<p>HARLEY-DAVIDSON FLATHEAD BOBBER 750 ccm, Baujahr 1942, von uns professionell revidiert und restauriert. Als Basis f\u00fcr diesen Bobber-Aufbau dienten mehrheitlich Original Harley Teile, wie zum Beispiel Rahmen, Gabel, Motor, Getriebe und R\u00e4der. Alle Komponenten wurden in unserer Werkstatt mechanisch revidiert inkl. Motor und Getriebe.<\/p>\n<p>Auf Wunsch, und wenn die Basis vorhanden ist, bauen wir auch Bobber mit anderen Motoren, anderer Gabel und Optik.<\/p>\n<p>Preis auf Anfrage<\/p>","protected":false},"featured_media":246,"template":"","meta":{"_monsterinsights_skip_tracking":false,"_monsterinsights_sitenote_active":false,"_monsterinsights_sitenote_note":"","_monsterinsights_sitenote_category":0,"site-sidebar-layout":"default","site-content-layout":"","ast-site-content-layout":"default","site-content-style":"default","site-sidebar-style":"default","ast-global-header-display":"","ast-banner-title-visibility":"","ast-main-header-display":"","ast-hfb-above-header-display":"","ast-hfb-below-header-display":"","ast-hfb-mobile-header-display":"","site-post-title":"","ast-breadcrumbs-content":"","ast-featured-img":"","footer-sml-layout":"","theme-transparent-header-meta":"default","adv-header-id-meta":"","stick-header-meta":"","header-above-stick-meta":"","header-main-stick-meta":"","header-below-stick-meta":"","astra-migrate-meta-layouts":"set","ast-page-background-enabled":"default","ast-page-background-meta":{"desktop":{"background-color":"var(--ast-global-color-5)","background-image":"","background-repeat":"repeat","background-position":"center center","background-size":"auto","background-attachment":"scroll","background-type":"","background-media":"","overlay-type":"","overlay-color":"","overlay-opacity":"","overlay-gradient":""},"tablet":{"background-color":"","background-image":"","background-repeat":"repeat","background-position":"center center","background-size":"auto","background-attachment":"scroll","background-type":"","background-media":"","overlay-type":"","overlay-color":"","overlay-opacity":"","overlay-gradient":""},"mobile":{"background-color":"","background-image":"","background-repeat":"repeat","background-position":"center center","background-size":"auto","background-attachment":"scroll","background-type":"","background-media":"","overlay-type":"","overlay-color":"","overlay-opacity":"","overlay-gradient":""}},"ast-content-background-meta":{"desktop":{"background-color":"var(--ast-global-color-4)","background-image":"","background-repeat":"repeat","background-position":"center center","background-size":"auto","background-attachment":"scroll","background-type":"","background-media":"","overlay-type":"","overlay-color":"","overlay-opacity":"","overlay-gradient":""},"tablet":{"background-color":"var(--ast-global-color-4)","background-image":"","background-repeat":"repeat","background-position":"center center","background-size":"auto","background-attachment":"scroll","background-type":"","background-media":"","overlay-type":"","overlay-color":"","overlay-opacity":"","overlay-gradient":""},"mobile":{"background-color":"var(--ast-global-color-4)","background-image":"","background-repeat":"repeat","background-position":"center center","background-size":"auto","background-attachment":"scroll","background-type":"","background-media":"","overlay-type":"","overlay-color":"","overlay-opacity":"","overlay-gradient":""}},"ngg_post_thumbnail":0},"pwb-brand":[],"product_brand":[21],"product_cat":[35,37],"product_tag":[22],"class_list":{"0":"post-245","1":"product","2":"type-product","3":"status-publish","4":"has-post-thumbnail","6":"product_brand-harley-davidson","7":"product_cat-angebot","8":"product_cat-harley-davidson","9":"product_tag-harley-davidson-flathead-wl-1945","10":"desktop-align-left","11":"tablet-align-left","12":"mobile-align-left","13":"ast-product-gallery-layout-horizontal-slider","14":"ast-product-tabs-layout-distributed","15":"ast-qv-on-image","17":"first","18":"instock","19":"virtual","20":"product-type-simple"},"brands":[],"_links":{"self":[{"href":"https:\/\/motorcycle.funpunk.ch\/en\/wp-json\/wp\/v2\/product\/245","targetHints":{"allow":["GET"]}}],"collection":[{"href":"https:\/\/motorcycle.funpunk.ch\/en\/wp-json\/wp\/v2\/product"}],"about":[{"href":"https:\/\/motorcycle.funpunk.ch\/en\/wp-json\/wp\/v2\/types\/product"}],"wp:featuredmedia":[{"embeddable":true,"href":"https:\/\/motorcycle.funpunk.ch\/en\/wp-json\/wp\/v2\/media\/246"}],"wp:attachment":[{"href":"https:\/\/motorcycle.funpunk.ch\/en\/wp-json\/wp\/v2\/media?parent=245"}],"wp:term":[{"taxonomy":"pwb-brand","embeddable":true,"href":"https:\/\/motorcycle.funpunk.ch\/en\/wp-json\/wp\/v2\/pwb-brand?post=245"},{"taxonomy":"product_brand","embeddable":true,"href":"https:\/\/motorcycle.funpunk.ch\/en\/wp-json\/wp\/v2\/product_brand?post=245"},{"taxonomy":"product_cat","embeddable":true,"href":"https:\/\/motorcycle.funpunk.ch\/en\/wp-json\/wp\/v2\/product_cat?post=245"},{"taxonomy":"product_tag","embeddable":true,"href":"https:\/\/motorcycle.funpunk.ch\/en\/wp-json\/wp\/v2\/product_tag?post=245"}],"curies":[{"name":"wp","href":"https:\/\/api.w.org\/{rel}","templated":true}]}}