{"id":405,"date":"2025-05-16T09:21:30","date_gmt":"2025-05-16T09:21:30","guid":{"rendered":"https:\/\/motorcycle.funpunk.ch\/?post_type=product&#038;p=405"},"modified":"2025-06-03T09:16:02","modified_gmt":"2025-06-03T09:16:02","slug":"harley-davidson-flathead-wl-bobber-1942-kopie","status":"publish","type":"product","link":"https:\/\/motorcycle.funpunk.ch\/en\/product\/harley-davidson-flathead-wl-bobber-1942-kopie\/","title":{"rendered":"Harley Davidson Knucklehead FL 74&#8243; OHV 1947"},"content":{"rendered":"<div class=\"inventar-texte\">\n<p>Harley-Davidson Modell OHV FL Knucklehead, Hubraum&nbsp;1207 ccm, Baujahr 1947 (letztes Produktionsjahr), Getriebe 4-Gang, Handschaltung, Starrahmen mit Federgabel.<\/p>\n<p>Diese 47er FL Knucklehead, das letzte Produktionsjahr f\u00fcr diese Modellserie,&nbsp;wurde in der Schweiz professionell restauriert und revidiert. Sie hat Schweizer Papiere ist ab MFK und hat den Veteraneneintrag.<\/p>\n<p>Ab 1942 wurde die Herstellung der Knucklehead durch den Krieg empfindlich gest\u00f6rt, da Harley alle Anstrengungen auf die Produktion von Milit\u00e4rmaschinen richtete. Die FL und EL waren erst 1946 wieder mit nennenswerten Produktionszahlen von je ca. 5000 St\u00fcck, vertreten. Bis 1948 die erste Panhead die Knucklehead abl\u00f6ste, blieb sie weitgehend unver\u00e4ndert.<\/p>\n<\/div>","protected":false},"excerpt":{"rendered":"<p>Harley-Davidson Modell OHV FL Knucklehead, Hubraum&nbsp;1207 ccm, Baujahr 1947 (letztes Produktionsjahr), Getriebe 4-Gang, Handschaltung, Starrahmen mit Federgabel. Diese 47er FL [&hellip;]<\/p>","protected":false},"featured_media":419,"template":"","meta":{"_monsterinsights_skip_tracking":false,"_monsterinsights_sitenote_active":false,"_monsterinsights_sitenote_note":"","_monsterinsights_sitenote_category":0,"site-sidebar-layout":"default","site-content-layout":"","ast-site-content-layout":"default","site-content-style":"default","site-sidebar-style":"default","ast-global-header-display":"","ast-banner-title-visibility":"","ast-main-header-display":"","ast-hfb-above-header-display":"","ast-hfb-below-header-display":"","ast-hfb-mobile-header-display":"","site-post-title":"","ast-breadcrumbs-content":"","ast-featured-img":"","footer-sml-layout":"","theme-transparent-header-meta":"default","adv-header-id-meta":"","stick-header-meta":"default","header-above-stick-meta":"","header-main-stick-meta":"","header-below-stick-meta":"","astra-migrate-meta-layouts":"set","ast-page-background-enabled":"default","ast-page-background-meta":{"desktop":{"background-color":"var(--ast-global-color-5)","background-image":"","background-repeat":"repeat","background-position":"center center","background-size":"auto","background-attachment":"scroll","background-type":"","background-media":"","overlay-type":"","overlay-color":"","overlay-opacity":"","overlay-gradient":""},"tablet":{"background-color":"","background-image":"","background-repeat":"repeat","background-position":"center center","background-size":"auto","background-attachment":"scroll","background-type":"","background-media":"","overlay-type":"","overlay-color":"","overlay-opacity":"","overlay-gradient":""},"mobile":{"background-color":"","background-image":"","background-repeat":"repeat","background-position":"center center","background-size":"auto","background-attachment":"scroll","background-type":"","background-media":"","overlay-type":"","overlay-color":"","overlay-opacity":"","overlay-gradient":""}},"ast-content-background-meta":{"desktop":{"background-color":"var(--ast-global-color-4)","background-image":"","background-repeat":"repeat","background-position":"center center","background-size":"auto","background-attachment":"scroll","background-type":"","background-media":"","overlay-type":"","overlay-color":"","overlay-opacity":"","overlay-gradient":""},"tablet":{"background-color":"var(--ast-global-color-4)","background-image":"","background-repeat":"repeat","background-position":"center center","background-size":"auto","background-attachment":"scroll","background-type":"","background-media":"","overlay-type":"","overlay-color":"","overlay-opacity":"","overlay-gradient":""},"mobile":{"background-color":"var(--ast-global-color-4)","background-image":"","background-repeat":"repeat","background-position":"center center","background-size":"auto","background-attachment":"scroll","background-type":"","background-media":"","overlay-type":"","overlay-color":"","overlay-opacity":"","overlay-gradient":""}},"ngg_post_thumbnail":0},"pwb-brand":[],"product_brand":[21],"product_cat":[40,41],"product_tag":[22],"class_list":{"0":"post-405","1":"product","2":"type-product","3":"status-publish","4":"has-post-thumbnail","6":"product_brand-harley-davidson","7":"product_cat-archiv","8":"product_cat-harley-davidson-archiv","9":"product_tag-harley-davidson-flathead-wl-1945","10":"desktop-align-left","11":"tablet-align-left","12":"mobile-align-left","13":"ast-product-gallery-layout-horizontal-slider","14":"ast-product-tabs-layout-distributed","15":"ast-qv-on-image","17":"first","18":"instock","19":"virtual","20":"product-type-simple"},"brands":[],"_links":{"self":[{"href":"https:\/\/motorcycle.funpunk.ch\/en\/wp-json\/wp\/v2\/product\/405","targetHints":{"allow":["GET"]}}],"collection":[{"href":"https:\/\/motorcycle.funpunk.ch\/en\/wp-json\/wp\/v2\/product"}],"about":[{"href":"https:\/\/motorcycle.funpunk.ch\/en\/wp-json\/wp\/v2\/types\/product"}],"wp:featuredmedia":[{"embeddable":true,"href":"https:\/\/motorcycle.funpunk.ch\/en\/wp-json\/wp\/v2\/media\/419"}],"wp:attachment":[{"href":"https:\/\/motorcycle.funpunk.ch\/en\/wp-json\/wp\/v2\/media?parent=405"}],"wp:term":[{"taxonomy":"pwb-brand","embeddable":true,"href":"https:\/\/motorcycle.funpunk.ch\/en\/wp-json\/wp\/v2\/pwb-brand?post=405"},{"taxonomy":"product_brand","embeddable":true,"href":"https:\/\/motorcycle.funpunk.ch\/en\/wp-json\/wp\/v2\/product_brand?post=405"},{"taxonomy":"product_cat","embeddable":true,"href":"https:\/\/motorcycle.funpunk.ch\/en\/wp-json\/wp\/v2\/product_cat?post=405"},{"taxonomy":"product_tag","embeddable":true,"href":"https:\/\/motorcycle.funpunk.ch\/en\/wp-json\/wp\/v2\/product_tag?post=405"}],"curies":[{"name":"wp","href":"https:\/\/api.w.org\/{rel}","templated":true}]}}