{"id":467,"date":"2025-05-28T10:33:18","date_gmt":"2025-05-28T10:33:18","guid":{"rendered":"https:\/\/motorcycle.funpunk.ch\/?post_type=product&#038;p=467"},"modified":"2025-05-28T10:39:00","modified_gmt":"2025-05-28T10:39:00","slug":"harley-davidson-knucklehead-fl-74-ohv-1947-kopie","status":"publish","type":"product","link":"https:\/\/motorcycle.funpunk.ch\/en\/product\/harley-davidson-knucklehead-fl-74-ohv-1947-kopie\/","title":{"rendered":"Cleveland Four 1928"},"content":{"rendered":"<div class=\"inventar-texte\">\n<p>Preis auf Anfrage<\/p>\n<p>Diese Cleveland Four ist in 100% Originalzustand mit Erstlackierung. Sehr rar und schnell! Eines der schnellsten Serien Motorr\u00e4der seiner Zeit.Eine Cleveland Four ist heute auf dem Markt fast nicht mehr zu finden. Noch ein Ast zweigte sich vom urspr\u00fcnglichen Henderson 4-Zylinder ab: die Cleveland Four der Cleveland Automobil Werke aus Cleveland, Ohio. Beim ACE Verkauf an Indian schnappten sich die Clevelander 1925 Everett Delong aus dem ACE Four Konstruktions-Team. Er schaute sich das Henderson Basiskonzept an, verbesserte und baute die Cleveland Four. Zuerst mit seitengesteuertem SV-Motor in einem Doppelschleifen-Rohrrahmen. F\u00fcr Wettbewerb und Rekordfahrten konstruierte er auch eine IOE gegen-gesteuerte 1000er Version die werksseitig eingesetzt wurde.&nbsp; Nur wenige 1000er Strassenmaschinen wurden hergestellt und erhielten ein Zertifikat vom Werk, dass sie mit \u00fcber 100 Meilen pro Stunde (160 km\/h) getestet wurden!<\/p>\n<p>Harley-Davidson sah im Kauf der Cleveland Four eine M\u00f6glichkeit, auch in den 4-Zylinder Markt einzusteigen wie Indian mit ACE.<\/p>\n<p>Auch wurde der Cleveland Konstrukteur Delong angestellt und ihm freie&nbsp;Hand gelassen, entweder die Cleveland Four zu modernisieren oder&nbsp;eine komplett neue Konstruktion einer Harley-Davidson mit&nbsp;4-Zylindern zu bauen. Leider unterbrach ein paar Wochen sp\u00e4ter der&nbsp;Crash an der New Yorker B\u00f6rse das ganze Projekt, und eine&nbsp;Harley-Davidson mit 4-Zylindern wurde leider oder vielleicht auch zum Gl\u00fcck nie gebaut.<\/p>\n<\/div>","protected":false},"excerpt":{"rendered":"<p>Diese Cleveland Four ist in 100% Originalzustand mit Erstlackierung. Sehr rar und schnell! Eines der schnellsten Serien Motorr\u00e4der seiner Zeit.Eine Cleveland Four ist heute auf dem Markt fast nicht mehr zu finden.<\/p>","protected":false},"featured_media":473,"template":"","meta":{"_monsterinsights_skip_tracking":false,"_monsterinsights_sitenote_active":false,"_monsterinsights_sitenote_note":"","_monsterinsights_sitenote_category":0,"site-sidebar-layout":"default","site-content-layout":"","ast-site-content-layout":"default","site-content-style":"default","site-sidebar-style":"default","ast-global-header-display":"","ast-banner-title-visibility":"","ast-main-header-display":"","ast-hfb-above-header-display":"","ast-hfb-below-header-display":"","ast-hfb-mobile-header-display":"","site-post-title":"","ast-breadcrumbs-content":"","ast-featured-img":"","footer-sml-layout":"","theme-transparent-header-meta":"default","adv-header-id-meta":"","stick-header-meta":"default","header-above-stick-meta":"","header-main-stick-meta":"","header-below-stick-meta":"","astra-migrate-meta-layouts":"set","ast-page-background-enabled":"default","ast-page-background-meta":{"desktop":{"background-color":"var(--ast-global-color-5)","background-image":"","background-repeat":"repeat","background-position":"center center","background-size":"auto","background-attachment":"scroll","background-type":"","background-media":"","overlay-type":"","overlay-color":"","overlay-opacity":"","overlay-gradient":""},"tablet":{"background-color":"","background-image":"","background-repeat":"repeat","background-position":"center center","background-size":"auto","background-attachment":"scroll","background-type":"","background-media":"","overlay-type":"","overlay-color":"","overlay-opacity":"","overlay-gradient":""},"mobile":{"background-color":"","background-image":"","background-repeat":"repeat","background-position":"center center","background-size":"auto","background-attachment":"scroll","background-type":"","background-media":"","overlay-type":"","overlay-color":"","overlay-opacity":"","overlay-gradient":""}},"ast-content-background-meta":{"desktop":{"background-color":"var(--ast-global-color-4)","background-image":"","background-repeat":"repeat","background-position":"center center","background-size":"auto","background-attachment":"scroll","background-type":"","background-media":"","overlay-type":"","overlay-color":"","overlay-opacity":"","overlay-gradient":""},"tablet":{"background-color":"var(--ast-global-color-4)","background-image":"","background-repeat":"repeat","background-position":"center center","background-size":"auto","background-attachment":"scroll","background-type":"","background-media":"","overlay-type":"","overlay-color":"","overlay-opacity":"","overlay-gradient":""},"mobile":{"background-color":"var(--ast-global-color-4)","background-image":"","background-repeat":"repeat","background-position":"center center","background-size":"auto","background-attachment":"scroll","background-type":"","background-media":"","overlay-type":"","overlay-color":"","overlay-opacity":"","overlay-gradient":""}},"ngg_post_thumbnail":0},"pwb-brand":[],"product_brand":[43],"product_cat":[35,42],"product_tag":[44],"class_list":{"0":"post-467","1":"product","2":"type-product","3":"status-publish","4":"has-post-thumbnail","6":"product_brand-cleveland","7":"product_cat-angebot","8":"product_cat-classics","9":"product_tag-cleveland","10":"desktop-align-left","11":"tablet-align-left","12":"mobile-align-left","13":"ast-product-gallery-layout-horizontal-slider","14":"ast-product-tabs-layout-distributed","15":"ast-qv-on-image","17":"first","18":"instock","19":"virtual","20":"product-type-simple"},"brands":[],"_links":{"self":[{"href":"https:\/\/motorcycle.funpunk.ch\/en\/wp-json\/wp\/v2\/product\/467","targetHints":{"allow":["GET"]}}],"collection":[{"href":"https:\/\/motorcycle.funpunk.ch\/en\/wp-json\/wp\/v2\/product"}],"about":[{"href":"https:\/\/motorcycle.funpunk.ch\/en\/wp-json\/wp\/v2\/types\/product"}],"wp:featuredmedia":[{"embeddable":true,"href":"https:\/\/motorcycle.funpunk.ch\/en\/wp-json\/wp\/v2\/media\/473"}],"wp:attachment":[{"href":"https:\/\/motorcycle.funpunk.ch\/en\/wp-json\/wp\/v2\/media?parent=467"}],"wp:term":[{"taxonomy":"pwb-brand","embeddable":true,"href":"https:\/\/motorcycle.funpunk.ch\/en\/wp-json\/wp\/v2\/pwb-brand?post=467"},{"taxonomy":"product_brand","embeddable":true,"href":"https:\/\/motorcycle.funpunk.ch\/en\/wp-json\/wp\/v2\/product_brand?post=467"},{"taxonomy":"product_cat","embeddable":true,"href":"https:\/\/motorcycle.funpunk.ch\/en\/wp-json\/wp\/v2\/product_cat?post=467"},{"taxonomy":"product_tag","embeddable":true,"href":"https:\/\/motorcycle.funpunk.ch\/en\/wp-json\/wp\/v2\/product_tag?post=467"}],"curies":[{"name":"wp","href":"https:\/\/api.w.org\/{rel}","templated":true}]}}