{"id":516,"date":"2025-06-02T15:49:24","date_gmt":"2025-06-02T15:49:24","guid":{"rendered":"https:\/\/motorcycle.funpunk.ch\/?post_type=product&#038;p=516"},"modified":"2025-06-02T15:53:39","modified_gmt":"2025-06-02T15:53:39","slug":"harley-davidson-model-e-61-ohv","status":"publish","type":"product","link":"https:\/\/motorcycle.funpunk.ch\/en\/product\/harley-davidson-model-e-61-ohv\/","title":{"rendered":"Harley Davidson Model E 61\u201c OHV"},"content":{"rendered":"<div class=\"inventar-texte\">\n<p>Diese 47er Knucklehead, das letzte Produktionsjahr f\u00fcr diese Modellserie, ist im Originalzustand inkl. Ledersitz, Kilometertacho, und der raren Soziussitz Kombination wie sie ausschliesslich f\u00fcr den Europ\u00e4ischen Markt geliefert wurde, da es hier als unanst\u00e4ndig angesehen wurde, die weibliche Begleitperson zu nah, wie auf dem Buddyseat (amerikanischer Doppelsitz) oder auch Elefantenohr genannt, zu bef\u00f6rdern.<\/p>\n<p>Sie wurde 1947 in die Schweiz importiert und wurde viele Jahre von einem bekannten Harley H\u00e4ndler aus dem Kanton Bern gefahren bis sie den Weg in unsere Sammlung gefunden hat.<\/p>\n<p>Ab 1942 wurde die Herstellung der Knucklehead durch den Krieg empfindlich gest\u00f6rt, da Harley alle Anstrengungen auf die Produktion von Milit\u00e4rmaschinen richtete. Die FL und EL waren erst 1946 wieder mit nennenswerten Produktionszahlen von je ca. 5000 St\u00fcck, vertreten. Bis 1948 die erste Panhead die Knucklehead abl\u00f6ste, blieb sie weitgehend unver\u00e4ndert.<\/p>\n<\/div>","protected":false},"excerpt":{"rendered":"<p>Gegen Angebot \/ Make offer<\/p>\n<p>Harley-Davidson Modell E OHV, Knucklehead, Hubraum 988 ccm, Baujahr 1947 (letztes Produktionsjahr), Getriebe 4-Gang, Handschaltung, Starrahmen mit Federgabel. Originalfartonlackierung in Skyway blue.<\/p>","protected":false},"featured_media":517,"template":"","meta":{"_monsterinsights_skip_tracking":false,"_monsterinsights_sitenote_active":false,"_monsterinsights_sitenote_note":"","_monsterinsights_sitenote_category":0,"site-sidebar-layout":"default","site-content-layout":"","ast-site-content-layout":"default","site-content-style":"default","site-sidebar-style":"default","ast-global-header-display":"","ast-banner-title-visibility":"","ast-main-header-display":"","ast-hfb-above-header-display":"","ast-hfb-below-header-display":"","ast-hfb-mobile-header-display":"","site-post-title":"","ast-breadcrumbs-content":"","ast-featured-img":"","footer-sml-layout":"","theme-transparent-header-meta":"default","adv-header-id-meta":"","stick-header-meta":"default","header-above-stick-meta":"","header-main-stick-meta":"","header-below-stick-meta":"","astra-migrate-meta-layouts":"set","ast-page-background-enabled":"default","ast-page-background-meta":{"desktop":{"background-color":"var(--ast-global-color-5)","background-image":"","background-repeat":"repeat","background-position":"center center","background-size":"auto","background-attachment":"scroll","background-type":"","background-media":"","overlay-type":"","overlay-color":"","overlay-opacity":"","overlay-gradient":""},"tablet":{"background-color":"","background-image":"","background-repeat":"repeat","background-position":"center center","background-size":"auto","background-attachment":"scroll","background-type":"","background-media":"","overlay-type":"","overlay-color":"","overlay-opacity":"","overlay-gradient":""},"mobile":{"background-color":"","background-image":"","background-repeat":"repeat","background-position":"center center","background-size":"auto","background-attachment":"scroll","background-type":"","background-media":"","overlay-type":"","overlay-color":"","overlay-opacity":"","overlay-gradient":""}},"ast-content-background-meta":{"desktop":{"background-color":"var(--ast-global-color-4)","background-image":"","background-repeat":"repeat","background-position":"center center","background-size":"auto","background-attachment":"scroll","background-type":"","background-media":"","overlay-type":"","overlay-color":"","overlay-opacity":"","overlay-gradient":""},"tablet":{"background-color":"var(--ast-global-color-4)","background-image":"","background-repeat":"repeat","background-position":"center center","background-size":"auto","background-attachment":"scroll","background-type":"","background-media":"","overlay-type":"","overlay-color":"","overlay-opacity":"","overlay-gradient":""},"mobile":{"background-color":"var(--ast-global-color-4)","background-image":"","background-repeat":"repeat","background-position":"center center","background-size":"auto","background-attachment":"scroll","background-type":"","background-media":"","overlay-type":"","overlay-color":"","overlay-opacity":"","overlay-gradient":""}},"ngg_post_thumbnail":0},"pwb-brand":[],"product_brand":[21],"product_cat":[35,37],"product_tag":[45,46],"class_list":{"0":"post-516","1":"product","2":"type-product","3":"status-publish","4":"has-post-thumbnail","6":"product_brand-harley-davidson","7":"product_cat-angebot","8":"product_cat-harley-davidson","9":"product_tag-harley-davidson","10":"product_tag-harley-davidson-kr-750-flat-track-racer","11":"desktop-align-left","12":"tablet-align-left","13":"mobile-align-left","14":"ast-product-gallery-layout-horizontal-slider","15":"ast-product-tabs-layout-distributed","16":"ast-qv-on-image","18":"first","19":"instock","20":"virtual","21":"product-type-simple"},"brands":[],"_links":{"self":[{"href":"https:\/\/motorcycle.funpunk.ch\/en\/wp-json\/wp\/v2\/product\/516","targetHints":{"allow":["GET"]}}],"collection":[{"href":"https:\/\/motorcycle.funpunk.ch\/en\/wp-json\/wp\/v2\/product"}],"about":[{"href":"https:\/\/motorcycle.funpunk.ch\/en\/wp-json\/wp\/v2\/types\/product"}],"wp:featuredmedia":[{"embeddable":true,"href":"https:\/\/motorcycle.funpunk.ch\/en\/wp-json\/wp\/v2\/media\/517"}],"wp:attachment":[{"href":"https:\/\/motorcycle.funpunk.ch\/en\/wp-json\/wp\/v2\/media?parent=516"}],"wp:term":[{"taxonomy":"pwb-brand","embeddable":true,"href":"https:\/\/motorcycle.funpunk.ch\/en\/wp-json\/wp\/v2\/pwb-brand?post=516"},{"taxonomy":"product_brand","embeddable":true,"href":"https:\/\/motorcycle.funpunk.ch\/en\/wp-json\/wp\/v2\/product_brand?post=516"},{"taxonomy":"product_cat","embeddable":true,"href":"https:\/\/motorcycle.funpunk.ch\/en\/wp-json\/wp\/v2\/product_cat?post=516"},{"taxonomy":"product_tag","embeddable":true,"href":"https:\/\/motorcycle.funpunk.ch\/en\/wp-json\/wp\/v2\/product_tag?post=516"}],"curies":[{"name":"wp","href":"https:\/\/api.w.org\/{rel}","templated":true}]}}