{"id":523,"date":"2025-06-02T15:59:47","date_gmt":"2025-06-02T15:59:47","guid":{"rendered":"https:\/\/motorcycle.funpunk.ch\/?post_type=product&#038;p=523"},"modified":"2025-06-02T16:02:49","modified_gmt":"2025-06-02T16:02:49","slug":"harley-davidson-knucklehead-bobber","status":"publish","type":"product","link":"https:\/\/motorcycle.funpunk.ch\/en\/product\/harley-davidson-knucklehead-bobber\/","title":{"rendered":"Harley Davidson Knucklehead Bobber"},"content":{"rendered":"<div class=\"inventar-texte\">\n<div class=\"inventar-texte\">\n<div>\n<p>Wir bauen solche Bobber aus Original Harley-Davidson Motorr\u00e4der und Ersatzteilen neu auf. Motor, Getriebe sowie die ganze Mechanik wird von uns professionell revidiert.&nbsp;<\/p>\n<p>N\u00e4chstes Projekt und bereits in Arbeit ist eine Knucklehead FL 1200 ccm Baujahr 1945. Soeben ist eine WL im Bobberstyle und eine Indian Scout von 1943 fertig geworden, ausgestellt in unsererm Pavillon an der Solothurnstrasse in 3362 Nieder\u00f6nz.<\/p>\n<p>Weitere Ausk\u00fcnfte und Preisangaben bei uns im Gesch\u00e4ft bei einer Besichtigung. Bitte vorher anrufen: +41 (0) 62 961 0505<\/p>\n<\/div>\n<\/div>\n<\/div>","protected":false},"excerpt":{"rendered":"<p>Preis je nach Ausf\u00fchrung<\/p>\n<p>HARLEY-DAVIDSON KNUCKLEHEAD BOBBER 1207 ccm, Baujahr 1947, von uns professionell revidiert und restauriert. Kundenw\u00fcnsche k\u00f6nnen zum Teil ber\u00fccksichtigt werden.<\/p>","protected":false},"featured_media":524,"template":"","meta":{"_monsterinsights_skip_tracking":false,"_monsterinsights_sitenote_active":false,"_monsterinsights_sitenote_note":"","_monsterinsights_sitenote_category":0,"site-sidebar-layout":"default","site-content-layout":"","ast-site-content-layout":"default","site-content-style":"default","site-sidebar-style":"default","ast-global-header-display":"","ast-banner-title-visibility":"","ast-main-header-display":"","ast-hfb-above-header-display":"","ast-hfb-below-header-display":"","ast-hfb-mobile-header-display":"","site-post-title":"","ast-breadcrumbs-content":"","ast-featured-img":"","footer-sml-layout":"","theme-transparent-header-meta":"default","adv-header-id-meta":"","stick-header-meta":"default","header-above-stick-meta":"","header-main-stick-meta":"","header-below-stick-meta":"","astra-migrate-meta-layouts":"set","ast-page-background-enabled":"default","ast-page-background-meta":{"desktop":{"background-color":"var(--ast-global-color-5)","background-image":"","background-repeat":"repeat","background-position":"center center","background-size":"auto","background-attachment":"scroll","background-type":"","background-media":"","overlay-type":"","overlay-color":"","overlay-opacity":"","overlay-gradient":""},"tablet":{"background-color":"","background-image":"","background-repeat":"repeat","background-position":"center center","background-size":"auto","background-attachment":"scroll","background-type":"","background-media":"","overlay-type":"","overlay-color":"","overlay-opacity":"","overlay-gradient":""},"mobile":{"background-color":"","background-image":"","background-repeat":"repeat","background-position":"center center","background-size":"auto","background-attachment":"scroll","background-type":"","background-media":"","overlay-type":"","overlay-color":"","overlay-opacity":"","overlay-gradient":""}},"ast-content-background-meta":{"desktop":{"background-color":"var(--ast-global-color-4)","background-image":"","background-repeat":"repeat","background-position":"center center","background-size":"auto","background-attachment":"scroll","background-type":"","background-media":"","overlay-type":"","overlay-color":"","overlay-opacity":"","overlay-gradient":""},"tablet":{"background-color":"var(--ast-global-color-4)","background-image":"","background-repeat":"repeat","background-position":"center center","background-size":"auto","background-attachment":"scroll","background-type":"","background-media":"","overlay-type":"","overlay-color":"","overlay-opacity":"","overlay-gradient":""},"mobile":{"background-color":"var(--ast-global-color-4)","background-image":"","background-repeat":"repeat","background-position":"center center","background-size":"auto","background-attachment":"scroll","background-type":"","background-media":"","overlay-type":"","overlay-color":"","overlay-opacity":"","overlay-gradient":""}},"ngg_post_thumbnail":0},"pwb-brand":[],"product_brand":[21],"product_cat":[35,37],"product_tag":[45,46],"class_list":{"0":"post-523","1":"product","2":"type-product","3":"status-publish","4":"has-post-thumbnail","6":"product_brand-harley-davidson","7":"product_cat-angebot","8":"product_cat-harley-davidson","9":"product_tag-harley-davidson","10":"product_tag-harley-davidson-kr-750-flat-track-racer","11":"desktop-align-left","12":"tablet-align-left","13":"mobile-align-left","14":"ast-product-gallery-layout-horizontal-slider","15":"ast-product-tabs-layout-distributed","16":"ast-qv-on-image","18":"first","19":"instock","20":"virtual","21":"product-type-simple"},"brands":[],"_links":{"self":[{"href":"https:\/\/motorcycle.funpunk.ch\/en\/wp-json\/wp\/v2\/product\/523","targetHints":{"allow":["GET"]}}],"collection":[{"href":"https:\/\/motorcycle.funpunk.ch\/en\/wp-json\/wp\/v2\/product"}],"about":[{"href":"https:\/\/motorcycle.funpunk.ch\/en\/wp-json\/wp\/v2\/types\/product"}],"wp:featuredmedia":[{"embeddable":true,"href":"https:\/\/motorcycle.funpunk.ch\/en\/wp-json\/wp\/v2\/media\/524"}],"wp:attachment":[{"href":"https:\/\/motorcycle.funpunk.ch\/en\/wp-json\/wp\/v2\/media?parent=523"}],"wp:term":[{"taxonomy":"pwb-brand","embeddable":true,"href":"https:\/\/motorcycle.funpunk.ch\/en\/wp-json\/wp\/v2\/pwb-brand?post=523"},{"taxonomy":"product_brand","embeddable":true,"href":"https:\/\/motorcycle.funpunk.ch\/en\/wp-json\/wp\/v2\/product_brand?post=523"},{"taxonomy":"product_cat","embeddable":true,"href":"https:\/\/motorcycle.funpunk.ch\/en\/wp-json\/wp\/v2\/product_cat?post=523"},{"taxonomy":"product_tag","embeddable":true,"href":"https:\/\/motorcycle.funpunk.ch\/en\/wp-json\/wp\/v2\/product_tag?post=523"}],"curies":[{"name":"wp","href":"https:\/\/api.w.org\/{rel}","templated":true}]}}