{"id":564,"date":"2025-06-02T16:17:59","date_gmt":"2025-06-02T16:17:59","guid":{"rendered":"https:\/\/motorcycle.funpunk.ch\/?post_type=product&#038;p=564"},"modified":"2025-06-23T10:06:58","modified_gmt":"2025-06-23T10:06:58","slug":"harley-davidson-flh-shovelhead-police-electra-glide","status":"publish","type":"product","link":"https:\/\/motorcycle.funpunk.ch\/en\/product\/harley-davidson-flh-shovelhead-police-electra-glide\/","title":{"rendered":"Harley Davidson FLH Shovelhead Police Electra Glide"},"content":{"rendered":"<div class=\"inventar-texte\">\n<div class=\"inventar-texte\">\n<p>Harley-Davidson und Indian waren \u00fcber viele Jahre der offizielle Ausr\u00fcster der Amerikanischen Polizei und Sheriff Departements. Auch viele ausl\u00e4ndische Polizei Corps setzten diese Maschinen ein. Sogar in der Schweiz, im Kanton Waadt wurden sie eingesetzt. Nach dem Verschwinden von Indian im Jahre 1953 war Harley f\u00fcr die Polizei die einzige Alternative. Viele Amerikaner hatten die erste Gelegenheit sich eine Harley n\u00e4her anzusehen, wenn sie einem Harley fahrenden Polizisten ihre Verfehlung zu erkl\u00e4ren versuchten. In den 80er Jahren wurden sie zum Teil von grossvolumigen japanischen Motorr\u00e4dern verdr\u00e4ngt.<\/p>\n<p>Shovel Motoren wurden von 1970 bis 1984 gebaut und 1985 vom Evolution Motor abgel\u00f6st.<\/p>\n<p>Weitere Ausk\u00fcnfte bei einer Besichtigung, ausgestellt in unserem Pavillon in Nieder\u00f6nz.<\/p>\n<\/div>\n<\/div>","protected":false},"excerpt":{"rendered":"<p>Preis: CHF 27500.- ohne MFK.<br \/>\nab MFK, nach Aufwand ca. 1500.-<\/p>\n<p>Diese Police FLH&nbsp; Electra-Glide war ein Escort Motorrad vom ehemaligen Pr\u00e4sidenten S\u00e9kou Tour\u00e9 von Guinea. Sie ist ausger\u00fcstet mit Sirene, Drehlichter, Polizei Funkger\u00e4t mit Lautsprecher und Mikrofon. So wurden sie auch in den USA von der Polizei verwendet. Sie ist 100% Original mit Erstlackierung und wurde nur 3500 Meilen gefahren. Sie hat Schweizer Strassenzulassung. Schriftzug und Polizeilichter m\u00fcssen w\u00e4hrend der Fahrt abgedeckt werden.<\/p>","protected":false},"featured_media":565,"template":"","meta":{"_monsterinsights_skip_tracking":false,"_monsterinsights_sitenote_active":false,"_monsterinsights_sitenote_note":"","_monsterinsights_sitenote_category":0,"site-sidebar-layout":"default","site-content-layout":"","ast-site-content-layout":"default","site-content-style":"default","site-sidebar-style":"default","ast-global-header-display":"","ast-banner-title-visibility":"","ast-main-header-display":"","ast-hfb-above-header-display":"","ast-hfb-below-header-display":"","ast-hfb-mobile-header-display":"","site-post-title":"","ast-breadcrumbs-content":"","ast-featured-img":"","footer-sml-layout":"","theme-transparent-header-meta":"default","adv-header-id-meta":"","stick-header-meta":"default","header-above-stick-meta":"","header-main-stick-meta":"","header-below-stick-meta":"","astra-migrate-meta-layouts":"set","ast-page-background-enabled":"default","ast-page-background-meta":{"desktop":{"background-color":"var(--ast-global-color-5)","background-image":"","background-repeat":"repeat","background-position":"center center","background-size":"auto","background-attachment":"scroll","background-type":"","background-media":"","overlay-type":"","overlay-color":"","overlay-opacity":"","overlay-gradient":""},"tablet":{"background-color":"","background-image":"","background-repeat":"repeat","background-position":"center center","background-size":"auto","background-attachment":"scroll","background-type":"","background-media":"","overlay-type":"","overlay-color":"","overlay-opacity":"","overlay-gradient":""},"mobile":{"background-color":"","background-image":"","background-repeat":"repeat","background-position":"center center","background-size":"auto","background-attachment":"scroll","background-type":"","background-media":"","overlay-type":"","overlay-color":"","overlay-opacity":"","overlay-gradient":""}},"ast-content-background-meta":{"desktop":{"background-color":"var(--ast-global-color-4)","background-image":"","background-repeat":"repeat","background-position":"center center","background-size":"auto","background-attachment":"scroll","background-type":"","background-media":"","overlay-type":"","overlay-color":"","overlay-opacity":"","overlay-gradient":""},"tablet":{"background-color":"var(--ast-global-color-4)","background-image":"","background-repeat":"repeat","background-position":"center center","background-size":"auto","background-attachment":"scroll","background-type":"","background-media":"","overlay-type":"","overlay-color":"","overlay-opacity":"","overlay-gradient":""},"mobile":{"background-color":"var(--ast-global-color-4)","background-image":"","background-repeat":"repeat","background-position":"center center","background-size":"auto","background-attachment":"scroll","background-type":"","background-media":"","overlay-type":"","overlay-color":"","overlay-opacity":"","overlay-gradient":""}},"ngg_post_thumbnail":0},"pwb-brand":[],"product_brand":[21],"product_cat":[35,37],"product_tag":[45,48],"class_list":{"0":"post-564","1":"product","2":"type-product","3":"status-publish","4":"has-post-thumbnail","6":"product_brand-harley-davidson","7":"product_cat-angebot","8":"product_cat-harley-davidson","9":"product_tag-harley-davidson","10":"product_tag-harley-davidson-45-sv-model-1948","11":"desktop-align-left","12":"tablet-align-left","13":"mobile-align-left","14":"ast-product-gallery-layout-horizontal-slider","15":"ast-product-tabs-layout-distributed","16":"ast-qv-on-image","18":"first","19":"instock","20":"virtual","21":"product-type-simple"},"brands":[],"_links":{"self":[{"href":"https:\/\/motorcycle.funpunk.ch\/en\/wp-json\/wp\/v2\/product\/564","targetHints":{"allow":["GET"]}}],"collection":[{"href":"https:\/\/motorcycle.funpunk.ch\/en\/wp-json\/wp\/v2\/product"}],"about":[{"href":"https:\/\/motorcycle.funpunk.ch\/en\/wp-json\/wp\/v2\/types\/product"}],"wp:featuredmedia":[{"embeddable":true,"href":"https:\/\/motorcycle.funpunk.ch\/en\/wp-json\/wp\/v2\/media\/565"}],"wp:attachment":[{"href":"https:\/\/motorcycle.funpunk.ch\/en\/wp-json\/wp\/v2\/media?parent=564"}],"wp:term":[{"taxonomy":"pwb-brand","embeddable":true,"href":"https:\/\/motorcycle.funpunk.ch\/en\/wp-json\/wp\/v2\/pwb-brand?post=564"},{"taxonomy":"product_brand","embeddable":true,"href":"https:\/\/motorcycle.funpunk.ch\/en\/wp-json\/wp\/v2\/product_brand?post=564"},{"taxonomy":"product_cat","embeddable":true,"href":"https:\/\/motorcycle.funpunk.ch\/en\/wp-json\/wp\/v2\/product_cat?post=564"},{"taxonomy":"product_tag","embeddable":true,"href":"https:\/\/motorcycle.funpunk.ch\/en\/wp-json\/wp\/v2\/product_tag?post=564"}],"curies":[{"name":"wp","href":"https:\/\/api.w.org\/{rel}","templated":true}]}}