{"id":684,"date":"2025-06-03T09:56:28","date_gmt":"2025-06-03T09:56:28","guid":{"rendered":"https:\/\/motorcycle.funpunk.ch\/?post_type=product&#038;p=684"},"modified":"2025-06-03T10:02:54","modified_gmt":"2025-06-03T10:02:54","slug":"harley-davidson-fl-panhead-bobber","status":"publish","type":"product","link":"https:\/\/motorcycle.funpunk.ch\/en\/product\/harley-davidson-fl-panhead-bobber\/","title":{"rendered":"Harley Davidson FL Panhead Bobber"},"content":{"rendered":"<div class=\"inventar-texte\">\n<div class=\"inventar-texte\">\n<div class=\"inventar-texte\">\n<div class=\"inventar-texte\">\n<div class=\"inventar-texte\">\n<div>\n<p>Diese hier abgebildete 48 Panhead ist fertig und&nbsp;verkauft.&nbsp;Als Basis f\u00fcr diesen 48er Bobber-Aufbau dienten mehrheitlich Original Harley Teile, wie zum Beispiel Rahmen, Gabel, Motor, Getriebe und R\u00e4der. Alle Komponenten wurden mechanisch revidiert. 1948 ist das letzte Baujahr f\u00fcr die Federgabel an Big Twin Modellen und das erste Baujahr f\u00fcr den legend\u00e4ren Panhead Motor. Ab 1949 kam die Teleskop-Gabel zum Einsatz. Auf Wunsch, und wenn die Basis vorhanden ist, bauen wir auch Bobber mit anderem Motor, anderer Gabel und Optik. Der Begriff Bobber bezieht sich auf den &#8222;Bob&#8220;, also den kleinen Aussenschwung am unteren Ende des Schutzblechs an alten Harley-Modellen. Neben dem Motortuning war eine der ersten Modifizierungen, die ein Harley-Enthusiast in den 40er und 50er Jahren vornahm, wenn er sein Fahrzeug leichter und damit schneller machen wollte, das originale Vorderradschutzblech nach hinten gedreht \u00fcber dem Hinterrad zu montieren. Das urspr\u00fcngliche Hinterradschutzblech wurde weggelassen, das Vorderrad lief ohne Schutzblech. Solche Fahrzeuge hatten am Heck den &#8222;Bob&#8220; und hiessen deshalb Bobber. Die Modifizierungen erfolgten urspr\u00fcnglich, um einerseits das Gewicht zu reduzieren und so die Fahrleistung zu verbessern. Andererseits sollte das oft als schwerf\u00e4llig oder schw\u00fclstig empfundene Aussehen verbessert werden. Es war die erste Anlehnung von Strassenmotorr\u00e4dern an typisch amerikanische Rennmaschinen &#8211; in diesem Fall Track Racer und Hillclimber. Diese Motorr\u00e4der wurden zun\u00e4chst als Bobber oder Bobchops bezeichnet. Der Vorgang, aus einem Motorrad einen solchen Bobber zu machen, hiessen umgangssprachlich bald &#8222;Bob Job&#8220;.<\/p>\n<p>Dieses Motorrad ist inzwischen verkauft. Zwei weitere zerlegte 48er stehen uns im Lager noch zur Verf\u00fcgung.<\/p>\n<p>Soeben ist eine Flatty im Bobberstyle und eine Indian Scout als Bobber fertig geworden. Das n\u00e4chste Projekt wird eine Knucklehead Baujahr 1945 sein. Der Original Motor von 1945 mit 1200 ccm ist bald fertig revidiert, von uns in unserer professionellen Werkstatt.<\/p>\n<\/div>\n<\/div>\n<\/div>\n<\/div>\n<\/div>\n<\/div>","protected":false},"excerpt":{"rendered":"<p>Preis je nach Ausf\u00fchrung, &nbsp;auf Anfrage<\/p>\n<p>HARLEY-DAVIDSON PANHEAD BOBBER 1207 ccm, Baujahr 1948, professionell revidiert und restauriert. Kundenw\u00fcnsche k\u00f6nnen zum Teil ber\u00fccksichtigt werden. Weitere Ausk\u00fcnfte und Preisangaben bei uns im Gesch\u00e4ft bei einer Besichtigung.<\/p>","protected":false},"featured_media":685,"template":"","meta":{"_monsterinsights_skip_tracking":false,"_monsterinsights_sitenote_active":false,"_monsterinsights_sitenote_note":"","_monsterinsights_sitenote_category":0,"site-sidebar-layout":"default","site-content-layout":"","ast-site-content-layout":"default","site-content-style":"default","site-sidebar-style":"default","ast-global-header-display":"","ast-banner-title-visibility":"","ast-main-header-display":"","ast-hfb-above-header-display":"","ast-hfb-below-header-display":"","ast-hfb-mobile-header-display":"","site-post-title":"","ast-breadcrumbs-content":"","ast-featured-img":"","footer-sml-layout":"","theme-transparent-header-meta":"default","adv-header-id-meta":"","stick-header-meta":"default","header-above-stick-meta":"","header-main-stick-meta":"","header-below-stick-meta":"","astra-migrate-meta-layouts":"set","ast-page-background-enabled":"default","ast-page-background-meta":{"desktop":{"background-color":"var(--ast-global-color-5)","background-image":"","background-repeat":"repeat","background-position":"center center","background-size":"auto","background-attachment":"scroll","background-type":"","background-media":"","overlay-type":"","overlay-color":"","overlay-opacity":"","overlay-gradient":""},"tablet":{"background-color":"","background-image":"","background-repeat":"repeat","background-position":"center center","background-size":"auto","background-attachment":"scroll","background-type":"","background-media":"","overlay-type":"","overlay-color":"","overlay-opacity":"","overlay-gradient":""},"mobile":{"background-color":"","background-image":"","background-repeat":"repeat","background-position":"center center","background-size":"auto","background-attachment":"scroll","background-type":"","background-media":"","overlay-type":"","overlay-color":"","overlay-opacity":"","overlay-gradient":""}},"ast-content-background-meta":{"desktop":{"background-color":"var(--ast-global-color-4)","background-image":"","background-repeat":"repeat","background-position":"center center","background-size":"auto","background-attachment":"scroll","background-type":"","background-media":"","overlay-type":"","overlay-color":"","overlay-opacity":"","overlay-gradient":""},"tablet":{"background-color":"var(--ast-global-color-4)","background-image":"","background-repeat":"repeat","background-position":"center center","background-size":"auto","background-attachment":"scroll","background-type":"","background-media":"","overlay-type":"","overlay-color":"","overlay-opacity":"","overlay-gradient":""},"mobile":{"background-color":"var(--ast-global-color-4)","background-image":"","background-repeat":"repeat","background-position":"center center","background-size":"auto","background-attachment":"scroll","background-type":"","background-media":"","overlay-type":"","overlay-color":"","overlay-opacity":"","overlay-gradient":""}},"ngg_post_thumbnail":0},"pwb-brand":[],"product_brand":[21],"product_cat":[35,37],"product_tag":[45,53],"class_list":{"0":"post-684","1":"product","2":"type-product","3":"status-publish","4":"has-post-thumbnail","6":"product_brand-harley-davidson","7":"product_cat-angebot","8":"product_cat-harley-davidson","9":"product_tag-harley-davidson","10":"product_tag-panhead-bobber","11":"desktop-align-left","12":"tablet-align-left","13":"mobile-align-left","14":"ast-product-gallery-layout-horizontal-slider","15":"ast-product-tabs-layout-distributed","16":"ast-qv-on-image","18":"first","19":"instock","20":"virtual","21":"product-type-simple"},"brands":[],"_links":{"self":[{"href":"https:\/\/motorcycle.funpunk.ch\/en\/wp-json\/wp\/v2\/product\/684","targetHints":{"allow":["GET"]}}],"collection":[{"href":"https:\/\/motorcycle.funpunk.ch\/en\/wp-json\/wp\/v2\/product"}],"about":[{"href":"https:\/\/motorcycle.funpunk.ch\/en\/wp-json\/wp\/v2\/types\/product"}],"wp:featuredmedia":[{"embeddable":true,"href":"https:\/\/motorcycle.funpunk.ch\/en\/wp-json\/wp\/v2\/media\/685"}],"wp:attachment":[{"href":"https:\/\/motorcycle.funpunk.ch\/en\/wp-json\/wp\/v2\/media?parent=684"}],"wp:term":[{"taxonomy":"pwb-brand","embeddable":true,"href":"https:\/\/motorcycle.funpunk.ch\/en\/wp-json\/wp\/v2\/pwb-brand?post=684"},{"taxonomy":"product_brand","embeddable":true,"href":"https:\/\/motorcycle.funpunk.ch\/en\/wp-json\/wp\/v2\/product_brand?post=684"},{"taxonomy":"product_cat","embeddable":true,"href":"https:\/\/motorcycle.funpunk.ch\/en\/wp-json\/wp\/v2\/product_cat?post=684"},{"taxonomy":"product_tag","embeddable":true,"href":"https:\/\/motorcycle.funpunk.ch\/en\/wp-json\/wp\/v2\/product_tag?post=684"}],"curies":[{"name":"wp","href":"https:\/\/api.w.org\/{rel}","templated":true}]}}