{"id":698,"date":"2025-06-03T10:18:19","date_gmt":"2025-06-03T10:18:19","guid":{"rendered":"https:\/\/motorcycle.funpunk.ch\/?post_type=product&#038;p=698"},"modified":"2025-06-03T10:32:00","modified_gmt":"2025-06-03T10:32:00","slug":"indian-four-1940","status":"publish","type":"product","link":"https:\/\/motorcycle.funpunk.ch\/en\/product\/indian-four-1940\/","title":{"rendered":"Indian Four 1940 black"},"content":{"rendered":"<div class=\"inventar-texte\">\n<div>\n<p>In den letzten Baujahren,1940 bis1942, kostete eine 4-Zylinder Indian gleich viel wie ein Buick V8, und dies war sicher kein g\u00fcnstiges Auto.<\/p>\n<p>GESCHICHTE:<\/p>\n<p>1940 folgten Hinterradfederung und die grossen Schutzbleche mit seitlichen Radabdeckungen, wie sie gleichzeitig auch an der Chief eingef\u00fchrt wurden. Der Motor war derselbe wie er 1938 fertig entwickelt wurde. Selten sah ein Motorrad so gelungen und perfekt aus wie die letzten Indian Four. Die Modell Reihen 1940 bis 1942 werden heute die Duesenberg\u2018s der Motor\u00e4der genannt und erzielen unter Liebhabern Spitzenpreise. Heute geh\u00f6ren diese Indian Four zu den gesuchtesten Rarit\u00e4ten.<\/p>\n<p>Diese sehr sch\u00f6ne Indian Four ist seit 1988 in der Schweiz und im gleichen Besitz. Sie wurde regelm\u00e4ssig professionell unterhalten und revidiert. Sie sucht aus Altersgr\u00fcnden einen neuen Besitzer. Vorbesitzer war ein sehr bekannter Sammler und ehemaliges Vorstandsmitglied des AMCA.&nbsp;<\/p>\n<p>Eine Restaurierung in diesem Umfang und von dieser Qualit\u00e4t kann man ohne weiteres mit ca. CHF 70&#8217;000 bewerten. Hier steht ein Fahrzeug, welches fertig restauriert, eingefahren und als Veteran gepr\u00fcft ist. Es ist bereit, dem neuen Besitzer oder der neuen Besitzerin viele Jahre grosse Freude und Fahrspass zu bereiten.<\/p>\n<p>Das Fahrzeug ist ab MFK gepr\u00fcft mit Veteraneneintrag und kann jederzeit bei uns besichtig werden, ausgestellt in unserem Glaspavillon in Nieder\u00f6nz. Preis nach Absprache oder Besichtigung. Telefon +41 62 961 0505.<\/p>\n<\/div>\n<\/div>","protected":false},"excerpt":{"rendered":"<p>Preis auf Anfrage<\/p>\n<p>Diese Matching Number Indian Four Baujahr 1940 wurde mechanisch und optisch total revidiert hier in der Schweiz. Sie hat die schwarze Lackierung in einer der vielen damals angebotenen DuPont Lackierungen. DuPont war Hauptaktion\u00e4r von Indian.<\/p>\n<p>Sie ist mit diversem Zubeh\u00f6r ausgestattet, wie zum Beispiel: Zusatz Lampen, Sturzb\u00fcgel, Gep\u00e4cktr\u00e4ger, Lederpacktaschen. Dieses Zubeh\u00f6r ist auf den Bildern und zur Zeit nicht montiert.<\/p>","protected":false},"featured_media":699,"template":"","meta":{"_monsterinsights_skip_tracking":false,"_monsterinsights_sitenote_active":false,"_monsterinsights_sitenote_note":"","_monsterinsights_sitenote_category":0,"site-sidebar-layout":"default","site-content-layout":"","ast-site-content-layout":"default","site-content-style":"default","site-sidebar-style":"default","ast-global-header-display":"","ast-banner-title-visibility":"","ast-main-header-display":"","ast-hfb-above-header-display":"","ast-hfb-below-header-display":"","ast-hfb-mobile-header-display":"","site-post-title":"","ast-breadcrumbs-content":"","ast-featured-img":"","footer-sml-layout":"","theme-transparent-header-meta":"default","adv-header-id-meta":"","stick-header-meta":"default","header-above-stick-meta":"","header-main-stick-meta":"","header-below-stick-meta":"","astra-migrate-meta-layouts":"set","ast-page-background-enabled":"default","ast-page-background-meta":{"desktop":{"background-color":"var(--ast-global-color-5)","background-image":"","background-repeat":"repeat","background-position":"center center","background-size":"auto","background-attachment":"scroll","background-type":"","background-media":"","overlay-type":"","overlay-color":"","overlay-opacity":"","overlay-gradient":""},"tablet":{"background-color":"","background-image":"","background-repeat":"repeat","background-position":"center center","background-size":"auto","background-attachment":"scroll","background-type":"","background-media":"","overlay-type":"","overlay-color":"","overlay-opacity":"","overlay-gradient":""},"mobile":{"background-color":"","background-image":"","background-repeat":"repeat","background-position":"center center","background-size":"auto","background-attachment":"scroll","background-type":"","background-media":"","overlay-type":"","overlay-color":"","overlay-opacity":"","overlay-gradient":""}},"ast-content-background-meta":{"desktop":{"background-color":"var(--ast-global-color-4)","background-image":"","background-repeat":"repeat","background-position":"center center","background-size":"auto","background-attachment":"scroll","background-type":"","background-media":"","overlay-type":"","overlay-color":"","overlay-opacity":"","overlay-gradient":""},"tablet":{"background-color":"var(--ast-global-color-4)","background-image":"","background-repeat":"repeat","background-position":"center center","background-size":"auto","background-attachment":"scroll","background-type":"","background-media":"","overlay-type":"","overlay-color":"","overlay-opacity":"","overlay-gradient":""},"mobile":{"background-color":"var(--ast-global-color-4)","background-image":"","background-repeat":"repeat","background-position":"center center","background-size":"auto","background-attachment":"scroll","background-type":"","background-media":"","overlay-type":"","overlay-color":"","overlay-opacity":"","overlay-gradient":""}},"ngg_post_thumbnail":0},"pwb-brand":[],"product_brand":[27],"product_cat":[35,38],"product_tag":[57,56],"class_list":{"0":"post-698","1":"product","2":"type-product","3":"status-publish","4":"has-post-thumbnail","6":"product_brand-indian","7":"product_cat-angebot","8":"product_cat-indian","9":"product_tag-four","10":"product_tag-indian","11":"desktop-align-left","12":"tablet-align-left","13":"mobile-align-left","14":"ast-product-gallery-layout-horizontal-slider","15":"ast-product-tabs-layout-distributed","16":"ast-qv-on-image","18":"first","19":"instock","20":"shipping-taxable","21":"product-type-simple"},"brands":[],"_links":{"self":[{"href":"https:\/\/motorcycle.funpunk.ch\/en\/wp-json\/wp\/v2\/product\/698","targetHints":{"allow":["GET"]}}],"collection":[{"href":"https:\/\/motorcycle.funpunk.ch\/en\/wp-json\/wp\/v2\/product"}],"about":[{"href":"https:\/\/motorcycle.funpunk.ch\/en\/wp-json\/wp\/v2\/types\/product"}],"wp:featuredmedia":[{"embeddable":true,"href":"https:\/\/motorcycle.funpunk.ch\/en\/wp-json\/wp\/v2\/media\/699"}],"wp:attachment":[{"href":"https:\/\/motorcycle.funpunk.ch\/en\/wp-json\/wp\/v2\/media?parent=698"}],"wp:term":[{"taxonomy":"pwb-brand","embeddable":true,"href":"https:\/\/motorcycle.funpunk.ch\/en\/wp-json\/wp\/v2\/pwb-brand?post=698"},{"taxonomy":"product_brand","embeddable":true,"href":"https:\/\/motorcycle.funpunk.ch\/en\/wp-json\/wp\/v2\/product_brand?post=698"},{"taxonomy":"product_cat","embeddable":true,"href":"https:\/\/motorcycle.funpunk.ch\/en\/wp-json\/wp\/v2\/product_cat?post=698"},{"taxonomy":"product_tag","embeddable":true,"href":"https:\/\/motorcycle.funpunk.ch\/en\/wp-json\/wp\/v2\/product_tag?post=698"}],"curies":[{"name":"wp","href":"https:\/\/api.w.org\/{rel}","templated":true}]}}