{"id":741,"date":"2025-06-04T08:53:54","date_gmt":"2025-06-04T08:53:54","guid":{"rendered":"https:\/\/motorcycle.funpunk.ch\/?post_type=product&#038;p=741"},"modified":"2025-06-04T09:38:34","modified_gmt":"2025-06-04T09:38:34","slug":"indian-warrior-tt-racer-1950","status":"publish","type":"product","link":"https:\/\/motorcycle.funpunk.ch\/en\/product\/indian-warrior-tt-racer-1950\/","title":{"rendered":"Indian Warrior TT Racer 1950"},"content":{"rendered":"<div class=\"inventar-texte\">\n<div class=\"inventar-texte\">\n<div class=\"inventar-texte\">\n<div>\n<p>NDIAN Warrior TT, 500 ccm, 25 PS, Baujahr 1950, 4-Gang Getriebe, Rohrrahmen mit Geradwegfederung und Telegabel. Diese Warrior TT ist im Originalzustand und f\u00fcr TT (Tourist Trophy) Rennen bestimmt. Ein sehr seltenes und heute sehr rares Originalzubeh\u00f6r von Indian sind die hier angebauten Skis. Auch war f\u00fcr diesen Zweck ein speziell von Indian gebauter Hinterrad Reifen mit Traktorprofil erh\u00e4ltlich. Unter dem Namen Arrow gab es einen 1-Zylinder mit 220 ccm Hubraum, sowie eine Super Scout Parallelzweizylinder mit 440 ccm Hubraum. In Produktion gingen ab 1950 nur noch 2-Zylinder mit 500 ccm Hubraum, die unter der Bezeichnung Warrior und Warrior TT auf den Markt kamen. Die Warrior TT hat mehr Bodenfreiheit und mehr Federweg an der Vordergabel. Spezielle Tuning Massnahmen erm\u00f6glichten mit diesem Modell den Einsatz bei den beliebten TT-Rennen. Mit dieser Modellreihe und speziellem Zubeh\u00f6r versuchte Indian am Markt zu bleiben und zu \u00fcberleben.<\/p>\n<p>Auch f\u00fcr historische Rennveranstaltung geeignet. Weitere Ausk\u00fcnfte und Preisangaben bei uns im Gesch\u00e4ft bei einer Besichtigung.<\/p>\n<\/div>\n<\/div>\n<\/div>\n<\/div>","protected":false},"excerpt":{"rendered":"<p>Preis auf Anfrage<\/p>\n<p>INDIAN Warrior TT, 500 ccm, 25 PS, Baujahr 1950, 4-Gang Getriebe, Rohrrahmen mit Geradwegfederung und Telegabel. Diese Warrior TT ist im Originalzustand und f\u00fcr TT (Tourist Trophy) Rennen bestimmt.<\/p>","protected":false},"featured_media":742,"template":"","meta":{"_monsterinsights_skip_tracking":false,"_monsterinsights_sitenote_active":false,"_monsterinsights_sitenote_note":"","_monsterinsights_sitenote_category":0,"site-sidebar-layout":"default","site-content-layout":"","ast-site-content-layout":"default","site-content-style":"default","site-sidebar-style":"default","ast-global-header-display":"","ast-banner-title-visibility":"","ast-main-header-display":"","ast-hfb-above-header-display":"","ast-hfb-below-header-display":"","ast-hfb-mobile-header-display":"","site-post-title":"","ast-breadcrumbs-content":"","ast-featured-img":"","footer-sml-layout":"","theme-transparent-header-meta":"default","adv-header-id-meta":"","stick-header-meta":"default","header-above-stick-meta":"","header-main-stick-meta":"","header-below-stick-meta":"","astra-migrate-meta-layouts":"set","ast-page-background-enabled":"default","ast-page-background-meta":{"desktop":{"background-color":"var(--ast-global-color-5)","background-image":"","background-repeat":"repeat","background-position":"center center","background-size":"auto","background-attachment":"scroll","background-type":"","background-media":"","overlay-type":"","overlay-color":"","overlay-opacity":"","overlay-gradient":""},"tablet":{"background-color":"","background-image":"","background-repeat":"repeat","background-position":"center center","background-size":"auto","background-attachment":"scroll","background-type":"","background-media":"","overlay-type":"","overlay-color":"","overlay-opacity":"","overlay-gradient":""},"mobile":{"background-color":"","background-image":"","background-repeat":"repeat","background-position":"center center","background-size":"auto","background-attachment":"scroll","background-type":"","background-media":"","overlay-type":"","overlay-color":"","overlay-opacity":"","overlay-gradient":""}},"ast-content-background-meta":{"desktop":{"background-color":"var(--ast-global-color-4)","background-image":"","background-repeat":"repeat","background-position":"center center","background-size":"auto","background-attachment":"scroll","background-type":"","background-media":"","overlay-type":"","overlay-color":"","overlay-opacity":"","overlay-gradient":""},"tablet":{"background-color":"var(--ast-global-color-4)","background-image":"","background-repeat":"repeat","background-position":"center center","background-size":"auto","background-attachment":"scroll","background-type":"","background-media":"","overlay-type":"","overlay-color":"","overlay-opacity":"","overlay-gradient":""},"mobile":{"background-color":"var(--ast-global-color-4)","background-image":"","background-repeat":"repeat","background-position":"center center","background-size":"auto","background-attachment":"scroll","background-type":"","background-media":"","overlay-type":"","overlay-color":"","overlay-opacity":"","overlay-gradient":""}},"ngg_post_thumbnail":0},"pwb-brand":[],"product_brand":[27],"product_cat":[35,38,47],"product_tag":[57,56],"class_list":{"0":"post-741","1":"product","2":"type-product","3":"status-publish","4":"has-post-thumbnail","6":"product_brand-indian","7":"product_cat-angebot","8":"product_cat-indian","9":"product_cat-racers","10":"product_tag-four","11":"product_tag-indian","12":"desktop-align-left","13":"tablet-align-left","14":"mobile-align-left","15":"ast-product-gallery-layout-horizontal-slider","16":"ast-product-tabs-layout-distributed","17":"ast-qv-on-image","19":"first","20":"instock","21":"shipping-taxable","22":"product-type-simple"},"brands":[],"_links":{"self":[{"href":"https:\/\/motorcycle.funpunk.ch\/en\/wp-json\/wp\/v2\/product\/741","targetHints":{"allow":["GET"]}}],"collection":[{"href":"https:\/\/motorcycle.funpunk.ch\/en\/wp-json\/wp\/v2\/product"}],"about":[{"href":"https:\/\/motorcycle.funpunk.ch\/en\/wp-json\/wp\/v2\/types\/product"}],"wp:featuredmedia":[{"embeddable":true,"href":"https:\/\/motorcycle.funpunk.ch\/en\/wp-json\/wp\/v2\/media\/742"}],"wp:attachment":[{"href":"https:\/\/motorcycle.funpunk.ch\/en\/wp-json\/wp\/v2\/media?parent=741"}],"wp:term":[{"taxonomy":"pwb-brand","embeddable":true,"href":"https:\/\/motorcycle.funpunk.ch\/en\/wp-json\/wp\/v2\/pwb-brand?post=741"},{"taxonomy":"product_brand","embeddable":true,"href":"https:\/\/motorcycle.funpunk.ch\/en\/wp-json\/wp\/v2\/product_brand?post=741"},{"taxonomy":"product_cat","embeddable":true,"href":"https:\/\/motorcycle.funpunk.ch\/en\/wp-json\/wp\/v2\/product_cat?post=741"},{"taxonomy":"product_tag","embeddable":true,"href":"https:\/\/motorcycle.funpunk.ch\/en\/wp-json\/wp\/v2\/product_tag?post=741"}],"curies":[{"name":"wp","href":"https:\/\/api.w.org\/{rel}","templated":true}]}}