{"id":759,"date":"2025-06-04T09:40:36","date_gmt":"2025-06-04T09:40:36","guid":{"rendered":"https:\/\/motorcycle.funpunk.ch\/?post_type=product&#038;p=759"},"modified":"2025-06-04T09:45:38","modified_gmt":"2025-06-04T09:45:38","slug":"indian-741-army-scout-1943","status":"publish","type":"product","link":"https:\/\/motorcycle.funpunk.ch\/en\/product\/indian-741-army-scout-1943\/","title":{"rendered":"Indian 741 Army Scout 1943"},"content":{"rendered":"<div class=\"inventar-texte\">\n<div class=\"inventar-texte\">\n<div class=\"inventar-texte\">\n<div class=\"inventar-texte\">\n<div>\n<p>Diese 741 Army Scout ist im Originalzustand inkl. Lederpacktaschen und Sitz. Indians Antwort auf die WLA und WLC von Harley-Davidson hiess 741 Army Scout. Dieses Motorrad sollte nicht nur der US-Regierung zusagen sondern auch f\u00fcr ausl\u00e4ndische Streitkr\u00e4fte interessant sein. Testprogramme mit anschliessender Produktion begannen 1939. Anfang 1940 gab die US-Army dann ihre Entscheidung zu Gunsten der Harley-Davidson WLA 750 bekannt. Indian entging dadurch ein riesiges Auftragsvolumen. Dieser schwerwiegende Entscheid trug voraussichtlich bereits zum Untergang der Firma 1953 bei. 741 Army Scouts in Armeeausf\u00fchrung sind heute rar geworden, da die meisten im Laufe der Zeit auf &#8222;zivil&#8220; umgebaut und umlackiert wurden. Weitere Ausk\u00fcnfte und Preisangaben bei uns im Gesch\u00e4ft bei einer Besichtigung.<\/p>\n<\/div>\n<\/div>\n<\/div>\n<\/div>\n<\/div>","protected":false},"excerpt":{"rendered":"<p>Preis auf Anfrage<\/p>\n<p>INDIAN, Modell 741 Army Scout, Hubraum 500 ccm \/ 30.50 Kubikinch, Leistung 15 PS, Baujahr 1943 Getriebe 3-Gang, Handschaltung, Starrahmen und Trapezgabel<\/p>","protected":false},"featured_media":760,"template":"","meta":{"_monsterinsights_skip_tracking":false,"_monsterinsights_sitenote_active":false,"_monsterinsights_sitenote_note":"","_monsterinsights_sitenote_category":0,"site-sidebar-layout":"default","site-content-layout":"","ast-site-content-layout":"default","site-content-style":"default","site-sidebar-style":"default","ast-global-header-display":"","ast-banner-title-visibility":"","ast-main-header-display":"","ast-hfb-above-header-display":"","ast-hfb-below-header-display":"","ast-hfb-mobile-header-display":"","site-post-title":"","ast-breadcrumbs-content":"","ast-featured-img":"","footer-sml-layout":"","theme-transparent-header-meta":"default","adv-header-id-meta":"","stick-header-meta":"default","header-above-stick-meta":"","header-main-stick-meta":"","header-below-stick-meta":"","astra-migrate-meta-layouts":"set","ast-page-background-enabled":"default","ast-page-background-meta":{"desktop":{"background-color":"var(--ast-global-color-5)","background-image":"","background-repeat":"repeat","background-position":"center center","background-size":"auto","background-attachment":"scroll","background-type":"","background-media":"","overlay-type":"","overlay-color":"","overlay-opacity":"","overlay-gradient":""},"tablet":{"background-color":"","background-image":"","background-repeat":"repeat","background-position":"center center","background-size":"auto","background-attachment":"scroll","background-type":"","background-media":"","overlay-type":"","overlay-color":"","overlay-opacity":"","overlay-gradient":""},"mobile":{"background-color":"","background-image":"","background-repeat":"repeat","background-position":"center center","background-size":"auto","background-attachment":"scroll","background-type":"","background-media":"","overlay-type":"","overlay-color":"","overlay-opacity":"","overlay-gradient":""}},"ast-content-background-meta":{"desktop":{"background-color":"var(--ast-global-color-4)","background-image":"","background-repeat":"repeat","background-position":"center center","background-size":"auto","background-attachment":"scroll","background-type":"","background-media":"","overlay-type":"","overlay-color":"","overlay-opacity":"","overlay-gradient":""},"tablet":{"background-color":"var(--ast-global-color-4)","background-image":"","background-repeat":"repeat","background-position":"center center","background-size":"auto","background-attachment":"scroll","background-type":"","background-media":"","overlay-type":"","overlay-color":"","overlay-opacity":"","overlay-gradient":""},"mobile":{"background-color":"var(--ast-global-color-4)","background-image":"","background-repeat":"repeat","background-position":"center center","background-size":"auto","background-attachment":"scroll","background-type":"","background-media":"","overlay-type":"","overlay-color":"","overlay-opacity":"","overlay-gradient":""}},"ngg_post_thumbnail":0},"pwb-brand":[],"product_brand":[27],"product_cat":[35,38],"product_tag":[57,56],"class_list":{"0":"post-759","1":"product","2":"type-product","3":"status-publish","4":"has-post-thumbnail","6":"product_brand-indian","7":"product_cat-angebot","8":"product_cat-indian","9":"product_tag-four","10":"product_tag-indian","11":"desktop-align-left","12":"tablet-align-left","13":"mobile-align-left","14":"ast-product-gallery-layout-horizontal-slider","15":"ast-product-tabs-layout-distributed","16":"ast-qv-on-image","18":"first","19":"instock","20":"shipping-taxable","21":"product-type-simple"},"brands":[],"_links":{"self":[{"href":"https:\/\/motorcycle.funpunk.ch\/en\/wp-json\/wp\/v2\/product\/759","targetHints":{"allow":["GET"]}}],"collection":[{"href":"https:\/\/motorcycle.funpunk.ch\/en\/wp-json\/wp\/v2\/product"}],"about":[{"href":"https:\/\/motorcycle.funpunk.ch\/en\/wp-json\/wp\/v2\/types\/product"}],"wp:featuredmedia":[{"embeddable":true,"href":"https:\/\/motorcycle.funpunk.ch\/en\/wp-json\/wp\/v2\/media\/760"}],"wp:attachment":[{"href":"https:\/\/motorcycle.funpunk.ch\/en\/wp-json\/wp\/v2\/media?parent=759"}],"wp:term":[{"taxonomy":"pwb-brand","embeddable":true,"href":"https:\/\/motorcycle.funpunk.ch\/en\/wp-json\/wp\/v2\/pwb-brand?post=759"},{"taxonomy":"product_brand","embeddable":true,"href":"https:\/\/motorcycle.funpunk.ch\/en\/wp-json\/wp\/v2\/product_brand?post=759"},{"taxonomy":"product_cat","embeddable":true,"href":"https:\/\/motorcycle.funpunk.ch\/en\/wp-json\/wp\/v2\/product_cat?post=759"},{"taxonomy":"product_tag","embeddable":true,"href":"https:\/\/motorcycle.funpunk.ch\/en\/wp-json\/wp\/v2\/product_tag?post=759"}],"curies":[{"name":"wp","href":"https:\/\/api.w.org\/{rel}","templated":true}]}}