{"id":765,"date":"2025-06-04T09:46:53","date_gmt":"2025-06-04T09:46:53","guid":{"rendered":"https:\/\/motorcycle.funpunk.ch\/?post_type=product&#038;p=765"},"modified":"2025-06-04T10:13:07","modified_gmt":"2025-06-04T10:13:07","slug":"indian-841-army-shaft-drive-1942","status":"publish","type":"product","link":"https:\/\/motorcycle.funpunk.ch\/en\/product\/indian-841-army-shaft-drive-1942\/","title":{"rendered":"Indian 841 Army Shaft Drive 1942"},"content":{"rendered":"<div class=\"inventar-texte\">\n<div class=\"inventar-texte\">\n<div class=\"inventar-texte\">\n<div class=\"inventar-texte\">\n<div class=\"inventar-texte\">\n<div>\n<p>Eine Rarit\u00e4t und vermutlich die einzige in der Schweiz. Die US-Army erbat von Indian und Harley-Davidson eine Kardanmaschine f\u00fcr den Einsatz in der nordafrikanischen W\u00fcste zu bauen. Harley wandte sich in Richtung des Feindes, um Ideen zu bekommen. Die BMW R11 wurde tats\u00e4chlich kopiert. Indian aber baute eine total neue Konstruktion, das Modell 841, ein ungew\u00f6hnliches Motorrad. Der Zweizylinder V-Motor wurde quer eingebaut. Einige Motorenteile stammten von der 750er Sport Scout, und zum ersten Mal ging Indian zur Fussschaltung \u00fcber. Es war so geplant, das die bessere der Maschinen in grosser St\u00fcckzahl von der Armee bestellt werden sollte. Weder die XA von Harley noch die 841 von Indian entsprachen den Vorstellungen der US-Army, welche stattdessen den Willys-Jeep als Frontfahrzeug bevorzugte. Einige Details aus der 841er Entwicklung flossen bei den Nachkriegs-Serienmodellen ein. So zum Beispiel: Gummilagerung f\u00fcr den Lenker, die Vorderradgabel sowie die Radnaben und Bremsen. Die meisten dieser wenig produzierten 841er Indian wurden nach dem Krieg auf &#8222;zivil&#8220; umgebaut und lackiert. Die 841er im urspr\u00fcnglichen Milit\u00e4rtrimm sind eine Seltenheit. Weitere Ausk\u00fcnfte und Preisangaben bei uns im Gesch\u00e4ft bei einer Besichtigung.<\/p>\n<\/div>\n<\/div>\n<\/div>\n<\/div>\n<\/div>\n<\/div>","protected":false},"excerpt":{"rendered":"<p>Preis auf Anfrage<\/p>\n<p>INDIAN 841, US-Army (Prototyp), Hubraum 750 ccm, Leistung 23 PS, Baujahr 1942 Getriebe 4-Gang mit Kardanantrieb, Rohrrahmen gefedert, Girdergabel mit Stossd\u00e4mpfer. Quer eingebauter V-Motor und Kardanantrieb.<\/p>","protected":false},"featured_media":766,"template":"","meta":{"_monsterinsights_skip_tracking":false,"_monsterinsights_sitenote_active":false,"_monsterinsights_sitenote_note":"","_monsterinsights_sitenote_category":0,"site-sidebar-layout":"default","site-content-layout":"","ast-site-content-layout":"default","site-content-style":"default","site-sidebar-style":"default","ast-global-header-display":"","ast-banner-title-visibility":"","ast-main-header-display":"","ast-hfb-above-header-display":"","ast-hfb-below-header-display":"","ast-hfb-mobile-header-display":"","site-post-title":"","ast-breadcrumbs-content":"","ast-featured-img":"","footer-sml-layout":"","theme-transparent-header-meta":"default","adv-header-id-meta":"","stick-header-meta":"default","header-above-stick-meta":"","header-main-stick-meta":"","header-below-stick-meta":"","astra-migrate-meta-layouts":"set","ast-page-background-enabled":"default","ast-page-background-meta":{"desktop":{"background-color":"var(--ast-global-color-5)","background-image":"","background-repeat":"repeat","background-position":"center center","background-size":"auto","background-attachment":"scroll","background-type":"","background-media":"","overlay-type":"","overlay-color":"","overlay-opacity":"","overlay-gradient":""},"tablet":{"background-color":"","background-image":"","background-repeat":"repeat","background-position":"center center","background-size":"auto","background-attachment":"scroll","background-type":"","background-media":"","overlay-type":"","overlay-color":"","overlay-opacity":"","overlay-gradient":""},"mobile":{"background-color":"","background-image":"","background-repeat":"repeat","background-position":"center center","background-size":"auto","background-attachment":"scroll","background-type":"","background-media":"","overlay-type":"","overlay-color":"","overlay-opacity":"","overlay-gradient":""}},"ast-content-background-meta":{"desktop":{"background-color":"var(--ast-global-color-4)","background-image":"","background-repeat":"repeat","background-position":"center center","background-size":"auto","background-attachment":"scroll","background-type":"","background-media":"","overlay-type":"","overlay-color":"","overlay-opacity":"","overlay-gradient":""},"tablet":{"background-color":"var(--ast-global-color-4)","background-image":"","background-repeat":"repeat","background-position":"center center","background-size":"auto","background-attachment":"scroll","background-type":"","background-media":"","overlay-type":"","overlay-color":"","overlay-opacity":"","overlay-gradient":""},"mobile":{"background-color":"var(--ast-global-color-4)","background-image":"","background-repeat":"repeat","background-position":"center center","background-size":"auto","background-attachment":"scroll","background-type":"","background-media":"","overlay-type":"","overlay-color":"","overlay-opacity":"","overlay-gradient":""}},"ngg_post_thumbnail":0},"pwb-brand":[],"product_brand":[27],"product_cat":[35,38],"product_tag":[57,56],"class_list":{"0":"post-765","1":"product","2":"type-product","3":"status-publish","4":"has-post-thumbnail","6":"product_brand-indian","7":"product_cat-angebot","8":"product_cat-indian","9":"product_tag-four","10":"product_tag-indian","11":"desktop-align-left","12":"tablet-align-left","13":"mobile-align-left","14":"ast-product-gallery-layout-horizontal-slider","15":"ast-product-tabs-layout-distributed","16":"ast-qv-on-image","18":"first","19":"instock","20":"shipping-taxable","21":"product-type-simple"},"brands":[],"_links":{"self":[{"href":"https:\/\/motorcycle.funpunk.ch\/en\/wp-json\/wp\/v2\/product\/765","targetHints":{"allow":["GET"]}}],"collection":[{"href":"https:\/\/motorcycle.funpunk.ch\/en\/wp-json\/wp\/v2\/product"}],"about":[{"href":"https:\/\/motorcycle.funpunk.ch\/en\/wp-json\/wp\/v2\/types\/product"}],"wp:featuredmedia":[{"embeddable":true,"href":"https:\/\/motorcycle.funpunk.ch\/en\/wp-json\/wp\/v2\/media\/766"}],"wp:attachment":[{"href":"https:\/\/motorcycle.funpunk.ch\/en\/wp-json\/wp\/v2\/media?parent=765"}],"wp:term":[{"taxonomy":"pwb-brand","embeddable":true,"href":"https:\/\/motorcycle.funpunk.ch\/en\/wp-json\/wp\/v2\/pwb-brand?post=765"},{"taxonomy":"product_brand","embeddable":true,"href":"https:\/\/motorcycle.funpunk.ch\/en\/wp-json\/wp\/v2\/product_brand?post=765"},{"taxonomy":"product_cat","embeddable":true,"href":"https:\/\/motorcycle.funpunk.ch\/en\/wp-json\/wp\/v2\/product_cat?post=765"},{"taxonomy":"product_tag","embeddable":true,"href":"https:\/\/motorcycle.funpunk.ch\/en\/wp-json\/wp\/v2\/product_tag?post=765"}],"curies":[{"name":"wp","href":"https:\/\/api.w.org\/{rel}","templated":true}]}}