{"id":785,"date":"2025-06-04T10:16:29","date_gmt":"2025-06-04T10:16:29","guid":{"rendered":"https:\/\/motorcycle.funpunk.ch\/?post_type=product&#038;p=785"},"modified":"2025-06-04T10:25:51","modified_gmt":"2025-06-04T10:25:51","slug":"indian-scout-741-daytona-bobber","status":"publish","type":"product","link":"https:\/\/motorcycle.funpunk.ch\/en\/product\/indian-scout-741-daytona-bobber\/","title":{"rendered":"Indian Scout 741 Daytona Bobber"},"content":{"rendered":"<div class=\"inventar-texte\">\n<div class=\"inventar-texte\">\n<div class=\"inventar-texte\">\n<div class=\"inventar-texte\">\n<div class=\"inventar-texte\">\n<p>Diese Indian Scout 741 Daytona Bobber wurde von uns in unserer Werkstatt total revidiert und restauriert inkl. Motor und Getriebe.<\/p>\n<p>Sie wurde als Homage an die wohl ber\u00fcmteste Indian Rennmaschine die 648 Big Base Daytona gebaut. Eine der 50 Original gebauten steht in unserem Lager.&nbsp;<\/p>\n<p>Auch das ganze Fahrwerk, Bremsen, R\u00e4der, Vergaser und die ganze Elektrik sind total revidiert. Der Benzin \/ \u00d6ltank sowie die Trittbretter und das Armaturenbrett sind aus Aluminium handgefertigt. Ebenso das Hinterradschutzblech und der Echtledersitz sind Schweizer Handarbeiten.<\/p>\n<p>Sie kann auch an historischen Rennen eingesetzt werden.<\/p>\n<p>Diese Indian Bobber wurde&nbsp;soeben verkauft worden. Es ist nicht einfach heute eine noch unrestaurierte Indian als Restaurationsprojekt&nbsp;zu finden. Die meisten sind inzwischen restauriert worden und sollten in diesem Zustand belassen und nicht als Bobber umgebaut werden.<\/p>\n<p>Vielleicht steht Ihnen ein Projekt zu Verf\u00fcgung das Sie gerne restauriert oder umgebaut h\u00e4tten. Melden Sie sich bei uns, wir stehen Ihnen gerne mit Rat und Tat zur Seite.&nbsp;<\/p>\n<p>Weitere Ausk\u00fcnfte unter Tel. +41&nbsp;(0) 62 961 0505 oder info@motorcycle.ch<\/p>\n<\/div>\n<\/div>\n<\/div>\n<\/div>\n<\/div>","protected":false},"excerpt":{"rendered":"<p>Preis je nach Ausf\u00fchrung, pers\u00f6nliche W\u00fcnsche k\u00f6nnen ber\u00fccksichtig werden.<\/p>\n<p>Diese Indian Scout 741 Daytona Bobber wurde von uns in unserer Werkstatt total revidiert und restauriert inkl. Motor und Getriebe.Sie wurde als Homage an die wohl ber\u00fcmteste Indian Rennmaschine die 648 Big Base Daytona gebaut. Eine der 50 Original gebauten steht in unserem Lager.&nbsp;<\/p>","protected":false},"featured_media":792,"template":"","meta":{"_monsterinsights_skip_tracking":false,"_monsterinsights_sitenote_active":false,"_monsterinsights_sitenote_note":"","_monsterinsights_sitenote_category":0,"site-sidebar-layout":"default","site-content-layout":"","ast-site-content-layout":"default","site-content-style":"default","site-sidebar-style":"default","ast-global-header-display":"","ast-banner-title-visibility":"","ast-main-header-display":"","ast-hfb-above-header-display":"","ast-hfb-below-header-display":"","ast-hfb-mobile-header-display":"","site-post-title":"","ast-breadcrumbs-content":"","ast-featured-img":"","footer-sml-layout":"","theme-transparent-header-meta":"default","adv-header-id-meta":"","stick-header-meta":"default","header-above-stick-meta":"","header-main-stick-meta":"","header-below-stick-meta":"","astra-migrate-meta-layouts":"set","ast-page-background-enabled":"default","ast-page-background-meta":{"desktop":{"background-color":"var(--ast-global-color-5)","background-image":"","background-repeat":"repeat","background-position":"center center","background-size":"auto","background-attachment":"scroll","background-type":"","background-media":"","overlay-type":"","overlay-color":"","overlay-opacity":"","overlay-gradient":""},"tablet":{"background-color":"","background-image":"","background-repeat":"repeat","background-position":"center center","background-size":"auto","background-attachment":"scroll","background-type":"","background-media":"","overlay-type":"","overlay-color":"","overlay-opacity":"","overlay-gradient":""},"mobile":{"background-color":"","background-image":"","background-repeat":"repeat","background-position":"center center","background-size":"auto","background-attachment":"scroll","background-type":"","background-media":"","overlay-type":"","overlay-color":"","overlay-opacity":"","overlay-gradient":""}},"ast-content-background-meta":{"desktop":{"background-color":"var(--ast-global-color-4)","background-image":"","background-repeat":"repeat","background-position":"center center","background-size":"auto","background-attachment":"scroll","background-type":"","background-media":"","overlay-type":"","overlay-color":"","overlay-opacity":"","overlay-gradient":""},"tablet":{"background-color":"var(--ast-global-color-4)","background-image":"","background-repeat":"repeat","background-position":"center center","background-size":"auto","background-attachment":"scroll","background-type":"","background-media":"","overlay-type":"","overlay-color":"","overlay-opacity":"","overlay-gradient":""},"mobile":{"background-color":"var(--ast-global-color-4)","background-image":"","background-repeat":"repeat","background-position":"center center","background-size":"auto","background-attachment":"scroll","background-type":"","background-media":"","overlay-type":"","overlay-color":"","overlay-opacity":"","overlay-gradient":""}},"ngg_post_thumbnail":0},"pwb-brand":[],"product_brand":[27],"product_cat":[35,38],"product_tag":[57,56],"class_list":{"0":"post-785","1":"product","2":"type-product","3":"status-publish","4":"has-post-thumbnail","6":"product_brand-indian","7":"product_cat-angebot","8":"product_cat-indian","9":"product_tag-four","10":"product_tag-indian","11":"desktop-align-left","12":"tablet-align-left","13":"mobile-align-left","14":"ast-product-gallery-layout-horizontal-slider","15":"ast-product-tabs-layout-distributed","16":"ast-qv-on-image","18":"first","19":"instock","20":"shipping-taxable","21":"product-type-simple"},"brands":[],"_links":{"self":[{"href":"https:\/\/motorcycle.funpunk.ch\/en\/wp-json\/wp\/v2\/product\/785","targetHints":{"allow":["GET"]}}],"collection":[{"href":"https:\/\/motorcycle.funpunk.ch\/en\/wp-json\/wp\/v2\/product"}],"about":[{"href":"https:\/\/motorcycle.funpunk.ch\/en\/wp-json\/wp\/v2\/types\/product"}],"wp:featuredmedia":[{"embeddable":true,"href":"https:\/\/motorcycle.funpunk.ch\/en\/wp-json\/wp\/v2\/media\/792"}],"wp:attachment":[{"href":"https:\/\/motorcycle.funpunk.ch\/en\/wp-json\/wp\/v2\/media?parent=785"}],"wp:term":[{"taxonomy":"pwb-brand","embeddable":true,"href":"https:\/\/motorcycle.funpunk.ch\/en\/wp-json\/wp\/v2\/pwb-brand?post=785"},{"taxonomy":"product_brand","embeddable":true,"href":"https:\/\/motorcycle.funpunk.ch\/en\/wp-json\/wp\/v2\/product_brand?post=785"},{"taxonomy":"product_cat","embeddable":true,"href":"https:\/\/motorcycle.funpunk.ch\/en\/wp-json\/wp\/v2\/product_cat?post=785"},{"taxonomy":"product_tag","embeddable":true,"href":"https:\/\/motorcycle.funpunk.ch\/en\/wp-json\/wp\/v2\/product_tag?post=785"}],"curies":[{"name":"wp","href":"https:\/\/api.w.org\/{rel}","templated":true}]}}