{"id":821,"date":"2025-06-04T11:16:40","date_gmt":"2025-06-04T11:16:40","guid":{"rendered":"https:\/\/motorcycle.funpunk.ch\/?post_type=product&#038;p=821"},"modified":"2025-06-04T11:20:39","modified_gmt":"2025-06-04T11:20:39","slug":"ace-four-1922","status":"publish","type":"product","link":"https:\/\/motorcycle.funpunk.ch\/en\/product\/ace-four-1922\/","title":{"rendered":"ACE Four 1922"},"content":{"rendered":"<div class=\"inventar-texte\">\n<p><strong>GESCHICHTE<\/strong><br \/>\nWilliam Henderson verkaufte sein ber\u00fchmtes 4-Zylinder Henderson Design 1917 an die Schwinn Company und gr\u00fcndete 1919 die ACE Motor Corporation in Philadelphia. Er baute zuerst einen 4-Zylinder Motor mit 1168 ccm, sp\u00e4ter 1229 ccm und schliesslich 1266 ccm. Trotz ihrer augenf\u00e4lligen \u00c4hnlichkeit mit der Henderson konnten keine Teile mit der ACEausge-tauscht werden. 1922 w\u00e4hrend einer Testfahrt eines neuen Modells, verunfallte er t\u00f6dlich.<\/p>\n<p>ACE holte von Excelsior seinen Bruder Thomas Henderson als Pr\u00e4sidenten und seinen ehemaligen Sch\u00fcler, Arthur Lemon, als Chefkonstrukteur. Im November 1923 zeigte der ACE Motorenpr\u00fcfstand 45 PS an.<br \/>\nAnschliessend wurde mit dem Motorrad ein inoffizieller Weltrekord von 220 km\/h aufgestellt. Sie offerierten jedem 10\u2018000. \u2013 US Dollar, der diesen Rekord schlagen w\u00fcrde. Die Summe wurde nie ausbezahlt, denn 1925 war ACE pleite.<\/p>\n<p>1927 wurde ACE an Indian in Springfield verkauft, neu Indian-ACE genannt, ab 1928 Indian-Four.<\/p>\n<\/div>","protected":false},"excerpt":{"rendered":"<p>Machen Sie ein Angebot \/ Make offer<\/p>\n<p>Diese ACE 4-Zylinder ist eine \u00e4ltere Restauration und sehr rar. Heute findet man eigentlich keine mehr auf dem Markt. Auch Ersatzteile sind&nbsp;sehr rar.<\/p>","protected":false},"featured_media":822,"template":"","meta":{"_monsterinsights_skip_tracking":false,"_monsterinsights_sitenote_active":false,"_monsterinsights_sitenote_note":"","_monsterinsights_sitenote_category":0,"site-sidebar-layout":"default","site-content-layout":"","ast-site-content-layout":"default","site-content-style":"default","site-sidebar-style":"default","ast-global-header-display":"","ast-banner-title-visibility":"","ast-main-header-display":"","ast-hfb-above-header-display":"","ast-hfb-below-header-display":"","ast-hfb-mobile-header-display":"","site-post-title":"","ast-breadcrumbs-content":"","ast-featured-img":"","footer-sml-layout":"","theme-transparent-header-meta":"default","adv-header-id-meta":"","stick-header-meta":"default","header-above-stick-meta":"","header-main-stick-meta":"","header-below-stick-meta":"","astra-migrate-meta-layouts":"set","ast-page-background-enabled":"default","ast-page-background-meta":{"desktop":{"background-color":"var(--ast-global-color-5)","background-image":"","background-repeat":"repeat","background-position":"center center","background-size":"auto","background-attachment":"scroll","background-type":"","background-media":"","overlay-type":"","overlay-color":"","overlay-opacity":"","overlay-gradient":""},"tablet":{"background-color":"","background-image":"","background-repeat":"repeat","background-position":"center center","background-size":"auto","background-attachment":"scroll","background-type":"","background-media":"","overlay-type":"","overlay-color":"","overlay-opacity":"","overlay-gradient":""},"mobile":{"background-color":"","background-image":"","background-repeat":"repeat","background-position":"center center","background-size":"auto","background-attachment":"scroll","background-type":"","background-media":"","overlay-type":"","overlay-color":"","overlay-opacity":"","overlay-gradient":""}},"ast-content-background-meta":{"desktop":{"background-color":"var(--ast-global-color-4)","background-image":"","background-repeat":"repeat","background-position":"center center","background-size":"auto","background-attachment":"scroll","background-type":"","background-media":"","overlay-type":"","overlay-color":"","overlay-opacity":"","overlay-gradient":""},"tablet":{"background-color":"var(--ast-global-color-4)","background-image":"","background-repeat":"repeat","background-position":"center center","background-size":"auto","background-attachment":"scroll","background-type":"","background-media":"","overlay-type":"","overlay-color":"","overlay-opacity":"","overlay-gradient":""},"mobile":{"background-color":"var(--ast-global-color-4)","background-image":"","background-repeat":"repeat","background-position":"center center","background-size":"auto","background-attachment":"scroll","background-type":"","background-media":"","overlay-type":"","overlay-color":"","overlay-opacity":"","overlay-gradient":""}},"ngg_post_thumbnail":0},"pwb-brand":[],"product_brand":[59],"product_cat":[35,42],"product_tag":[44],"class_list":{"0":"post-821","1":"product","2":"type-product","3":"status-publish","4":"has-post-thumbnail","6":"product_brand-ace","7":"product_cat-angebot","8":"product_cat-classics","9":"product_tag-cleveland","10":"desktop-align-left","11":"tablet-align-left","12":"mobile-align-left","13":"ast-product-gallery-layout-horizontal-slider","14":"ast-product-tabs-layout-distributed","15":"ast-qv-on-image","17":"first","18":"instock","19":"virtual","20":"product-type-simple"},"brands":[],"_links":{"self":[{"href":"https:\/\/motorcycle.funpunk.ch\/en\/wp-json\/wp\/v2\/product\/821","targetHints":{"allow":["GET"]}}],"collection":[{"href":"https:\/\/motorcycle.funpunk.ch\/en\/wp-json\/wp\/v2\/product"}],"about":[{"href":"https:\/\/motorcycle.funpunk.ch\/en\/wp-json\/wp\/v2\/types\/product"}],"wp:featuredmedia":[{"embeddable":true,"href":"https:\/\/motorcycle.funpunk.ch\/en\/wp-json\/wp\/v2\/media\/822"}],"wp:attachment":[{"href":"https:\/\/motorcycle.funpunk.ch\/en\/wp-json\/wp\/v2\/media?parent=821"}],"wp:term":[{"taxonomy":"pwb-brand","embeddable":true,"href":"https:\/\/motorcycle.funpunk.ch\/en\/wp-json\/wp\/v2\/pwb-brand?post=821"},{"taxonomy":"product_brand","embeddable":true,"href":"https:\/\/motorcycle.funpunk.ch\/en\/wp-json\/wp\/v2\/product_brand?post=821"},{"taxonomy":"product_cat","embeddable":true,"href":"https:\/\/motorcycle.funpunk.ch\/en\/wp-json\/wp\/v2\/product_cat?post=821"},{"taxonomy":"product_tag","embeddable":true,"href":"https:\/\/motorcycle.funpunk.ch\/en\/wp-json\/wp\/v2\/product_tag?post=821"}],"curies":[{"name":"wp","href":"https:\/\/api.w.org\/{rel}","templated":true}]}}