{"id":887,"date":"2025-06-04T14:41:10","date_gmt":"2025-06-04T14:41:10","guid":{"rendered":"https:\/\/motorcycle.funpunk.ch\/?post_type=product&#038;p=887"},"modified":"2025-06-19T13:02:15","modified_gmt":"2025-06-19T13:02:15","slug":"bmw-cat-kneeler-1962","status":"publish","type":"product","link":"https:\/\/motorcycle.funpunk.ch\/en\/product\/bmw-cat-kneeler-1962\/","title":{"rendered":"BMW CAT Kneeler 1962"},"content":{"rendered":"<div class=\"inventar-texte\">\n<div class=\"inventar-texte\">\n<div class=\"inventar-texte\">\n<div class=\"inventar-texte\">\n<div class=\"inventar-texte\">\n<p>Diese Gespann wurde von Schweizermeister 1965 H\u00e4nni \/ B\u00e4rfuss erfolgreich in den 60er Jahren gefahren. Sp\u00e4ter fast ebenso erfolgreich bei historischen Rennen von L\u00fcchinger Classic Motors AG eingesetzt mit verschiedenen Fahrer wie Hans H\u00e4nni (Schweizermeister), Mike Zimmerlin (Schweizermeister Historisch),&nbsp;Alex L\u00fcchinger, Adrian B\u00e4hler und Beifahrer Adrian L\u00fcchinger, Marlene und Alex L\u00fcchinger<\/p>\n<\/div>\n<\/div>\n<\/div>\n<\/div>\n<\/div>","protected":false},"excerpt":{"rendered":"<p>Preis: Machen Sie ein Angebot \/ Make offer<\/p>\n<p>BMW CAT Kneeler, Seitenwagengespann, 1962, 500 ccm<\/p>","protected":false},"featured_media":888,"template":"","meta":{"_monsterinsights_skip_tracking":false,"_monsterinsights_sitenote_active":false,"_monsterinsights_sitenote_note":"","_monsterinsights_sitenote_category":0,"site-sidebar-layout":"default","site-content-layout":"","ast-site-content-layout":"default","site-content-style":"default","site-sidebar-style":"default","ast-global-header-display":"","ast-banner-title-visibility":"","ast-main-header-display":"","ast-hfb-above-header-display":"","ast-hfb-below-header-display":"","ast-hfb-mobile-header-display":"","site-post-title":"","ast-breadcrumbs-content":"","ast-featured-img":"","footer-sml-layout":"","theme-transparent-header-meta":"default","adv-header-id-meta":"","stick-header-meta":"default","header-above-stick-meta":"","header-main-stick-meta":"","header-below-stick-meta":"","astra-migrate-meta-layouts":"set","ast-page-background-enabled":"default","ast-page-background-meta":{"desktop":{"background-color":"var(--ast-global-color-5)","background-image":"","background-repeat":"repeat","background-position":"center center","background-size":"auto","background-attachment":"scroll","background-type":"","background-media":"","overlay-type":"","overlay-color":"","overlay-opacity":"","overlay-gradient":""},"tablet":{"background-color":"","background-image":"","background-repeat":"repeat","background-position":"center center","background-size":"auto","background-attachment":"scroll","background-type":"","background-media":"","overlay-type":"","overlay-color":"","overlay-opacity":"","overlay-gradient":""},"mobile":{"background-color":"","background-image":"","background-repeat":"repeat","background-position":"center center","background-size":"auto","background-attachment":"scroll","background-type":"","background-media":"","overlay-type":"","overlay-color":"","overlay-opacity":"","overlay-gradient":""}},"ast-content-background-meta":{"desktop":{"background-color":"var(--ast-global-color-4)","background-image":"","background-repeat":"repeat","background-position":"center center","background-size":"auto","background-attachment":"scroll","background-type":"","background-media":"","overlay-type":"","overlay-color":"","overlay-opacity":"","overlay-gradient":""},"tablet":{"background-color":"var(--ast-global-color-4)","background-image":"","background-repeat":"repeat","background-position":"center center","background-size":"auto","background-attachment":"scroll","background-type":"","background-media":"","overlay-type":"","overlay-color":"","overlay-opacity":"","overlay-gradient":""},"mobile":{"background-color":"var(--ast-global-color-4)","background-image":"","background-repeat":"repeat","background-position":"center center","background-size":"auto","background-attachment":"scroll","background-type":"","background-media":"","overlay-type":"","overlay-color":"","overlay-opacity":"","overlay-gradient":""}},"ngg_post_thumbnail":0},"pwb-brand":[],"product_brand":[64],"product_cat":[35,47],"product_tag":[45,63],"class_list":{"0":"post-887","1":"product","2":"type-product","3":"status-publish","4":"has-post-thumbnail","6":"product_brand-bmw","7":"product_cat-angebot","8":"product_cat-racers","9":"product_tag-harley-davidson","10":"product_tag-top-fuel-dragster","11":"desktop-align-left","12":"tablet-align-left","13":"mobile-align-left","14":"ast-product-gallery-layout-horizontal-slider","15":"ast-product-tabs-layout-distributed","16":"ast-qv-on-image","18":"first","19":"instock","20":"virtual","21":"product-type-simple"},"brands":[],"_links":{"self":[{"href":"https:\/\/motorcycle.funpunk.ch\/en\/wp-json\/wp\/v2\/product\/887","targetHints":{"allow":["GET"]}}],"collection":[{"href":"https:\/\/motorcycle.funpunk.ch\/en\/wp-json\/wp\/v2\/product"}],"about":[{"href":"https:\/\/motorcycle.funpunk.ch\/en\/wp-json\/wp\/v2\/types\/product"}],"wp:featuredmedia":[{"embeddable":true,"href":"https:\/\/motorcycle.funpunk.ch\/en\/wp-json\/wp\/v2\/media\/888"}],"wp:attachment":[{"href":"https:\/\/motorcycle.funpunk.ch\/en\/wp-json\/wp\/v2\/media?parent=887"}],"wp:term":[{"taxonomy":"pwb-brand","embeddable":true,"href":"https:\/\/motorcycle.funpunk.ch\/en\/wp-json\/wp\/v2\/pwb-brand?post=887"},{"taxonomy":"product_brand","embeddable":true,"href":"https:\/\/motorcycle.funpunk.ch\/en\/wp-json\/wp\/v2\/product_brand?post=887"},{"taxonomy":"product_cat","embeddable":true,"href":"https:\/\/motorcycle.funpunk.ch\/en\/wp-json\/wp\/v2\/product_cat?post=887"},{"taxonomy":"product_tag","embeddable":true,"href":"https:\/\/motorcycle.funpunk.ch\/en\/wp-json\/wp\/v2\/product_tag?post=887"}],"curies":[{"name":"wp","href":"https:\/\/api.w.org\/{rel}","templated":true}]}}