{"id":911,"date":"2025-06-04T14:47:55","date_gmt":"2025-06-04T14:47:55","guid":{"rendered":"https:\/\/motorcycle.funpunk.ch\/?post_type=product&#038;p=911"},"modified":"2025-06-04T14:52:47","modified_gmt":"2025-06-04T14:52:47","slug":"indian-648-daytona-big-base-sport-scout-racer-1948","status":"publish","type":"product","link":"https:\/\/motorcycle.funpunk.ch\/en\/product\/indian-648-daytona-big-base-sport-scout-racer-1948\/","title":{"rendered":"Indian 648 Daytona &#8222;Big Base&#8220; Sport Scout Racer 1948"},"content":{"rendered":"<div class=\"inventar-texte\">\n<div class=\"inventar-texte\">\n<div class=\"inventar-texte\">\n<p><strong>GESCHICHTE<\/strong><br \/>\nTrotz der vielen Rennerfolge der Indian Sports Scout Modelle in den 30er und 40er Jahren beendete Indian diese Serie mit der Herstellung von nur 50 Exemplaren der 648 Daytona Sport Scout. Mindestens 50 Exemplare m\u00fcssen produziert werden um die Homologation (Zulassung) f\u00fcr diverse Rennen zu erlangen.<\/p>\n<p>Die Kurbelwellen Hubscheiben waren schmaler und aus Stahl und nicht mehr aus Gusseisen gefertigt. Die Nockenwellen wurden ge\u00e4ndert unter anderem auch, um die grosse Chief Aluminium \u00d6lpumpe anzutreiben. Die Kolben waren h\u00f6her und die Brennr\u00e4ume wurden modifiziert. Das Kurbelgeh\u00e4use hatte hinten einen angegossenen \u00d6lsumpf, was bei den Spezialisten den Namen \u201eBig Base\u201c einbrachte. Der Edison Rennmagnet wurde von der \u00d6lpumpe angetrieben.<\/p>\n<p>In der Indian Versuchsabteilung bauten drei Konstrukteure diese 50 \u201eBig Base\u201c Scouts und gewannen zweimal 1947 und 1948 das 200 Meilen Rennen von Daytona. F\u00fcr diese Langstreckenrennen wurden auch spezielle \u00d6ltanks wie bei der Harley WR konstruiert, um gen\u00fcgend \u00d6l und Benzin mitf\u00fchren zu k\u00f6nnen.<\/p>\n<p><strong>1948 Indian Big Base Scout 45ci. Factory Racer<\/strong><\/p>\n<p><strong>Experts say there were two batches of Big Base engines ever produced.&nbsp; The initial batch was run before the war in 1939 and the 648 Big Base engines appeared in 1948.&nbsp; In appearance, Big Base crankcases were similar to standard Sport Scout units.&nbsp; The Indian \u201cBig Base\u201d Scout engine was a special race-only engine that incorporated some secrets learned on the track and put them in play for pre-World War II and early post War racing eras which kept Indian competitive against its rival, Harley Davidson.&nbsp; The Scouts were ridden to many wins by Indian Wrecking Crew riders Bobbie Hill, Bill Tuman and Ernie Beckman. Earlier, in 1948, Floyd Emde won the Daytona 200 on a 648 Big Base. This very nice example has been in mine collection for over 30 years and sports an original 648 Big Base motor, light weight Racing frame, Edison magneto, Good Year tires and Flanders style handlebars. This bike will be a headliner in any motorcycle collection or would be a front runner in any vintage dirt track race, such as the popular &#8222;Race of the Gentlemen&#8220; or Vintage Road Race !<\/strong><\/p>\n<\/div>\n<\/div>\n<\/div>","protected":false},"excerpt":{"rendered":"<p>Preis: machen Sie ein Angebot \/ make offer<\/p>\n<p>Diese 648 \u201eBig Base\u201c ist eine von nur 50 gebauten Daytona Sport Scout und sicher die Einzige in der Schweiz. Das Motorrad ist zum Teil erstlackiert. Diese Indian Rennmaschine liessen den Harleys keine Chancen mehr, die bis anhin die Rennszene dominierten.<\/p>\n<p>Getriebe 3-Gang, Handschaltung, Starrrahmen und Trapezgabel, Edison Rennmagnet<\/p>","protected":false},"featured_media":913,"template":"","meta":{"_monsterinsights_skip_tracking":false,"_monsterinsights_sitenote_active":false,"_monsterinsights_sitenote_note":"","_monsterinsights_sitenote_category":0,"site-sidebar-layout":"default","site-content-layout":"","ast-site-content-layout":"default","site-content-style":"default","site-sidebar-style":"default","ast-global-header-display":"","ast-banner-title-visibility":"","ast-main-header-display":"","ast-hfb-above-header-display":"","ast-hfb-below-header-display":"","ast-hfb-mobile-header-display":"","site-post-title":"","ast-breadcrumbs-content":"","ast-featured-img":"","footer-sml-layout":"","theme-transparent-header-meta":"default","adv-header-id-meta":"","stick-header-meta":"default","header-above-stick-meta":"","header-main-stick-meta":"","header-below-stick-meta":"","astra-migrate-meta-layouts":"set","ast-page-background-enabled":"default","ast-page-background-meta":{"desktop":{"background-color":"var(--ast-global-color-5)","background-image":"","background-repeat":"repeat","background-position":"center center","background-size":"auto","background-attachment":"scroll","background-type":"","background-media":"","overlay-type":"","overlay-color":"","overlay-opacity":"","overlay-gradient":""},"tablet":{"background-color":"","background-image":"","background-repeat":"repeat","background-position":"center center","background-size":"auto","background-attachment":"scroll","background-type":"","background-media":"","overlay-type":"","overlay-color":"","overlay-opacity":"","overlay-gradient":""},"mobile":{"background-color":"","background-image":"","background-repeat":"repeat","background-position":"center center","background-size":"auto","background-attachment":"scroll","background-type":"","background-media":"","overlay-type":"","overlay-color":"","overlay-opacity":"","overlay-gradient":""}},"ast-content-background-meta":{"desktop":{"background-color":"var(--ast-global-color-4)","background-image":"","background-repeat":"repeat","background-position":"center center","background-size":"auto","background-attachment":"scroll","background-type":"","background-media":"","overlay-type":"","overlay-color":"","overlay-opacity":"","overlay-gradient":""},"tablet":{"background-color":"var(--ast-global-color-4)","background-image":"","background-repeat":"repeat","background-position":"center center","background-size":"auto","background-attachment":"scroll","background-type":"","background-media":"","overlay-type":"","overlay-color":"","overlay-opacity":"","overlay-gradient":""},"mobile":{"background-color":"var(--ast-global-color-4)","background-image":"","background-repeat":"repeat","background-position":"center center","background-size":"auto","background-attachment":"scroll","background-type":"","background-media":"","overlay-type":"","overlay-color":"","overlay-opacity":"","overlay-gradient":""}},"ngg_post_thumbnail":0},"pwb-brand":[],"product_brand":[27],"product_cat":[35,38,47],"product_tag":[56,65],"class_list":{"0":"post-911","1":"product","2":"type-product","3":"status-publish","4":"has-post-thumbnail","6":"product_brand-indian","7":"product_cat-angebot","8":"product_cat-indian","9":"product_cat-racers","10":"product_tag-indian","11":"product_tag-sport-scout-racer","12":"desktop-align-left","13":"tablet-align-left","14":"mobile-align-left","15":"ast-product-gallery-layout-horizontal-slider","16":"ast-product-tabs-layout-distributed","17":"ast-qv-on-image","19":"first","20":"instock","21":"shipping-taxable","22":"product-type-simple"},"brands":[],"_links":{"self":[{"href":"https:\/\/motorcycle.funpunk.ch\/en\/wp-json\/wp\/v2\/product\/911","targetHints":{"allow":["GET"]}}],"collection":[{"href":"https:\/\/motorcycle.funpunk.ch\/en\/wp-json\/wp\/v2\/product"}],"about":[{"href":"https:\/\/motorcycle.funpunk.ch\/en\/wp-json\/wp\/v2\/types\/product"}],"wp:featuredmedia":[{"embeddable":true,"href":"https:\/\/motorcycle.funpunk.ch\/en\/wp-json\/wp\/v2\/media\/913"}],"wp:attachment":[{"href":"https:\/\/motorcycle.funpunk.ch\/en\/wp-json\/wp\/v2\/media?parent=911"}],"wp:term":[{"taxonomy":"pwb-brand","embeddable":true,"href":"https:\/\/motorcycle.funpunk.ch\/en\/wp-json\/wp\/v2\/pwb-brand?post=911"},{"taxonomy":"product_brand","embeddable":true,"href":"https:\/\/motorcycle.funpunk.ch\/en\/wp-json\/wp\/v2\/product_brand?post=911"},{"taxonomy":"product_cat","embeddable":true,"href":"https:\/\/motorcycle.funpunk.ch\/en\/wp-json\/wp\/v2\/product_cat?post=911"},{"taxonomy":"product_tag","embeddable":true,"href":"https:\/\/motorcycle.funpunk.ch\/en\/wp-json\/wp\/v2\/product_tag?post=911"}],"curies":[{"name":"wp","href":"https:\/\/api.w.org\/{rel}","templated":true}]}}