{"id":915,"date":"2025-06-04T14:55:08","date_gmt":"2025-06-04T14:55:08","guid":{"rendered":"https:\/\/motorcycle.funpunk.ch\/?post_type=product&#038;p=915"},"modified":"2025-06-04T14:59:07","modified_gmt":"2025-06-04T14:59:07","slug":"harley-davidson-wr-750-produktion-flat-track-racer","status":"publish","type":"product","link":"https:\/\/motorcycle.funpunk.ch\/en\/product\/harley-davidson-wr-750-produktion-flat-track-racer\/","title":{"rendered":"Harley Davidson WR 750 Produktion Flat Track Racer"},"content":{"rendered":"<div class=\"inventar-texte\">\n<div class=\"inventar-texte\">\n<div class=\"inventar-texte\">\n<div class=\"inventar-texte\">\n<div class=\"inventar-texte\">\n<div class=\"inventar-texte\">\n<div>\n<p>Diese Rennmaschine kommt aus dem Stall der George Brothers in den USA, sieben Br\u00fcder, deren Vater ihnen mit seinem Caterpillar f\u00fcr sie eine private Rennstrecke ums Haus grub. Matt George gewann damit das Flat-Track-Rennen in Davenport \/ Iowa. Ab dem Rennplatz gekauft und mit beinahe warmem Motor in die Schweiz zu uns verschifft, mit viel Rennzubeh\u00f6r und div. \u00dcbersetzungen.<\/p>\n<p>Getriebe 3-Gang, Handschaltung, Chrom-Molybd\u00e4n Starrahmen mit Federgabel, Schmale Tanks (links Benzin, rechts \u00d6l), keine Bremsanlage, (k\u00f6nnte mit Radwechseln eingebaut werden). Alufelgen, Wico Rennmagnet.<\/p>\n<\/div>\n<\/div>\n<\/div>\n<\/div>\n<\/div>\n<\/div>\n<\/div>","protected":false},"excerpt":{"rendered":"<p>Preis: Machen Sie ein Angebot \/ Make offer<\/p>\n<p>HARLEY-DAVIDSON Flat Track Racer, 750 ccm, 1949<\/p>","protected":false},"featured_media":916,"template":"","meta":{"_monsterinsights_skip_tracking":false,"_monsterinsights_sitenote_active":false,"_monsterinsights_sitenote_note":"","_monsterinsights_sitenote_category":0,"site-sidebar-layout":"default","site-content-layout":"","ast-site-content-layout":"default","site-content-style":"default","site-sidebar-style":"default","ast-global-header-display":"","ast-banner-title-visibility":"","ast-main-header-display":"","ast-hfb-above-header-display":"","ast-hfb-below-header-display":"","ast-hfb-mobile-header-display":"","site-post-title":"","ast-breadcrumbs-content":"","ast-featured-img":"","footer-sml-layout":"","theme-transparent-header-meta":"default","adv-header-id-meta":"","stick-header-meta":"default","header-above-stick-meta":"","header-main-stick-meta":"","header-below-stick-meta":"","astra-migrate-meta-layouts":"set","ast-page-background-enabled":"default","ast-page-background-meta":{"desktop":{"background-color":"var(--ast-global-color-5)","background-image":"","background-repeat":"repeat","background-position":"center center","background-size":"auto","background-attachment":"scroll","background-type":"","background-media":"","overlay-type":"","overlay-color":"","overlay-opacity":"","overlay-gradient":""},"tablet":{"background-color":"","background-image":"","background-repeat":"repeat","background-position":"center center","background-size":"auto","background-attachment":"scroll","background-type":"","background-media":"","overlay-type":"","overlay-color":"","overlay-opacity":"","overlay-gradient":""},"mobile":{"background-color":"","background-image":"","background-repeat":"repeat","background-position":"center center","background-size":"auto","background-attachment":"scroll","background-type":"","background-media":"","overlay-type":"","overlay-color":"","overlay-opacity":"","overlay-gradient":""}},"ast-content-background-meta":{"desktop":{"background-color":"var(--ast-global-color-4)","background-image":"","background-repeat":"repeat","background-position":"center center","background-size":"auto","background-attachment":"scroll","background-type":"","background-media":"","overlay-type":"","overlay-color":"","overlay-opacity":"","overlay-gradient":""},"tablet":{"background-color":"var(--ast-global-color-4)","background-image":"","background-repeat":"repeat","background-position":"center center","background-size":"auto","background-attachment":"scroll","background-type":"","background-media":"","overlay-type":"","overlay-color":"","overlay-opacity":"","overlay-gradient":""},"mobile":{"background-color":"var(--ast-global-color-4)","background-image":"","background-repeat":"repeat","background-position":"center center","background-size":"auto","background-attachment":"scroll","background-type":"","background-media":"","overlay-type":"","overlay-color":"","overlay-opacity":"","overlay-gradient":""}},"ngg_post_thumbnail":0},"pwb-brand":[],"product_brand":[21],"product_cat":[35,37,47],"product_tag":[66,45],"class_list":{"0":"post-915","1":"product","2":"type-product","3":"status-publish","4":"has-post-thumbnail","6":"product_brand-harley-davidson","7":"product_cat-angebot","8":"product_cat-harley-davidson","9":"product_cat-racers","10":"product_tag-flat-track-racer","11":"product_tag-harley-davidson","12":"desktop-align-left","13":"tablet-align-left","14":"mobile-align-left","15":"ast-product-gallery-layout-horizontal-slider","16":"ast-product-gallery-with-no-image","17":"ast-product-tabs-layout-distributed","18":"ast-qv-on-image","20":"first","21":"instock","22":"virtual","23":"product-type-simple"},"brands":[],"_links":{"self":[{"href":"https:\/\/motorcycle.funpunk.ch\/en\/wp-json\/wp\/v2\/product\/915","targetHints":{"allow":["GET"]}}],"collection":[{"href":"https:\/\/motorcycle.funpunk.ch\/en\/wp-json\/wp\/v2\/product"}],"about":[{"href":"https:\/\/motorcycle.funpunk.ch\/en\/wp-json\/wp\/v2\/types\/product"}],"wp:featuredmedia":[{"embeddable":true,"href":"https:\/\/motorcycle.funpunk.ch\/en\/wp-json\/wp\/v2\/media\/916"}],"wp:attachment":[{"href":"https:\/\/motorcycle.funpunk.ch\/en\/wp-json\/wp\/v2\/media?parent=915"}],"wp:term":[{"taxonomy":"pwb-brand","embeddable":true,"href":"https:\/\/motorcycle.funpunk.ch\/en\/wp-json\/wp\/v2\/pwb-brand?post=915"},{"taxonomy":"product_brand","embeddable":true,"href":"https:\/\/motorcycle.funpunk.ch\/en\/wp-json\/wp\/v2\/product_brand?post=915"},{"taxonomy":"product_cat","embeddable":true,"href":"https:\/\/motorcycle.funpunk.ch\/en\/wp-json\/wp\/v2\/product_cat?post=915"},{"taxonomy":"product_tag","embeddable":true,"href":"https:\/\/motorcycle.funpunk.ch\/en\/wp-json\/wp\/v2\/product_tag?post=915"}],"curies":[{"name":"wp","href":"https:\/\/api.w.org\/{rel}","templated":true}]}}