{"id":927,"date":"2025-06-05T06:30:49","date_gmt":"2025-06-05T06:30:49","guid":{"rendered":"https:\/\/motorcycle.funpunk.ch\/?post_type=product&#038;p=927"},"modified":"2025-06-05T06:45:36","modified_gmt":"2025-06-05T06:45:36","slug":"indian-four-1940-red","status":"publish","type":"product","link":"https:\/\/motorcycle.funpunk.ch\/en\/product\/indian-four-1940-red\/","title":{"rendered":"Indian Four 1940 red"},"content":{"rendered":"<div class=\"inventar-texte\">\n<div class=\"inventar-texte\">\n<p>Geschichte:<br \/>\n1940 folgten Hinterradfederung und die grossen Schutzbleche mit seitlichen Radabdeckungen, wie sie gleichzeitig auch an der Chief eingef\u00fchrt wurden. Der Motor war derselbe wie er 1938 fertig entwickelt wurde. Selten sah ein Motorrad so gelungen und perfekt aus wie die letzten Indian Four. Die Modell Reihen 1940 bis 1942 werden heute die Duesenberg\u2018s der Motor\u00e4der genannt und erzielen unter Liebhabern Spitzenpreise. Heute geh\u00f6ren diese Indian Four zu den gesuchtesten Rarit\u00e4ten.<\/p>\n<p>In den letzten Baujahren, 1940 bis 1942 (Indian Four mit grossen Schutzblechen) kostete eine 4-Zylinder Indian gleich viel wie ein Buick V8, und dies war sicher kein g\u00fcnstiges Auto.<\/p>\n<p>Sie wurde ab Service und MFK mit Veteranenstatus verkauft<\/p>\n<\/div>\n<\/div>","protected":false},"excerpt":{"rendered":"<p>Verkauft\/Sold<\/p>\n<p>Diese 4- Zylinder Indian mit 1265 ccm, Baujahr 1940 ist total revidiert und restauriert in einer der vielen damals angebotenen DuPont Lackierungen. Sie ist seit den 80er Jahren in der Schweiz bei einem bekannten Restaurator und wurde von Ihm \u00fcber all die Jahre liebevoll gehegt, gepflegt und auch gefahren. Sie ist mit diversem Original Zubeh\u00f6r ausgestattet, wie zum Beispiel Soziussitz, Chromb\u00fcgel, Zierleisten und den ab 1940 zu ersten mal angebotenen 16&#8243; R\u00e4der.<\/p>","protected":false},"featured_media":956,"template":"","meta":{"_monsterinsights_skip_tracking":false,"_monsterinsights_sitenote_active":false,"_monsterinsights_sitenote_note":"","_monsterinsights_sitenote_category":0,"site-sidebar-layout":"default","site-content-layout":"","ast-site-content-layout":"default","site-content-style":"default","site-sidebar-style":"default","ast-global-header-display":"","ast-banner-title-visibility":"","ast-main-header-display":"","ast-hfb-above-header-display":"","ast-hfb-below-header-display":"","ast-hfb-mobile-header-display":"","site-post-title":"","ast-breadcrumbs-content":"","ast-featured-img":"","footer-sml-layout":"","theme-transparent-header-meta":"default","adv-header-id-meta":"","stick-header-meta":"default","header-above-stick-meta":"","header-main-stick-meta":"","header-below-stick-meta":"","astra-migrate-meta-layouts":"set","ast-page-background-enabled":"default","ast-page-background-meta":{"desktop":{"background-color":"var(--ast-global-color-5)","background-image":"","background-repeat":"repeat","background-position":"center center","background-size":"auto","background-attachment":"scroll","background-type":"","background-media":"","overlay-type":"","overlay-color":"","overlay-opacity":"","overlay-gradient":""},"tablet":{"background-color":"","background-image":"","background-repeat":"repeat","background-position":"center center","background-size":"auto","background-attachment":"scroll","background-type":"","background-media":"","overlay-type":"","overlay-color":"","overlay-opacity":"","overlay-gradient":""},"mobile":{"background-color":"","background-image":"","background-repeat":"repeat","background-position":"center center","background-size":"auto","background-attachment":"scroll","background-type":"","background-media":"","overlay-type":"","overlay-color":"","overlay-opacity":"","overlay-gradient":""}},"ast-content-background-meta":{"desktop":{"background-color":"var(--ast-global-color-4)","background-image":"","background-repeat":"repeat","background-position":"center center","background-size":"auto","background-attachment":"scroll","background-type":"","background-media":"","overlay-type":"","overlay-color":"","overlay-opacity":"","overlay-gradient":""},"tablet":{"background-color":"var(--ast-global-color-4)","background-image":"","background-repeat":"repeat","background-position":"center center","background-size":"auto","background-attachment":"scroll","background-type":"","background-media":"","overlay-type":"","overlay-color":"","overlay-opacity":"","overlay-gradient":""},"mobile":{"background-color":"var(--ast-global-color-4)","background-image":"","background-repeat":"repeat","background-position":"center center","background-size":"auto","background-attachment":"scroll","background-type":"","background-media":"","overlay-type":"","overlay-color":"","overlay-opacity":"","overlay-gradient":""}},"ngg_post_thumbnail":0},"pwb-brand":[],"product_brand":[27],"product_cat":[40,69],"product_tag":[57,56],"class_list":{"0":"post-927","1":"product","2":"type-product","3":"status-publish","4":"has-post-thumbnail","6":"product_brand-indian","7":"product_cat-archiv","8":"product_cat-indian-archiv","9":"product_tag-four","10":"product_tag-indian","11":"desktop-align-left","12":"tablet-align-left","13":"mobile-align-left","14":"ast-product-gallery-layout-horizontal-slider","15":"ast-product-gallery-with-no-image","16":"ast-product-tabs-layout-distributed","17":"ast-qv-on-image","19":"first","20":"instock","21":"shipping-taxable","22":"product-type-simple"},"brands":[],"_links":{"self":[{"href":"https:\/\/motorcycle.funpunk.ch\/en\/wp-json\/wp\/v2\/product\/927","targetHints":{"allow":["GET"]}}],"collection":[{"href":"https:\/\/motorcycle.funpunk.ch\/en\/wp-json\/wp\/v2\/product"}],"about":[{"href":"https:\/\/motorcycle.funpunk.ch\/en\/wp-json\/wp\/v2\/types\/product"}],"wp:featuredmedia":[{"embeddable":true,"href":"https:\/\/motorcycle.funpunk.ch\/en\/wp-json\/wp\/v2\/media\/956"}],"wp:attachment":[{"href":"https:\/\/motorcycle.funpunk.ch\/en\/wp-json\/wp\/v2\/media?parent=927"}],"wp:term":[{"taxonomy":"pwb-brand","embeddable":true,"href":"https:\/\/motorcycle.funpunk.ch\/en\/wp-json\/wp\/v2\/pwb-brand?post=927"},{"taxonomy":"product_brand","embeddable":true,"href":"https:\/\/motorcycle.funpunk.ch\/en\/wp-json\/wp\/v2\/product_brand?post=927"},{"taxonomy":"product_cat","embeddable":true,"href":"https:\/\/motorcycle.funpunk.ch\/en\/wp-json\/wp\/v2\/product_cat?post=927"},{"taxonomy":"product_tag","embeddable":true,"href":"https:\/\/motorcycle.funpunk.ch\/en\/wp-json\/wp\/v2\/product_tag?post=927"}],"curies":[{"name":"wp","href":"https:\/\/api.w.org\/{rel}","templated":true}]}}